{"id":5909,"date":"2017-10-31T11:45:49","date_gmt":"2017-10-31T10:45:49","guid":{"rendered":"http:\/\/www.gcaudron.com\/?page_id=5909"},"modified":"2017-10-31T11:45:49","modified_gmt":"2017-10-31T10:45:49","slug":"trautmann-catherine","status":"publish","type":"page","link":"http:\/\/www.gcaudron.com\/?page_id=5909","title":{"rendered":"TRAUTMANN CATHERINE"},"content":{"rendered":"<p>Professeur de th\u00e9ologie, Premi\u00e8re Maire socialiste femme de Strasbourg, D\u00e9put\u00e9e europ\u00e9enne, au demeurant peu pr\u00e9sente malgr\u00e9 sa proximit\u00e9 g\u00e9ographique, Ministre de la Culture mal-\u00e0-l\u2019aise et incomprise d\u2019un milieu dont elle n\u2019\u00e9tait pas, elle a su retrouver gr\u00e2ce \u00e0 la vague rose de 2004 un poste de d\u00e9put\u00e9e europ\u00e9enne apr\u00e8s avoir \u00e9chou\u00e9 \u00e0 Strasbourg lors des \u00e9lections pr\u00e9c\u00e9dentes.<\/p>\n<p>&nbsp;<\/p>\n<p>Elle fait partie de ces femmes politiques d\u2019aujourd\u2019hui au cuir tann\u00e9 par des ann\u00e9es de bataille contre un machisme qui reste dominant et gr\u00e2ce \u00e0 cela, finalement, elle ne s\u2019en sort pas trop mal par rapport \u00e0 d\u2019autres\u2026<\/p>\n","protected":false},"excerpt":{"rendered":"<p>Professeur de th\u00e9ologie, Premi\u00e8re Maire socialiste femme de Strasbourg, D\u00e9put\u00e9e europ\u00e9enne, au demeurant peu pr\u00e9sente malgr\u00e9 sa proximit\u00e9 g\u00e9ographique, Ministre de la Culture mal-\u00e0-l\u2019aise et incomprise d\u2019un milieu dont elle n\u2019\u00e9tait pas, elle a su retrouver gr\u00e2ce \u00e0 la vague rose de 2004 un poste de d\u00e9put\u00e9e europ\u00e9enne apr\u00e8s avoir \u00e9chou\u00e9 \u00e0 Strasbourg lors des &hellip; <\/p>\n<p><a class=\"more-link btn\" href=\"http:\/\/www.gcaudron.com\/?page_id=5909\">Continue reading<\/a><\/p>\n","protected":false},"author":3,"featured_media":0,"parent":1021,"menu_order":123,"comment_status":"closed","ping_status":"closed","template":"","meta":{"footnotes":""},"class_list":["post-5909","page","type-page","status-publish","hentry","nodate","item-wrap"],"_links":{"self":[{"href":"http:\/\/www.gcaudron.com\/index.php?rest_route=\/wp\/v2\/pages\/5909","targetHints":{"allow":["GET"]}}],"collection":[{"href":"http:\/\/www.gcaudron.com\/index.php?rest_route=\/wp\/v2\/pages"}],"about":[{"href":"http:\/\/www.gcaudron.com\/index.php?rest_route=\/wp\/v2\/types\/page"}],"author":[{"embeddable":true,"href":"http:\/\/www.gcaudron.com\/index.php?rest_route=\/wp\/v2\/users\/3"}],"replies":[{"embeddable":true,"href":"http:\/\/www.gcaudron.com\/index.php?rest_route=%2Fwp%2Fv2%2Fcomments&post=5909"}],"version-history":[{"count":1,"href":"http:\/\/www.gcaudron.com\/index.php?rest_route=\/wp\/v2\/pages\/5909\/revisions"}],"predecessor-version":[{"id":5910,"href":"http:\/\/www.gcaudron.com\/index.php?rest_route=\/wp\/v2\/pages\/5909\/revisions\/5910"}],"up":[{"embeddable":true,"href":"http:\/\/www.gcaudron.com\/index.php?rest_route=\/wp\/v2\/pages\/1021"}],"wp:attachment":[{"href":"http:\/\/www.gcaudron.com\/index.php?rest_route=%2Fwp%2Fv2%2Fmedia&parent=5909"}],"curies":[{"name":"wp","href":"https:\/\/api.w.org\/{rel}","templated":true}]}}