{"id":5907,"date":"2017-10-31T11:45:14","date_gmt":"2017-10-31T10:45:14","guid":{"rendered":"http:\/\/www.gcaudron.com\/?page_id=5907"},"modified":"2017-10-31T11:45:14","modified_gmt":"2017-10-31T10:45:14","slug":"le-terrorisme","status":"publish","type":"page","link":"http:\/\/www.gcaudron.com\/?page_id=5907","title":{"rendered":"(LE) TERRORISME"},"content":{"rendered":"<p>Les terribles \u00e9v\u00e8nements du 11 septembre 2001 \u00e0 New York et \u00e0 Washington ont donn\u00e9 un violent \u201ccoup de projecteur\u201d sur un grave ph\u00e9nom\u00e8ne qui, pourtant, n\u2019\u00e9tait pas nouveau :\u00a0<strong>le terrorisme !<\/strong><\/p>\n<p>&nbsp;<\/p>\n<p>L\u2019\u00e9motion sur la plan\u00e8te enti\u00e8re a \u00e9t\u00e9 consid\u00e9rable.<\/p>\n<p>&nbsp;<\/p>\n<p>Quelques temps apr\u00e8s, l\u2019\u00e9motion estomp\u00e9e, l\u2019Am\u00e9rique a entrepris de montrer qu\u2019elle saurait faire respecter sa puissance, et, un peu partout dans le monde, chacun s\u2019est mis \u00e0 \u201cdisserter\u201d sur les causes du terrorisme.<\/p>\n<p>&nbsp;<\/p>\n<p>L\u2019extr\u00eame-droite a d\u2019ailleurs tr\u00e8s vite retrouv\u00e9 son antis\u00e9mitisme primaire et dans certains rangs de la gauche il est de bon ton de faire du terrorisme une des cons\u00e9quences de la mondialisation et du sous-d\u00e9veloppement.<\/p>\n<p>&nbsp;<\/p>\n<p><strong>Je le dis sans ambages : c\u2019est une perversion de l\u2019esprit !<\/strong><\/p>\n<p><strong>\u00a0<\/strong><\/p>\n<p>La principale caract\u00e9ristique du terrorisme et son principal moteur consistent, pour un groupe minoritaire et sans scrupule, \u00e0 imposer ses id\u00e9es et son pouvoir par la violence et par la peur !<\/p>\n<p>&nbsp;<\/p>\n<p>Et il ne faut pas confondre les causes et les moyens. Les chefs terroristes, o\u00f9 qu\u2019ils soient, et quel qu\u2019ils soient, ont besoin de moyens pour arriver \u00e0 leurs fins :<\/p>\n<p>&#8211;\u00a0de l\u2019argent, d\u2019abord, qu\u2019ils obtiennent par racket, criminalit\u00e9, fortunes personnelles, trafic de drogue, p\u00e9trodollars\u2026<\/p>\n<p>&#8211;\u00a0des troupes qu\u2019ils vont chercher dans les milieux fragiles en jouant sur le nationalisme, la religion, l\u2019ambition, le r\u00eave, la revanche, la pauvret\u00e9 ou le d\u00e9sespoir\u2026<\/p>\n<p>&#8211; la terreur qu\u2019ils imposent aux d\u00e9mocraties et \u00e0 leurs citoyens mal pr\u00e9par\u00e9s \u00e0 r\u00e9sister\u2026 et toujours pr\u00eats \u00e0 n\u00e9gocier des compromis\u2026.<\/p>\n<p>&nbsp;<\/p>\n<p>Souvenons-nous de tous ces mouvements et actions terroristes au cours de ces derni\u00e8res ann\u00e9es en Allemagne, en Italie, en Corse, en Irlande, au Pays Basque, sans oublier les massacres des J.O de Munich et les attentats-suicides de Tel Aviv, et maintenant, les r\u00e9seaux du milliardaire fondamentaliste BEN LADEN et les massacres quotidiens en IRAK.<\/p>\n<p>&nbsp;<\/p>\n<p><strong>Toutes ces actions ont un point commun : d\u00e9truire les syst\u00e8mes d\u00e9mocratiques par la terreur.<\/strong><\/p>\n<p><strong>\u00a0<\/strong><\/p>\n<p>Il faut en \u00eatre conscient si on veut vraiment \u00e9radiquer ce terrorisme et surtout il ne faut jamais lui chercher des excuses.<\/p>\n<p>&nbsp;<\/p>\n<p>Il n\u2019en a pas !<\/p>\n<p>Tout juste faut-il essayer d\u2019\u00e9viter de lui donner des pr\u00e9textes.<\/p>\n","protected":false},"excerpt":{"rendered":"<p>Les terribles \u00e9v\u00e8nements du 11 septembre 2001 \u00e0 New York et \u00e0 Washington ont donn\u00e9 un violent \u201ccoup de projecteur\u201d sur un grave ph\u00e9nom\u00e8ne qui, pourtant, n\u2019\u00e9tait pas nouveau :\u00a0le terrorisme ! &nbsp; L\u2019\u00e9motion sur la plan\u00e8te enti\u00e8re a \u00e9t\u00e9 consid\u00e9rable. &nbsp; Quelques temps apr\u00e8s, l\u2019\u00e9motion estomp\u00e9e, l\u2019Am\u00e9rique a entrepris de montrer qu\u2019elle saurait faire &hellip; <\/p>\n<p><a class=\"more-link btn\" href=\"http:\/\/www.gcaudron.com\/?page_id=5907\">Continue reading<\/a><\/p>\n","protected":false},"author":3,"featured_media":0,"parent":1021,"menu_order":122,"comment_status":"closed","ping_status":"closed","template":"","meta":{"footnotes":""},"class_list":["post-5907","page","type-page","status-publish","hentry","nodate","item-wrap"],"_links":{"self":[{"href":"http:\/\/www.gcaudron.com\/index.php?rest_route=\/wp\/v2\/pages\/5907","targetHints":{"allow":["GET"]}}],"collection":[{"href":"http:\/\/www.gcaudron.com\/index.php?rest_route=\/wp\/v2\/pages"}],"about":[{"href":"http:\/\/www.gcaudron.com\/index.php?rest_route=\/wp\/v2\/types\/page"}],"author":[{"embeddable":true,"href":"http:\/\/www.gcaudron.com\/index.php?rest_route=\/wp\/v2\/users\/3"}],"replies":[{"embeddable":true,"href":"http:\/\/www.gcaudron.com\/index.php?rest_route=%2Fwp%2Fv2%2Fcomments&post=5907"}],"version-history":[{"count":1,"href":"http:\/\/www.gcaudron.com\/index.php?rest_route=\/wp\/v2\/pages\/5907\/revisions"}],"predecessor-version":[{"id":5908,"href":"http:\/\/www.gcaudron.com\/index.php?rest_route=\/wp\/v2\/pages\/5907\/revisions\/5908"}],"up":[{"embeddable":true,"href":"http:\/\/www.gcaudron.com\/index.php?rest_route=\/wp\/v2\/pages\/1021"}],"wp:attachment":[{"href":"http:\/\/www.gcaudron.com\/index.php?rest_route=%2Fwp%2Fv2%2Fmedia&parent=5907"}],"curies":[{"name":"wp","href":"https:\/\/api.w.org\/{rel}","templated":true}]}}