{"id":5905,"date":"2017-10-31T11:44:35","date_gmt":"2017-10-31T10:44:35","guid":{"rendered":"http:\/\/www.gcaudron.com\/?page_id=5905"},"modified":"2017-10-31T11:44:35","modified_gmt":"2017-10-31T10:44:35","slug":"technopole","status":"publish","type":"page","link":"http:\/\/www.gcaudron.com\/?page_id=5905","title":{"rendered":"TECHNOPOLE"},"content":{"rendered":"<p>Pendant longtemps, le Nord de la France n\u2019a eu qu\u2019une technopole\u00a0: c\u2019\u00e9tait Villeneuve d\u2019Ascq \u2013 Technopole.<\/p>\n<p>&nbsp;<\/p>\n<p>Cr\u00e9\u00e9 en 1985 apr\u00e8s le Congr\u00e8s mondial des cit\u00e9s scientifiques de Kyoto, gr\u00e2ce \u00e0 l\u2019alliance du Maire (socialiste) de Villeneuve d\u2019Ascq, du Pr\u00e9sident (RPR) de la Chambre de Commerce et du Pr\u00e9sident (communiste) de l\u2019universit\u00e9 Lille 1, en lien \u00e9troit avec le repr\u00e9sentant de l\u2019Etat\u00a0<strong>nous avons \u00e9t\u00e9 pionniers, nous avons innov\u00e9<\/strong>\u00a0sans beaucoup de moyens mais avec beaucoup d\u2019\u00e9nergie et d\u2019imagination.<\/p>\n<p>&nbsp;<\/p>\n<p>Aujourd\u2019hui le concept a quasiment disparu au profil de p\u00f4les plus nombreux et mieux dot\u00e9s.<\/p>\n<p>&nbsp;<\/p>\n<p>On reconna\u00eetra sans doute un jour \u00e0 Villeneuve d\u2019Ascq et \u00e0 ses responsables au moins une paternit\u00e9 partag\u00e9e de beaucoup de ce qui s\u2019est fait depuis dans le domaine des hautes technologie et de l\u2019innovation dans la M\u00e9tropole lilloise et dans la R\u00e9gion Nord pas de Calais.<\/p>\n","protected":false},"excerpt":{"rendered":"<p>Pendant longtemps, le Nord de la France n\u2019a eu qu\u2019une technopole\u00a0: c\u2019\u00e9tait Villeneuve d\u2019Ascq \u2013 Technopole. &nbsp; Cr\u00e9\u00e9 en 1985 apr\u00e8s le Congr\u00e8s mondial des cit\u00e9s scientifiques de Kyoto, gr\u00e2ce \u00e0 l\u2019alliance du Maire (socialiste) de Villeneuve d\u2019Ascq, du Pr\u00e9sident (RPR) de la Chambre de Commerce et du Pr\u00e9sident (communiste) de l\u2019universit\u00e9 Lille 1, en &hellip; <\/p>\n<p><a class=\"more-link btn\" href=\"http:\/\/www.gcaudron.com\/?page_id=5905\">Continue reading<\/a><\/p>\n","protected":false},"author":3,"featured_media":0,"parent":1021,"menu_order":121,"comment_status":"closed","ping_status":"closed","template":"","meta":{"footnotes":""},"class_list":["post-5905","page","type-page","status-publish","hentry","nodate","item-wrap"],"_links":{"self":[{"href":"http:\/\/www.gcaudron.com\/index.php?rest_route=\/wp\/v2\/pages\/5905","targetHints":{"allow":["GET"]}}],"collection":[{"href":"http:\/\/www.gcaudron.com\/index.php?rest_route=\/wp\/v2\/pages"}],"about":[{"href":"http:\/\/www.gcaudron.com\/index.php?rest_route=\/wp\/v2\/types\/page"}],"author":[{"embeddable":true,"href":"http:\/\/www.gcaudron.com\/index.php?rest_route=\/wp\/v2\/users\/3"}],"replies":[{"embeddable":true,"href":"http:\/\/www.gcaudron.com\/index.php?rest_route=%2Fwp%2Fv2%2Fcomments&post=5905"}],"version-history":[{"count":1,"href":"http:\/\/www.gcaudron.com\/index.php?rest_route=\/wp\/v2\/pages\/5905\/revisions"}],"predecessor-version":[{"id":5906,"href":"http:\/\/www.gcaudron.com\/index.php?rest_route=\/wp\/v2\/pages\/5905\/revisions\/5906"}],"up":[{"embeddable":true,"href":"http:\/\/www.gcaudron.com\/index.php?rest_route=\/wp\/v2\/pages\/1021"}],"wp:attachment":[{"href":"http:\/\/www.gcaudron.com\/index.php?rest_route=%2Fwp%2Fv2%2Fmedia&parent=5905"}],"curies":[{"name":"wp","href":"https:\/\/api.w.org\/{rel}","templated":true}]}}