{"id":5903,"date":"2017-10-31T11:44:01","date_gmt":"2017-10-31T10:44:01","guid":{"rendered":"http:\/\/www.gcaudron.com\/?page_id=5903"},"modified":"2017-10-31T11:44:01","modified_gmt":"2017-10-31T10:44:01","slug":"tazieff-haroun","status":"publish","type":"page","link":"http:\/\/www.gcaudron.com\/?page_id=5903","title":{"rendered":"TAZIEFF HAROUN"},"content":{"rendered":"<p><strong>L\u2019histoire et ses ouvrages<\/strong>, retiendront le grand vulcanologue, ses proches, le bon vivant,\u00a0<strong>Villeneuve d\u2019Ascq gardera en m\u00e9moire\u00a0<\/strong>Haroun TAZIEFF en 1980 en photo sur un chantier de b\u00e9ton abandonn\u00e9 suite \u00e0 un arr\u00eat\u00e9 de son maire.<\/p>\n<p>&nbsp;<\/p>\n<p>C\u2019\u00e9tait \u00ab l\u2019Il\u00f4t 3 \u00bb devant le Ch\u00e2teau de Flers. Apr\u00e8s les Pr\u00e9sidentielles de 1981, le chantier, sur d\u00e9cision de justice, reprendra et la R\u00e9sidence ALVARADO sera termin\u00e9e cachant ainsi \u00e0 jamais la vue du Ch\u00e2teau depuis l\u2019avenue principale.<\/p>\n<p>&nbsp;<\/p>\n<p>Haroun Tazieff h\u00e9ritera d\u2019un portefeuille minist\u00e9riel.<\/p>\n<p>&nbsp;<\/p>\n<p>J\u2019avais pari\u00e9 avec lui en 1980 qu\u2019il serait Ministre en 1981.<\/p>\n<p>&nbsp;<\/p>\n<p>Il me doit toujours un repas\u2026 dans une autre vie peut-\u00eatre ?<\/p>\n","protected":false},"excerpt":{"rendered":"<p>L\u2019histoire et ses ouvrages, retiendront le grand vulcanologue, ses proches, le bon vivant,\u00a0Villeneuve d\u2019Ascq gardera en m\u00e9moire\u00a0Haroun TAZIEFF en 1980 en photo sur un chantier de b\u00e9ton abandonn\u00e9 suite \u00e0 un arr\u00eat\u00e9 de son maire. &nbsp; C\u2019\u00e9tait \u00ab l\u2019Il\u00f4t 3 \u00bb devant le Ch\u00e2teau de Flers. Apr\u00e8s les Pr\u00e9sidentielles de 1981, le chantier, sur d\u00e9cision &hellip; <\/p>\n<p><a class=\"more-link btn\" href=\"http:\/\/www.gcaudron.com\/?page_id=5903\">Continue reading<\/a><\/p>\n","protected":false},"author":3,"featured_media":0,"parent":1021,"menu_order":120,"comment_status":"closed","ping_status":"closed","template":"","meta":{"footnotes":""},"class_list":["post-5903","page","type-page","status-publish","hentry","nodate","item-wrap"],"_links":{"self":[{"href":"http:\/\/www.gcaudron.com\/index.php?rest_route=\/wp\/v2\/pages\/5903","targetHints":{"allow":["GET"]}}],"collection":[{"href":"http:\/\/www.gcaudron.com\/index.php?rest_route=\/wp\/v2\/pages"}],"about":[{"href":"http:\/\/www.gcaudron.com\/index.php?rest_route=\/wp\/v2\/types\/page"}],"author":[{"embeddable":true,"href":"http:\/\/www.gcaudron.com\/index.php?rest_route=\/wp\/v2\/users\/3"}],"replies":[{"embeddable":true,"href":"http:\/\/www.gcaudron.com\/index.php?rest_route=%2Fwp%2Fv2%2Fcomments&post=5903"}],"version-history":[{"count":1,"href":"http:\/\/www.gcaudron.com\/index.php?rest_route=\/wp\/v2\/pages\/5903\/revisions"}],"predecessor-version":[{"id":5904,"href":"http:\/\/www.gcaudron.com\/index.php?rest_route=\/wp\/v2\/pages\/5903\/revisions\/5904"}],"up":[{"embeddable":true,"href":"http:\/\/www.gcaudron.com\/index.php?rest_route=\/wp\/v2\/pages\/1021"}],"wp:attachment":[{"href":"http:\/\/www.gcaudron.com\/index.php?rest_route=%2Fwp%2Fv2%2Fmedia&parent=5903"}],"curies":[{"name":"wp","href":"https:\/\/api.w.org\/{rel}","templated":true}]}}