{"id":5901,"date":"2017-10-31T11:43:06","date_gmt":"2017-10-31T10:43:06","guid":{"rendered":"http:\/\/www.gcaudron.com\/?page_id=5901"},"modified":"2017-10-31T11:43:06","modified_gmt":"2017-10-31T10:43:06","slug":"tapie-bernard","status":"publish","type":"page","link":"http:\/\/www.gcaudron.com\/?page_id=5901","title":{"rendered":"TAPIE BERNARD"},"content":{"rendered":"<p>Il a commenc\u00e9 par tout gagner, avec l\u2019aide discr\u00e8te mais efficace de Fran\u00e7ois Mitterrand.<\/p>\n<p>&nbsp;<\/p>\n<p>Il a fini par tout perdre, allant m\u00eame jusqu\u2019\u00e0 la \u201ccase prison\u201d. Et ce ne fut que justice\u2026<\/p>\n<p>&nbsp;<\/p>\n<p>Mais si Bernard Tapie peut \u00eatre un \u201cperdant\u201d il n\u2019est pas un \u201clooser\u201d et si les circonstances s\u2019y pr\u00eataient, il serait sans doute tr\u00e8s vite \u201cen selle\u201d pr\u00eat \u00e0 nouveau \u00e0 risquer de se br\u00fbler les ailes aux chauds rayons du soleil du pouvoir.<\/p>\n<p>&nbsp;<\/p>\n<p>Je suis sur qu\u2019il en r\u00eave quoiqu\u2019il en dise.<\/p>\n","protected":false},"excerpt":{"rendered":"<p>Il a commenc\u00e9 par tout gagner, avec l\u2019aide discr\u00e8te mais efficace de Fran\u00e7ois Mitterrand. &nbsp; Il a fini par tout perdre, allant m\u00eame jusqu\u2019\u00e0 la \u201ccase prison\u201d. Et ce ne fut que justice\u2026 &nbsp; Mais si Bernard Tapie peut \u00eatre un \u201cperdant\u201d il n\u2019est pas un \u201clooser\u201d et si les circonstances s\u2019y pr\u00eataient, il serait &hellip; <\/p>\n<p><a class=\"more-link btn\" href=\"http:\/\/www.gcaudron.com\/?page_id=5901\">Continue reading<\/a><\/p>\n","protected":false},"author":3,"featured_media":0,"parent":1021,"menu_order":119,"comment_status":"closed","ping_status":"closed","template":"","meta":{"footnotes":""},"class_list":["post-5901","page","type-page","status-publish","hentry","nodate","item-wrap"],"_links":{"self":[{"href":"http:\/\/www.gcaudron.com\/index.php?rest_route=\/wp\/v2\/pages\/5901","targetHints":{"allow":["GET"]}}],"collection":[{"href":"http:\/\/www.gcaudron.com\/index.php?rest_route=\/wp\/v2\/pages"}],"about":[{"href":"http:\/\/www.gcaudron.com\/index.php?rest_route=\/wp\/v2\/types\/page"}],"author":[{"embeddable":true,"href":"http:\/\/www.gcaudron.com\/index.php?rest_route=\/wp\/v2\/users\/3"}],"replies":[{"embeddable":true,"href":"http:\/\/www.gcaudron.com\/index.php?rest_route=%2Fwp%2Fv2%2Fcomments&post=5901"}],"version-history":[{"count":1,"href":"http:\/\/www.gcaudron.com\/index.php?rest_route=\/wp\/v2\/pages\/5901\/revisions"}],"predecessor-version":[{"id":5902,"href":"http:\/\/www.gcaudron.com\/index.php?rest_route=\/wp\/v2\/pages\/5901\/revisions\/5902"}],"up":[{"embeddable":true,"href":"http:\/\/www.gcaudron.com\/index.php?rest_route=\/wp\/v2\/pages\/1021"}],"wp:attachment":[{"href":"http:\/\/www.gcaudron.com\/index.php?rest_route=%2Fwp%2Fv2%2Fmedia&parent=5901"}],"curies":[{"name":"wp","href":"https:\/\/api.w.org\/{rel}","templated":true}]}}