{"id":5899,"date":"2017-10-31T11:42:27","date_gmt":"2017-10-31T10:42:27","guid":{"rendered":"http:\/\/www.gcaudron.com\/?page_id=5899"},"modified":"2017-10-31T11:42:27","modified_gmt":"2017-10-31T10:42:27","slug":"strasbourg","status":"publish","type":"page","link":"http:\/\/www.gcaudron.com\/?page_id=5899","title":{"rendered":"STRASBOURG"},"content":{"rendered":"<p>Strasbourg est une belle ville qui est, et restera, \u00e0 jamais,\u00a0<strong>le symbole\u00a0<\/strong>d\u2019une certaine Europe tr\u00e8s proche de \u201c<strong>l\u2019autre Europe<\/strong>\u201d qu\u2019appellent de leurs voeux beaucoup d\u2019europ\u00e9ens attach\u00e9s aux r\u00eaves de ses P\u00e8res Fondateurs.<\/p>\n<p>&nbsp;<\/p>\n<p>Elle illustre en effet une Europe r\u00e9concili\u00e9e et humaine o\u00f9 les cultures se conjuguent et s\u2019additionnent.<\/p>\n<p>&nbsp;<\/p>\n<p>Ajoutons aussi qu\u2019elle est compl\u00e9mentaire de Bruxelles et de toutes les villes europ\u00e9ennes qui accueillent une ou plusieurs institutions europ\u00e9ennes.<\/p>\n<p>&nbsp;<\/p>\n<p>Sans le Parlement \u00e0 Strasbourg, il en serait fini de la notion moderne de \u201c<strong>capitale en r\u00e9seau\u201d\u00a0<\/strong>de l\u2019Union europ\u00e9enne.<\/p>\n<p>&nbsp;<\/p>\n<p>Il n\u2019y aurait plus alors que Bruxelles et quelques annexes.<\/p>\n<p>&nbsp;<\/p>\n<p>Et l\u2019Europe, ce n\u2019est pas cela, ni dans son fondement, ni dans sa diversit\u00e9, ni dans son avenir urbain.<\/p>\n<p>&nbsp;<\/p>\n<p>Puisse le Parlement europ\u00e9en qui y si\u00e8ge 4 jours par mois ne jamais l\u2019abandonner !<\/p>\n","protected":false},"excerpt":{"rendered":"<p>Strasbourg est une belle ville qui est, et restera, \u00e0 jamais,\u00a0le symbole\u00a0d\u2019une certaine Europe tr\u00e8s proche de \u201cl\u2019autre Europe\u201d qu\u2019appellent de leurs voeux beaucoup d\u2019europ\u00e9ens attach\u00e9s aux r\u00eaves de ses P\u00e8res Fondateurs. &nbsp; Elle illustre en effet une Europe r\u00e9concili\u00e9e et humaine o\u00f9 les cultures se conjuguent et s\u2019additionnent. &nbsp; Ajoutons aussi qu\u2019elle est compl\u00e9mentaire &hellip; <\/p>\n<p><a class=\"more-link btn\" href=\"http:\/\/www.gcaudron.com\/?page_id=5899\">Continue reading<\/a><\/p>\n","protected":false},"author":3,"featured_media":0,"parent":1021,"menu_order":118,"comment_status":"closed","ping_status":"closed","template":"","meta":{"footnotes":""},"class_list":["post-5899","page","type-page","status-publish","hentry","nodate","item-wrap"],"_links":{"self":[{"href":"http:\/\/www.gcaudron.com\/index.php?rest_route=\/wp\/v2\/pages\/5899","targetHints":{"allow":["GET"]}}],"collection":[{"href":"http:\/\/www.gcaudron.com\/index.php?rest_route=\/wp\/v2\/pages"}],"about":[{"href":"http:\/\/www.gcaudron.com\/index.php?rest_route=\/wp\/v2\/types\/page"}],"author":[{"embeddable":true,"href":"http:\/\/www.gcaudron.com\/index.php?rest_route=\/wp\/v2\/users\/3"}],"replies":[{"embeddable":true,"href":"http:\/\/www.gcaudron.com\/index.php?rest_route=%2Fwp%2Fv2%2Fcomments&post=5899"}],"version-history":[{"count":1,"href":"http:\/\/www.gcaudron.com\/index.php?rest_route=\/wp\/v2\/pages\/5899\/revisions"}],"predecessor-version":[{"id":5900,"href":"http:\/\/www.gcaudron.com\/index.php?rest_route=\/wp\/v2\/pages\/5899\/revisions\/5900"}],"up":[{"embeddable":true,"href":"http:\/\/www.gcaudron.com\/index.php?rest_route=\/wp\/v2\/pages\/1021"}],"wp:attachment":[{"href":"http:\/\/www.gcaudron.com\/index.php?rest_route=%2Fwp%2Fv2%2Fmedia&parent=5899"}],"curies":[{"name":"wp","href":"https:\/\/api.w.org\/{rel}","templated":true}]}}