{"id":5897,"date":"2017-10-31T11:41:48","date_gmt":"2017-10-31T10:41:48","guid":{"rendered":"http:\/\/www.gcaudron.com\/?page_id=5897"},"modified":"2017-10-31T11:41:48","modified_gmt":"2017-10-31T10:41:48","slug":"stievenard-jean-michel","status":"publish","type":"page","link":"http:\/\/www.gcaudron.com\/?page_id=5897","title":{"rendered":"STIEVENARD JEAN-MICHEL"},"content":{"rendered":"<p>L\u2019Histoire lui dira s\u2019il a \u00e9t\u00e9 un Maire de transition\u2026 ou davantage.<\/p>\n<p>&nbsp;<\/p>\n<p>Le fait est qu\u2019il a les qualit\u00e9s de beaucoup d\u2019hommes politiques :<\/p>\n<p>&#8211; m\u00e9moire \u00e0 g\u00e9om\u00e9trie variable,<\/p>\n<p>&#8211; absence de coeur quand il s\u2019agit de faire sa place,<\/p>\n<p>&#8211; haute consid\u00e9ration de lui m\u00eame.<\/p>\n<p>&nbsp;<\/p>\n<p>On me dira que je suis celui qui l\u2019a choisi pour me remplacer\u2026 et c\u2019est sans doute d\u2019ailleurs ce qu\u2019il ne peut supporter.<\/p>\n<p>&nbsp;<\/p>\n<p>J\u2019ai une excuse et les autres, une consolation.<\/p>\n<p>&nbsp;<\/p>\n<p>L\u2019excuse tient dans le fait que le changement de fonction change bien souvent l\u2019homme ou la femme en question.<\/p>\n<p>&nbsp;<\/p>\n<p>La consolation est que je suis le premier \u00e0 avoir pay\u00e9 le prix de mon erreur.<\/p>\n<p>&nbsp;<\/p>\n<p>Au demeurant, malgr\u00e9 cela, il est honn\u00eate de dire qu\u2019il pourra en 2008 afficher un bilan, et c\u2019est sur ce bilan que lui et sa majorit\u00e9 seront jug\u00e9s, si toutefois ses \u201camis \u201d socialistes le lui permettent.<\/p>\n","protected":false},"excerpt":{"rendered":"<p>L\u2019Histoire lui dira s\u2019il a \u00e9t\u00e9 un Maire de transition\u2026 ou davantage. &nbsp; Le fait est qu\u2019il a les qualit\u00e9s de beaucoup d\u2019hommes politiques : &#8211; m\u00e9moire \u00e0 g\u00e9om\u00e9trie variable, &#8211; absence de coeur quand il s\u2019agit de faire sa place, &#8211; haute consid\u00e9ration de lui m\u00eame. &nbsp; On me dira que je suis celui &hellip; <\/p>\n<p><a class=\"more-link btn\" href=\"http:\/\/www.gcaudron.com\/?page_id=5897\">Continue reading<\/a><\/p>\n","protected":false},"author":3,"featured_media":0,"parent":1021,"menu_order":117,"comment_status":"closed","ping_status":"closed","template":"","meta":{"footnotes":""},"class_list":["post-5897","page","type-page","status-publish","hentry","nodate","item-wrap"],"_links":{"self":[{"href":"http:\/\/www.gcaudron.com\/index.php?rest_route=\/wp\/v2\/pages\/5897","targetHints":{"allow":["GET"]}}],"collection":[{"href":"http:\/\/www.gcaudron.com\/index.php?rest_route=\/wp\/v2\/pages"}],"about":[{"href":"http:\/\/www.gcaudron.com\/index.php?rest_route=\/wp\/v2\/types\/page"}],"author":[{"embeddable":true,"href":"http:\/\/www.gcaudron.com\/index.php?rest_route=\/wp\/v2\/users\/3"}],"replies":[{"embeddable":true,"href":"http:\/\/www.gcaudron.com\/index.php?rest_route=%2Fwp%2Fv2%2Fcomments&post=5897"}],"version-history":[{"count":1,"href":"http:\/\/www.gcaudron.com\/index.php?rest_route=\/wp\/v2\/pages\/5897\/revisions"}],"predecessor-version":[{"id":5898,"href":"http:\/\/www.gcaudron.com\/index.php?rest_route=\/wp\/v2\/pages\/5897\/revisions\/5898"}],"up":[{"embeddable":true,"href":"http:\/\/www.gcaudron.com\/index.php?rest_route=\/wp\/v2\/pages\/1021"}],"wp:attachment":[{"href":"http:\/\/www.gcaudron.com\/index.php?rest_route=%2Fwp%2Fv2%2Fmedia&parent=5897"}],"curies":[{"name":"wp","href":"https:\/\/api.w.org\/{rel}","templated":true}]}}