{"id":5895,"date":"2017-10-31T11:41:10","date_gmt":"2017-10-31T10:41:10","guid":{"rendered":"http:\/\/www.gcaudron.com\/?page_id=5895"},"modified":"2017-10-31T11:41:10","modified_gmt":"2017-10-31T10:41:10","slug":"stadium","status":"publish","type":"page","link":"http:\/\/www.gcaudron.com\/?page_id=5895","title":{"rendered":"STADIUM"},"content":{"rendered":"<p><strong>Construit dans le cadre de la Ville nouvelle\u00a0<\/strong>pour accueillir le LOSC (Lille Olympique Sporting Club), il a fallu attendre 25 ans pour qu\u2019il y joue, temporairement.<\/p>\n<p>&nbsp;<\/p>\n<p>Entre temps, apr\u00e8s avoir failli devenir Stade Olympique en 2004, il s\u2019est illustr\u00e9 dans l\u2019Handisport et dans l\u2019athl\u00e9tisme avec son meeting international annuel, sans oublier le rugby et sa coupe du monde.<\/p>\n<p>&nbsp;<\/p>\n<p>Il a, \u00e0 ces divers titres, connu de grands moments, re\u00e7u de magnifiques \u00e9quipes, vu y concourir des athl\u00e8tes exceptionnels\u2026<\/p>\n<p>&nbsp;<\/p>\n<p>Pas rancunier, le Stadium porte m\u00eame aujourd\u2019hui chance au LOSC qui pourtant y est venu \u201cavec les pieds de plomb\u201d.<\/p>\n<p>&nbsp;<\/p>\n<p>Il s\u2019y est enfin d\u00e9roul\u00e9 aussi plusieurs manifestations et festivals de tr\u00e8s haute qualit\u00e9 devant des dizaines de milliers de spectateurs enthousiastes.<\/p>\n<p>&nbsp;<\/p>\n<p>Personne, n\u2019a oubli\u00e9 la venue r\u00e9cente de Johnny Hallyday mais personnellement, si j\u2019avais \u00e0 garder un seul souvenir, ce serait celui des Pink Floyd et de \u00ab The Wall \u00bb, un univers magique recr\u00e9\u00e9 en la circonstance pour le plus grand bonheur de notre R\u00e9gion<\/p>\n","protected":false},"excerpt":{"rendered":"<p>Construit dans le cadre de la Ville nouvelle\u00a0pour accueillir le LOSC (Lille Olympique Sporting Club), il a fallu attendre 25 ans pour qu\u2019il y joue, temporairement. &nbsp; Entre temps, apr\u00e8s avoir failli devenir Stade Olympique en 2004, il s\u2019est illustr\u00e9 dans l\u2019Handisport et dans l\u2019athl\u00e9tisme avec son meeting international annuel, sans oublier le rugby et &hellip; <\/p>\n<p><a class=\"more-link btn\" href=\"http:\/\/www.gcaudron.com\/?page_id=5895\">Continue reading<\/a><\/p>\n","protected":false},"author":3,"featured_media":0,"parent":1021,"menu_order":116,"comment_status":"closed","ping_status":"closed","template":"","meta":{"footnotes":""},"class_list":["post-5895","page","type-page","status-publish","hentry","nodate","item-wrap"],"_links":{"self":[{"href":"http:\/\/www.gcaudron.com\/index.php?rest_route=\/wp\/v2\/pages\/5895","targetHints":{"allow":["GET"]}}],"collection":[{"href":"http:\/\/www.gcaudron.com\/index.php?rest_route=\/wp\/v2\/pages"}],"about":[{"href":"http:\/\/www.gcaudron.com\/index.php?rest_route=\/wp\/v2\/types\/page"}],"author":[{"embeddable":true,"href":"http:\/\/www.gcaudron.com\/index.php?rest_route=\/wp\/v2\/users\/3"}],"replies":[{"embeddable":true,"href":"http:\/\/www.gcaudron.com\/index.php?rest_route=%2Fwp%2Fv2%2Fcomments&post=5895"}],"version-history":[{"count":1,"href":"http:\/\/www.gcaudron.com\/index.php?rest_route=\/wp\/v2\/pages\/5895\/revisions"}],"predecessor-version":[{"id":5896,"href":"http:\/\/www.gcaudron.com\/index.php?rest_route=\/wp\/v2\/pages\/5895\/revisions\/5896"}],"up":[{"embeddable":true,"href":"http:\/\/www.gcaudron.com\/index.php?rest_route=\/wp\/v2\/pages\/1021"}],"wp:attachment":[{"href":"http:\/\/www.gcaudron.com\/index.php?rest_route=%2Fwp%2Fv2%2Fmedia&parent=5895"}],"curies":[{"name":"wp","href":"https:\/\/api.w.org\/{rel}","templated":true}]}}