{"id":5889,"date":"2017-10-31T11:35:32","date_gmt":"2017-10-31T10:35:32","guid":{"rendered":"http:\/\/www.gcaudron.com\/?page_id=5889"},"modified":"2017-10-31T11:35:32","modified_gmt":"2017-10-31T10:35:32","slug":"sixieme-republique","status":"publish","type":"page","link":"http:\/\/www.gcaudron.com\/?page_id=5889","title":{"rendered":"SIXI\u00c8ME R\u00c9PUBLIQUE"},"content":{"rendered":"<p>L\u2019heure est venue de tourner une page.<\/p>\n<p>&nbsp;<\/p>\n<p>Si la quatri\u00e8me R\u00e9publique \u00e9tait morte d\u2019un parlementarisme exacerb\u00e9 g\u00e9n\u00e9rateur d\u2019ex\u00e9cutifs \u00e9ph\u00e9m\u00e8res, la cinqui\u00e8me R\u00e9publique n\u2019en finit pas de mourir de scl\u00e9rose pr\u00e9sidentielle et de sous &#8211; repr\u00e9sentation citoyenne.<\/p>\n<p>&nbsp;<\/p>\n<p><strong>Il faut donc,\u00a0<\/strong>sous peine de voir se multiplier des crises urbaines, sociales et soci\u00e9tales doubl\u00e9es d\u2019\u00e9lections quelque peu surr\u00e9alistes \u00e0 l\u2019instar de celle d\u2019avril et mai 2002 :<\/p>\n<p>&nbsp;<\/p>\n<p><strong>&#8211; redonner un vrai pouvoir au peuple\u00a0<\/strong>en lui garantissant\u00a0<strong>une juste repr\u00e9sentation\u00a0<\/strong>gr\u00e2ce \u00e0 l\u2019instauration du scrutin proportionnel et \u00e0 la fin de tous les cumuls dont jouissent beaucoup trop d\u2019\u00e9lus,<\/p>\n<p><strong>&#8211; garantir un ex\u00e9cutif fort car unique,\u00a0<\/strong>issu, lui aussi, du suffrage universel, mais tenu de trouver au sein de l\u2019Assembl\u00e9e L\u00e9gislative, la ou les majorit\u00e9 dont il aura besoin pour agir au quotidien.<\/p>\n<p>&nbsp;<\/p>\n<p><strong>La fin de la deuxi\u00e8me chambre<\/strong>, le S\u00e9nat, v\u00e9ritable vestige d\u2019un autre \u00e2ge,\u00a0<strong>par la fusion &#8211; absorption\u00a0<\/strong>du Conseil \u00e9conomique et social et l\u2019institutionnalisation de la ma\u00eetrise des enjeux \u00e9cologique\u2026\u00a0<strong>devrait parfaire le dispositif national.<\/strong><\/p>\n<p><strong>\u00a0<\/strong><\/p>\n<p>Aux autres niveaux, les R\u00e9gions devraient gagner en puissance par assimilation des d\u00e9partements, et les intercommunalit\u00e9s d\u00e9pendre directement du suffrage universel tout comme les communes petites, moyennes et grandes dont la l\u00e9gitimit\u00e9 de proximit\u00e9 citoyenne serait ainsi confort\u00e9e.<\/p>\n<p>&nbsp;<\/p>\n<p>Sur la base de ces principes, et sous condition de ne pas oublier les cons\u00e9quences de l\u2019int\u00e9gration europ\u00e9enne sur nos Institutions, les constitutionalistes pourront donner libre cours \u00e0 leur imagination, en sachant, qu\u2019en finale, la d\u00e9cision reviendra \u00e0 tous les citoyens par le biais d\u2019un r\u00e9f\u00e9rendum sans enjeux pl\u00e9biscitaires.<\/p>\n<p>&nbsp;<\/p>\n<p>Ce devrait \u00eatre un des d\u00e9bats majeurs de la Pr\u00e9sidentielle de 2007.<\/p>\n","protected":false},"excerpt":{"rendered":"<p>L\u2019heure est venue de tourner une page. &nbsp; Si la quatri\u00e8me R\u00e9publique \u00e9tait morte d\u2019un parlementarisme exacerb\u00e9 g\u00e9n\u00e9rateur d\u2019ex\u00e9cutifs \u00e9ph\u00e9m\u00e8res, la cinqui\u00e8me R\u00e9publique n\u2019en finit pas de mourir de scl\u00e9rose pr\u00e9sidentielle et de sous &#8211; repr\u00e9sentation citoyenne. &nbsp; Il faut donc,\u00a0sous peine de voir se multiplier des crises urbaines, sociales et soci\u00e9tales doubl\u00e9es d\u2019\u00e9lections quelque &hellip; <\/p>\n<p><a class=\"more-link btn\" href=\"http:\/\/www.gcaudron.com\/?page_id=5889\">Continue reading<\/a><\/p>\n","protected":false},"author":3,"featured_media":0,"parent":1021,"menu_order":113,"comment_status":"closed","ping_status":"closed","template":"","meta":{"footnotes":""},"class_list":["post-5889","page","type-page","status-publish","hentry","nodate","item-wrap"],"_links":{"self":[{"href":"http:\/\/www.gcaudron.com\/index.php?rest_route=\/wp\/v2\/pages\/5889","targetHints":{"allow":["GET"]}}],"collection":[{"href":"http:\/\/www.gcaudron.com\/index.php?rest_route=\/wp\/v2\/pages"}],"about":[{"href":"http:\/\/www.gcaudron.com\/index.php?rest_route=\/wp\/v2\/types\/page"}],"author":[{"embeddable":true,"href":"http:\/\/www.gcaudron.com\/index.php?rest_route=\/wp\/v2\/users\/3"}],"replies":[{"embeddable":true,"href":"http:\/\/www.gcaudron.com\/index.php?rest_route=%2Fwp%2Fv2%2Fcomments&post=5889"}],"version-history":[{"count":1,"href":"http:\/\/www.gcaudron.com\/index.php?rest_route=\/wp\/v2\/pages\/5889\/revisions"}],"predecessor-version":[{"id":5890,"href":"http:\/\/www.gcaudron.com\/index.php?rest_route=\/wp\/v2\/pages\/5889\/revisions\/5890"}],"up":[{"embeddable":true,"href":"http:\/\/www.gcaudron.com\/index.php?rest_route=\/wp\/v2\/pages\/1021"}],"wp:attachment":[{"href":"http:\/\/www.gcaudron.com\/index.php?rest_route=%2Fwp%2Fv2%2Fmedia&parent=5889"}],"curies":[{"name":"wp","href":"https:\/\/api.w.org\/{rel}","templated":true}]}}