{"id":5887,"date":"2017-10-31T11:34:53","date_gmt":"2017-10-31T10:34:53","guid":{"rendered":"http:\/\/www.gcaudron.com\/?page_id=5887"},"modified":"2017-10-31T11:34:53","modified_gmt":"2017-10-31T10:34:53","slug":"sfio-section-francaise-de-linternationale-ouvriere","status":"publish","type":"page","link":"http:\/\/www.gcaudron.com\/?page_id=5887","title":{"rendered":"SFIO (SECTION FRAN\u00c7AISE DE L\u2019INTERNATIONALE OUVRI\u00c8RE)"},"content":{"rendered":"<p>J\u2019ai rejoint ce parti en 1964 et j\u2019ai donc v\u00e9cu la fin de la belle \u00e9poque des affrontements Mollet &#8211; Defferre.<\/p>\n<p>&nbsp;<\/p>\n<p>C\u2019\u00e9tait le bon vieux temps o\u00f9 l\u2019on pouvait pousser la discussion entre militants, aller jusqu\u2019en \u201carriver aux mains\u201d avant d\u2019aller ensuite prendre une bi\u00e8re ensemble\u2026 en franche camaraderie.<\/p>\n<p>&nbsp;<\/p>\n<p>Aujourd\u2019hui au PS on s\u2019\u00e9tripe par m\u00e9dias interpos\u00e9s.<\/p>\n<p>&nbsp;<\/p>\n<p>On s\u2019\u00e9limine par ordinateur et on boit un verre chacun de son cot\u00e9.<\/p>\n<p>&nbsp;<\/p>\n<p>La camaraderie, c\u2019est d\u00e9pass\u00e9 !<\/p>\n<p>&nbsp;<\/p>\n<p>C\u2019est pourquoi, contrairement \u00e0 d\u2019autres, je n\u2019ai jamais eu honte de dire qu\u2019\u00e0 19 ans, j\u2019avais adh\u00e9r\u00e9 au Parti socialiste SFIO malgr\u00e9 ses lacunes et ses fautes y compris l\u2019envoi du contingent en Alg\u00e9rie par Guy Mollet.<\/p>\n<p>&nbsp;<\/p>\n<p>Le jeune homme de gauche r\u00e9volt\u00e9 et \u00e9pris de justice a du choisir entre un Parti communiste tach\u00e9 par Budapest et une SFIO marqu\u00e9e par l\u2019Alg\u00e9rie.<\/p>\n<p>&nbsp;<\/p>\n<p>Mon amour de toujours de la Libert\u00e9 a fait la diff\u00e9rence.<\/p>\n","protected":false},"excerpt":{"rendered":"<p>J\u2019ai rejoint ce parti en 1964 et j\u2019ai donc v\u00e9cu la fin de la belle \u00e9poque des affrontements Mollet &#8211; Defferre. &nbsp; C\u2019\u00e9tait le bon vieux temps o\u00f9 l\u2019on pouvait pousser la discussion entre militants, aller jusqu\u2019en \u201carriver aux mains\u201d avant d\u2019aller ensuite prendre une bi\u00e8re ensemble\u2026 en franche camaraderie. &nbsp; Aujourd\u2019hui au PS on &hellip; <\/p>\n<p><a class=\"more-link btn\" href=\"http:\/\/www.gcaudron.com\/?page_id=5887\">Continue reading<\/a><\/p>\n","protected":false},"author":3,"featured_media":0,"parent":1021,"menu_order":112,"comment_status":"closed","ping_status":"closed","template":"","meta":{"footnotes":""},"class_list":["post-5887","page","type-page","status-publish","hentry","nodate","item-wrap"],"_links":{"self":[{"href":"http:\/\/www.gcaudron.com\/index.php?rest_route=\/wp\/v2\/pages\/5887","targetHints":{"allow":["GET"]}}],"collection":[{"href":"http:\/\/www.gcaudron.com\/index.php?rest_route=\/wp\/v2\/pages"}],"about":[{"href":"http:\/\/www.gcaudron.com\/index.php?rest_route=\/wp\/v2\/types\/page"}],"author":[{"embeddable":true,"href":"http:\/\/www.gcaudron.com\/index.php?rest_route=\/wp\/v2\/users\/3"}],"replies":[{"embeddable":true,"href":"http:\/\/www.gcaudron.com\/index.php?rest_route=%2Fwp%2Fv2%2Fcomments&post=5887"}],"version-history":[{"count":1,"href":"http:\/\/www.gcaudron.com\/index.php?rest_route=\/wp\/v2\/pages\/5887\/revisions"}],"predecessor-version":[{"id":5888,"href":"http:\/\/www.gcaudron.com\/index.php?rest_route=\/wp\/v2\/pages\/5887\/revisions\/5888"}],"up":[{"embeddable":true,"href":"http:\/\/www.gcaudron.com\/index.php?rest_route=\/wp\/v2\/pages\/1021"}],"wp:attachment":[{"href":"http:\/\/www.gcaudron.com\/index.php?rest_route=%2Fwp%2Fv2%2Fmedia&parent=5887"}],"curies":[{"name":"wp","href":"https:\/\/api.w.org\/{rel}","templated":true}]}}