{"id":5885,"date":"2017-10-31T11:33:32","date_gmt":"2017-10-31T10:33:32","guid":{"rendered":"http:\/\/www.gcaudron.com\/?page_id=5885"},"modified":"2017-10-31T11:33:32","modified_gmt":"2017-10-31T10:33:32","slug":"les-services-publics-en-question","status":"publish","type":"page","link":"http:\/\/www.gcaudron.com\/?page_id=5885","title":{"rendered":"(LES) SERVICES PUBLICS EN QUESTION"},"content":{"rendered":"<p><strong>Il y a deux conceptions pour le moins du service public.<\/strong><\/p>\n<p><strong>\u00a0<\/strong><\/p>\n<p><strong>D\u2019abord le service marchand\u00a0<\/strong>plus accessible parce que public m\u00eame s\u2019il est non rentable car il est subventionn\u00e9.\u00a0<strong>C\u2019est le plus courant\u00a0<\/strong>et c\u2019est celui qui perdure parce que le secteur marchand le tol\u00e8re. Mais il est menac\u00e9 par les contraintes budg\u00e9taires r\u00e9elles ou d\u00e9cr\u00e9t\u00e9es par les collectivit\u00e9s publiques.<\/p>\n<p>&nbsp;<\/p>\n<p><strong>Et puis, il y a le service public\u00a0<\/strong>que l\u2019on choisit d\u2019imposer quasiment pour \u00e9viter des probl\u00e8mes dans un avenir plus lointain\u2026 Il est rarement r\u00e9clam\u00e9.<\/p>\n<p>&nbsp;<\/p>\n<p>Sa disparition \u00e9ventuelle ne provoque pas d\u2019\u00e9meutes et sa rentabilit\u00e9 est impossible \u00e0 calculer.<\/p>\n<p>&nbsp;<\/p>\n<p>C\u2019est une conception forte de la solidarit\u00e9. C\u2019est le r\u00e9sultat d\u2019une volont\u00e9 de projection dans l\u2019avenir.<\/p>\n<p>&nbsp;<\/p>\n<p>On sait qu\u2019il co\u00fbte\u2026<\/p>\n<p>&nbsp;<\/p>\n<p><strong>On ne peut calculer ce qu\u2019il rapporte mais sa disparition a un co\u00fbt\u00a0<\/strong>tr\u00e8s \u00e9lev\u00e9 qui n\u2019est mesur\u00e9 que plus tard quand une crise \u00e9clate, faute de lien social.<\/p>\n<p>&nbsp;<\/p>\n<p>Des exemples parmi d\u2019autres : vouloir accueillir les enfants et les jeunes avec des tarifs accessibles dans des structures p\u00e9ri-scolaires, \u00e0 la cantine, au sport, pendant les vacances, cela a un co\u00fbt \u00e9lev\u00e9.<\/p>\n<p>&nbsp;<\/p>\n<p>La suppression de ces structures ou services permet des \u00e9conomies budg\u00e9taires qui sont souvent indolores\u2026<\/p>\n<p>&nbsp;<\/p>\n<p>Mais \u00e0 terme, cette suppression conduit \u00e0 une jeunesse d\u00e9racin\u00e9e, sans activit\u00e9s, ni points de rep\u00e8re, ni espoir, ni avenir.<\/p>\n<p>&nbsp;<\/p>\n<p>Il suffit alors d\u2019une \u00e9tincelle et c\u2019est l\u2019\u00e9meute !<\/p>\n","protected":false},"excerpt":{"rendered":"<p>Il y a deux conceptions pour le moins du service public. \u00a0 D\u2019abord le service marchand\u00a0plus accessible parce que public m\u00eame s\u2019il est non rentable car il est subventionn\u00e9.\u00a0C\u2019est le plus courant\u00a0et c\u2019est celui qui perdure parce que le secteur marchand le tol\u00e8re. Mais il est menac\u00e9 par les contraintes budg\u00e9taires r\u00e9elles ou d\u00e9cr\u00e9t\u00e9es par &hellip; <\/p>\n<p><a class=\"more-link btn\" href=\"http:\/\/www.gcaudron.com\/?page_id=5885\">Continue reading<\/a><\/p>\n","protected":false},"author":3,"featured_media":0,"parent":1021,"menu_order":111,"comment_status":"closed","ping_status":"closed","template":"","meta":{"footnotes":""},"class_list":["post-5885","page","type-page","status-publish","hentry","nodate","item-wrap"],"_links":{"self":[{"href":"http:\/\/www.gcaudron.com\/index.php?rest_route=\/wp\/v2\/pages\/5885","targetHints":{"allow":["GET"]}}],"collection":[{"href":"http:\/\/www.gcaudron.com\/index.php?rest_route=\/wp\/v2\/pages"}],"about":[{"href":"http:\/\/www.gcaudron.com\/index.php?rest_route=\/wp\/v2\/types\/page"}],"author":[{"embeddable":true,"href":"http:\/\/www.gcaudron.com\/index.php?rest_route=\/wp\/v2\/users\/3"}],"replies":[{"embeddable":true,"href":"http:\/\/www.gcaudron.com\/index.php?rest_route=%2Fwp%2Fv2%2Fcomments&post=5885"}],"version-history":[{"count":1,"href":"http:\/\/www.gcaudron.com\/index.php?rest_route=\/wp\/v2\/pages\/5885\/revisions"}],"predecessor-version":[{"id":5886,"href":"http:\/\/www.gcaudron.com\/index.php?rest_route=\/wp\/v2\/pages\/5885\/revisions\/5886"}],"up":[{"embeddable":true,"href":"http:\/\/www.gcaudron.com\/index.php?rest_route=\/wp\/v2\/pages\/1021"}],"wp:attachment":[{"href":"http:\/\/www.gcaudron.com\/index.php?rest_route=%2Fwp%2Fv2%2Fmedia&parent=5885"}],"curies":[{"name":"wp","href":"https:\/\/api.w.org\/{rel}","templated":true}]}}