{"id":5883,"date":"2017-10-31T11:32:53","date_gmt":"2017-10-31T10:32:53","guid":{"rendered":"http:\/\/www.gcaudron.com\/?page_id=5883"},"modified":"2017-10-31T11:32:53","modified_gmt":"2017-10-31T10:32:53","slug":"schwartzenberg-leon","status":"publish","type":"page","link":"http:\/\/www.gcaudron.com\/?page_id=5883","title":{"rendered":"SCHWARTZENBERG L\u00c9ON"},"content":{"rendered":"<p>Tout le monde conna\u00eet le canc\u00e9rologue \u00e9m\u00e9rite qu\u2019il fut. Certains se souviendront du militant qui a d\u00e9fil\u00e9 avec rage contre toutes les formes de mis\u00e8re et d\u2019injustice jusqu\u2019\u00e0 son dernier souffle, avant que le \u201ccrabe\u201d ne l\u2019emporte \u00e0 son tour.<\/p>\n<p>&nbsp;<\/p>\n<p>Il a m\u00eame \u00e9t\u00e9 un ministre furtif,\u2026 un coquelicot lui aussi dans son genre.<\/p>\n<p>&nbsp;<\/p>\n<p>Au parlement europ\u00e9en, o\u00f9 je l\u2019ai eu comme coll\u00e8gue et ami, il \u00e9tait attentif et consciencieux,\u2026 quand il ne s\u2019endormait pas bruyamment&#8230;<\/p>\n<p>&nbsp;<\/p>\n<p>Tout l\u2019int\u00e9ressait, de la sant\u00e9 \u00e0 Sarajevo en passant par les nouvelles technologies et la culture.<\/p>\n<p>&nbsp;<\/p>\n<p>Il a, lui aussi, tr\u00e8s mal support\u00e9 de n\u2019\u00eatre pas reconduit dans ses fonctions de d\u00e9put\u00e9 malgr\u00e9 le travail intense qu\u2019il y avait fait.<\/p>\n<p>&nbsp;<\/p>\n<p>Le \u201ccode politique\u201d n\u2019aime pas les francs-tireurs, dans aucun camp, et pour les \u00e9lections europ\u00e9ennes, c\u2019est pire encore, car c\u2019est tellement simple d\u2019\u00e9liminer quelqu\u2019un.<\/p>\n<p>&nbsp;<\/p>\n<p><strong>Notons enfin<\/strong>, et ce n\u2019\u00e9tait pas sa qualit\u00e9 la plus mince qu\u2019il \u00e9tait un militant du \u201c<strong>droit \u00e0 mourir dans la dignit\u00e9<\/strong>\u201d et qu\u2019il a su prendre, quand il le fallait, toutes ses responsabilit\u00e9s en la mati\u00e8re.<\/p>\n","protected":false},"excerpt":{"rendered":"<p>Tout le monde conna\u00eet le canc\u00e9rologue \u00e9m\u00e9rite qu\u2019il fut. Certains se souviendront du militant qui a d\u00e9fil\u00e9 avec rage contre toutes les formes de mis\u00e8re et d\u2019injustice jusqu\u2019\u00e0 son dernier souffle, avant que le \u201ccrabe\u201d ne l\u2019emporte \u00e0 son tour. &nbsp; Il a m\u00eame \u00e9t\u00e9 un ministre furtif,\u2026 un coquelicot lui aussi dans son genre. &hellip; <\/p>\n<p><a class=\"more-link btn\" href=\"http:\/\/www.gcaudron.com\/?page_id=5883\">Continue reading<\/a><\/p>\n","protected":false},"author":3,"featured_media":0,"parent":1021,"menu_order":110,"comment_status":"closed","ping_status":"closed","template":"","meta":{"footnotes":""},"class_list":["post-5883","page","type-page","status-publish","hentry","nodate","item-wrap"],"_links":{"self":[{"href":"http:\/\/www.gcaudron.com\/index.php?rest_route=\/wp\/v2\/pages\/5883","targetHints":{"allow":["GET"]}}],"collection":[{"href":"http:\/\/www.gcaudron.com\/index.php?rest_route=\/wp\/v2\/pages"}],"about":[{"href":"http:\/\/www.gcaudron.com\/index.php?rest_route=\/wp\/v2\/types\/page"}],"author":[{"embeddable":true,"href":"http:\/\/www.gcaudron.com\/index.php?rest_route=\/wp\/v2\/users\/3"}],"replies":[{"embeddable":true,"href":"http:\/\/www.gcaudron.com\/index.php?rest_route=%2Fwp%2Fv2%2Fcomments&post=5883"}],"version-history":[{"count":1,"href":"http:\/\/www.gcaudron.com\/index.php?rest_route=\/wp\/v2\/pages\/5883\/revisions"}],"predecessor-version":[{"id":5884,"href":"http:\/\/www.gcaudron.com\/index.php?rest_route=\/wp\/v2\/pages\/5883\/revisions\/5884"}],"up":[{"embeddable":true,"href":"http:\/\/www.gcaudron.com\/index.php?rest_route=\/wp\/v2\/pages\/1021"}],"wp:attachment":[{"href":"http:\/\/www.gcaudron.com\/index.php?rest_route=%2Fwp%2Fv2%2Fmedia&parent=5883"}],"curies":[{"name":"wp","href":"https:\/\/api.w.org\/{rel}","templated":true}]}}