{"id":5877,"date":"2017-10-31T11:30:03","date_gmt":"2017-10-31T10:30:03","guid":{"rendered":"http:\/\/www.gcaudron.com\/?page_id=5877"},"modified":"2017-10-31T11:30:03","modified_gmt":"2017-10-31T10:30:03","slug":"rocard-michel","status":"publish","type":"page","link":"http:\/\/www.gcaudron.com\/?page_id=5877","title":{"rendered":"ROCARD MICHEL"},"content":{"rendered":"<p>Au Parlement Europ\u00e9en, o\u00f9 il faut reconna\u00eetre qu\u2019il aura \u00e9t\u00e9 le seul leader politique d\u2019importance \u00e0 y travailler apr\u00e8s s\u2019y \u00eatre fait \u00e9lire, j\u2019avais fini par oublier le militant du PSU agit\u00e9 et d\u00e9magogue et le socialiste \u201cmoderne\u201d dont la modernit\u00e9 efface le socialisme qu\u2019il avait \u00e9t\u00e9 en d\u2019autres temps J\u2019avais m\u00eame oubli\u00e9 son absence en 1976 \u00e0 mon premier meeting \u00e9lectoral qu\u2019il devait animer (c\u2019est Gilles Martinez qui le remplacera au pied lev\u00e9). Au demeurant, je ne lui pardonnerai jamais sa l\u00e2chet\u00e9 \u00e0 mon \u00e9gard en 1997 quand il n\u2019a pas eu le courage de m\u2019informer qu\u2019une man\u0153uvre d\u2019appareil \u00e9tait men\u00e9e contre moi au sein de la d\u00e9l\u00e9gation socialiste fran\u00e7aise alors qu\u2019il la pr\u00e9sidait.<\/p>\n<p>&nbsp;<\/p>\n<p>Moi qui avais refus\u00e9 de suivre Fran\u00e7ois Mitterrand dans sa volont\u00e9 de l\u2019\u00e9liminer au congr\u00e8s de Metz, je lui ai envoy\u00e9 en 1997 cette phrase assassine :\u00a0\u00ab Je n\u2019avais, jusqu\u2019\u00e0 ce jour, jamais compris les raisons du m\u00e9pris du Pr\u00e9sident \u00e0 ton \u00e9gard\u2026 maintenant\u2026 je sais ! \u00bb.<\/p>\n<p>&nbsp;<\/p>\n<p>En 2004 tandis que, le \u201ccode politique\u201d m\u2019effa\u00e7ait du paysage europ\u00e9en, il r\u00e9ussissait \u00e0 se faire \u00e9lire au titre de la grande R\u00e9gion marseillaise, ce qui ne l\u2019emp\u00eachera pas de publier un livre o\u00f9 il r\u00e8glera ses comptes avec beaucoup de socialistes dont celui qui en fit pourtant un Premier Ministre.<\/p>\n","protected":false},"excerpt":{"rendered":"<p>Au Parlement Europ\u00e9en, o\u00f9 il faut reconna\u00eetre qu\u2019il aura \u00e9t\u00e9 le seul leader politique d\u2019importance \u00e0 y travailler apr\u00e8s s\u2019y \u00eatre fait \u00e9lire, j\u2019avais fini par oublier le militant du PSU agit\u00e9 et d\u00e9magogue et le socialiste \u201cmoderne\u201d dont la modernit\u00e9 efface le socialisme qu\u2019il avait \u00e9t\u00e9 en d\u2019autres temps J\u2019avais m\u00eame oubli\u00e9 son absence &hellip; <\/p>\n<p><a class=\"more-link btn\" href=\"http:\/\/www.gcaudron.com\/?page_id=5877\">Continue reading<\/a><\/p>\n","protected":false},"author":3,"featured_media":0,"parent":1021,"menu_order":107,"comment_status":"closed","ping_status":"closed","template":"","meta":{"footnotes":""},"class_list":["post-5877","page","type-page","status-publish","hentry","nodate","item-wrap"],"_links":{"self":[{"href":"http:\/\/www.gcaudron.com\/index.php?rest_route=\/wp\/v2\/pages\/5877","targetHints":{"allow":["GET"]}}],"collection":[{"href":"http:\/\/www.gcaudron.com\/index.php?rest_route=\/wp\/v2\/pages"}],"about":[{"href":"http:\/\/www.gcaudron.com\/index.php?rest_route=\/wp\/v2\/types\/page"}],"author":[{"embeddable":true,"href":"http:\/\/www.gcaudron.com\/index.php?rest_route=\/wp\/v2\/users\/3"}],"replies":[{"embeddable":true,"href":"http:\/\/www.gcaudron.com\/index.php?rest_route=%2Fwp%2Fv2%2Fcomments&post=5877"}],"version-history":[{"count":1,"href":"http:\/\/www.gcaudron.com\/index.php?rest_route=\/wp\/v2\/pages\/5877\/revisions"}],"predecessor-version":[{"id":5878,"href":"http:\/\/www.gcaudron.com\/index.php?rest_route=\/wp\/v2\/pages\/5877\/revisions\/5878"}],"up":[{"embeddable":true,"href":"http:\/\/www.gcaudron.com\/index.php?rest_route=\/wp\/v2\/pages\/1021"}],"wp:attachment":[{"href":"http:\/\/www.gcaudron.com\/index.php?rest_route=%2Fwp%2Fv2%2Fmedia&parent=5877"}],"curies":[{"name":"wp","href":"https:\/\/api.w.org\/{rel}","templated":true}]}}