{"id":5875,"date":"2017-10-31T11:24:45","date_gmt":"2017-10-31T10:24:45","guid":{"rendered":"http:\/\/www.gcaudron.com\/?page_id=5875"},"modified":"2017-10-31T11:24:45","modified_gmt":"2017-10-31T10:24:45","slug":"radios-libres","status":"publish","type":"page","link":"http:\/\/www.gcaudron.com\/?page_id=5875","title":{"rendered":"RADIOS LIBRES"},"content":{"rendered":"<p>La seule fois o\u00f9 j\u2019ai eu affaire \u00e0 la justice, \u00e0 l\u2019\u00e9poque on ne parlait pas de mise en examen mais d\u2019inculpation, ce fut en 1980 pour \u201ccomplicit\u00e9 dans le non-respect du monopole de radio diffusion\u201d.<\/p>\n<p>&nbsp;<\/p>\n<p>Je fus convoqu\u00e9 2 fois par un juge d\u2019instruction \u00e0 Amiens. Mon \u201ccrime\u201d : une photo de Nord Eclair, quotidien r\u00e9gional, sur laquelle, \u00e0 l\u2019occasion du Congr\u00e8s des Villes Nouvelles \u00e0 Villeneuve d\u2019Ascq, Radio Lille (radio libre) apparaissait lors de notre conf\u00e9rence de presse de cl\u00f4ture.<\/p>\n<p>&nbsp;<\/p>\n<p>Je me suis rendu \u00e0 la premi\u00e8re convocation.<\/p>\n<p>&nbsp;<\/p>\n<p>Je n\u2019ai pas r\u00e9pondu \u00e0 la seconde.<\/p>\n<p>&nbsp;<\/p>\n<p>L\u2019affaire tourna court en 1981 avec l\u2019\u00e9lection du pr\u00e9sident Mitterrand qui autorisa les radios libres dont la plupart disparurent au profit de radios priv\u00e9es commerciales, \u00e0 l\u2019exception notable de Radio-Campus (premi\u00e8re \u201cvraie\u201d radio libre) \u00e0 Villeneuve d\u2019Ascq.<\/p>\n<p>&nbsp;<\/p>\n<p>Les poursuites engag\u00e9es cess\u00e8rent et contrairement \u00e0 d\u2019autres, je n\u2019ai plus jamais eu affaire \u00e0 la justice.<\/p>\n","protected":false},"excerpt":{"rendered":"<p>La seule fois o\u00f9 j\u2019ai eu affaire \u00e0 la justice, \u00e0 l\u2019\u00e9poque on ne parlait pas de mise en examen mais d\u2019inculpation, ce fut en 1980 pour \u201ccomplicit\u00e9 dans le non-respect du monopole de radio diffusion\u201d. &nbsp; Je fus convoqu\u00e9 2 fois par un juge d\u2019instruction \u00e0 Amiens. Mon \u201ccrime\u201d : une photo de Nord &hellip; <\/p>\n<p><a class=\"more-link btn\" href=\"http:\/\/www.gcaudron.com\/?page_id=5875\">Continue reading<\/a><\/p>\n","protected":false},"author":3,"featured_media":0,"parent":1021,"menu_order":106,"comment_status":"closed","ping_status":"closed","template":"","meta":{"footnotes":""},"class_list":["post-5875","page","type-page","status-publish","hentry","nodate","item-wrap"],"_links":{"self":[{"href":"http:\/\/www.gcaudron.com\/index.php?rest_route=\/wp\/v2\/pages\/5875","targetHints":{"allow":["GET"]}}],"collection":[{"href":"http:\/\/www.gcaudron.com\/index.php?rest_route=\/wp\/v2\/pages"}],"about":[{"href":"http:\/\/www.gcaudron.com\/index.php?rest_route=\/wp\/v2\/types\/page"}],"author":[{"embeddable":true,"href":"http:\/\/www.gcaudron.com\/index.php?rest_route=\/wp\/v2\/users\/3"}],"replies":[{"embeddable":true,"href":"http:\/\/www.gcaudron.com\/index.php?rest_route=%2Fwp%2Fv2%2Fcomments&post=5875"}],"version-history":[{"count":1,"href":"http:\/\/www.gcaudron.com\/index.php?rest_route=\/wp\/v2\/pages\/5875\/revisions"}],"predecessor-version":[{"id":5876,"href":"http:\/\/www.gcaudron.com\/index.php?rest_route=\/wp\/v2\/pages\/5875\/revisions\/5876"}],"up":[{"embeddable":true,"href":"http:\/\/www.gcaudron.com\/index.php?rest_route=\/wp\/v2\/pages\/1021"}],"wp:attachment":[{"href":"http:\/\/www.gcaudron.com\/index.php?rest_route=%2Fwp%2Fv2%2Fmedia&parent=5875"}],"curies":[{"name":"wp","href":"https:\/\/api.w.org\/{rel}","templated":true}]}}