{"id":5871,"date":"2017-10-31T11:23:32","date_gmt":"2017-10-31T10:23:32","guid":{"rendered":"http:\/\/www.gcaudron.com\/?page_id=5871"},"modified":"2017-10-31T11:23:32","modified_gmt":"2017-10-31T10:23:32","slug":"quiquempois","status":"publish","type":"page","link":"http:\/\/www.gcaudron.com\/?page_id=5871","title":{"rendered":"QUIQUEMPOIS"},"content":{"rendered":"<p>Une des particularit\u00e9s de Villeneuve d\u2019Ascq, qui par ailleurs n\u2019en manque pas, c\u2019est bien la richesse arch\u00e9ologique assez \u00e9tonnante de son terroir depuis son habitat gaulois des Pr\u00e8s, les empreintes romaines depuis Ascq jusqu\u2019\u00e0 Flers et bien s\u00fbr le domaine carolingien d\u2019Annappes.<\/p>\n<p>&nbsp;<\/p>\n<p>Beaucoup de gens pourtant l\u2019ignorent : la ville poss\u00e8de une motte f\u00e9odale et une maison forte, deux anc\u00eatres des ch\u00e2teaux forts qui remontent au Moyen Age entre le X\u00e8me\u00a0et le XII\u00e8me\u00a0si\u00e8cle de notre \u00e8re.<\/p>\n<p>&nbsp;<\/p>\n<p>Il y a, bien sur d\u2019abord la motte f\u00e9odale du Breucq \u00e9difi\u00e9e sur une \u00eele de la Marque par le seigneur du Breucq, un des \u201cpairs\u201d de la Chatellenie de Lille \u00e0 la fin du X\u00e8me\u00a0si\u00e8cle.<\/p>\n<p>&nbsp;<\/p>\n<p>Il y a depuis l\u2019an 1200, la Maison Forte de Quiquempois qui, aujourd\u2019hui nich\u00e9e au coeur du parc urbain, n\u2019a pas, elle non plus, r\u00e9v\u00e9l\u00e9 tous ses secrets.<\/p>\n<p>&nbsp;<\/p>\n<p>Notons que Gilbert de Quiquempois a inspir\u00e9 le nom du Premier g\u00e9ant Villeneuvois : Gilbert de Quicampoix.<\/p>\n<p>&nbsp;<\/p>\n<p>Au demeurant avec un Seigneur au Breucq dont le domaine allait de la Marque jusqu\u2019\u00e0 Fives en passant par Flers et Marcq, et un autre dont le nom Quiquempois signifie \u201cpeu importe qui cela ennuie\u201d, Villeneuve d\u2019Ascq ne pouvait vraiment pas accepter de n\u2019\u00eatre qu\u2019un quartier nouveau de Lille\u2026<\/p>\n","protected":false},"excerpt":{"rendered":"<p>Une des particularit\u00e9s de Villeneuve d\u2019Ascq, qui par ailleurs n\u2019en manque pas, c\u2019est bien la richesse arch\u00e9ologique assez \u00e9tonnante de son terroir depuis son habitat gaulois des Pr\u00e8s, les empreintes romaines depuis Ascq jusqu\u2019\u00e0 Flers et bien s\u00fbr le domaine carolingien d\u2019Annappes. &nbsp; Beaucoup de gens pourtant l\u2019ignorent : la ville poss\u00e8de une motte f\u00e9odale &hellip; <\/p>\n<p><a class=\"more-link btn\" href=\"http:\/\/www.gcaudron.com\/?page_id=5871\">Continue reading<\/a><\/p>\n","protected":false},"author":3,"featured_media":0,"parent":1021,"menu_order":104,"comment_status":"closed","ping_status":"closed","template":"","meta":{"footnotes":""},"class_list":["post-5871","page","type-page","status-publish","hentry","nodate","item-wrap"],"_links":{"self":[{"href":"http:\/\/www.gcaudron.com\/index.php?rest_route=\/wp\/v2\/pages\/5871","targetHints":{"allow":["GET"]}}],"collection":[{"href":"http:\/\/www.gcaudron.com\/index.php?rest_route=\/wp\/v2\/pages"}],"about":[{"href":"http:\/\/www.gcaudron.com\/index.php?rest_route=\/wp\/v2\/types\/page"}],"author":[{"embeddable":true,"href":"http:\/\/www.gcaudron.com\/index.php?rest_route=\/wp\/v2\/users\/3"}],"replies":[{"embeddable":true,"href":"http:\/\/www.gcaudron.com\/index.php?rest_route=%2Fwp%2Fv2%2Fcomments&post=5871"}],"version-history":[{"count":1,"href":"http:\/\/www.gcaudron.com\/index.php?rest_route=\/wp\/v2\/pages\/5871\/revisions"}],"predecessor-version":[{"id":5872,"href":"http:\/\/www.gcaudron.com\/index.php?rest_route=\/wp\/v2\/pages\/5871\/revisions\/5872"}],"up":[{"embeddable":true,"href":"http:\/\/www.gcaudron.com\/index.php?rest_route=\/wp\/v2\/pages\/1021"}],"wp:attachment":[{"href":"http:\/\/www.gcaudron.com\/index.php?rest_route=%2Fwp%2Fv2%2Fmedia&parent=5871"}],"curies":[{"name":"wp","href":"https:\/\/api.w.org\/{rel}","templated":true}]}}