{"id":5869,"date":"2017-10-31T11:23:01","date_gmt":"2017-10-31T10:23:01","guid":{"rendered":"http:\/\/www.gcaudron.com\/?page_id=5869"},"modified":"2017-10-31T11:23:01","modified_gmt":"2017-10-31T10:23:01","slug":"quatre-vingt-quinze-annee-unique","status":"publish","type":"page","link":"http:\/\/www.gcaudron.com\/?page_id=5869","title":{"rendered":"\u201cQUATRE VINGT QUINZE\u201d\u2026 ANN\u00c9E UNIQUE"},"content":{"rendered":"<p>Un an avant, en 1994, j\u2019ai \u00e9t\u00e9 r\u00e9\u00e9lu de justesse au Parlement europ\u00e9en, la liste de Michel Rocard s\u2019effondrant avec 15 \u00e9lus au lieu de 22 en 1989.<\/p>\n<p>&nbsp;<\/p>\n<p>Un mois apr\u00e8s, je me mariais.<\/p>\n<p>&nbsp;<\/p>\n<p><strong>Cette ann\u00e9e, en 1995,\u00a0<\/strong>je suis r\u00e9\u00e9lu maire pour la quatri\u00e8me fois avec plus de 67% des voix, et deux mois et demi plus tard ma fille Myl\u00e8ne na\u00eet.<\/p>\n<p>&nbsp;<\/p>\n<p>C\u2019est le sommet \u201cde la gloire\u201d et \u201cla cime du bonheur\u201d !<\/p>\n<p>&nbsp;<\/p>\n<p><strong>En 1998 na\u00eetra\u00a0<\/strong>notre petite Lucie. J\u2019ai alors 53 ans\u2026<\/p>\n<p>&nbsp;<\/p>\n<p><strong>En 1999\u00a0<\/strong>je suis tr\u00e8s (trop) facilement d\u00e9sign\u00e9 pour un troisi\u00e8me mandat europ\u00e9en, ce qui contribuera sans doute \u00e0 me faire confirmer, le 27 f\u00e9vrier 2000, que je ne pourrait plus \u00eatre candidat au poste de Maire en 2001.<\/p>\n<p>&nbsp;<\/p>\n<p>C\u2019est alors le commencement de la fin de ma \u201ccarri\u00e8re politique\u201d.<\/p>\n<p>&nbsp;<\/p>\n<p><strong>En 2002,\u00a0<\/strong>je tente une \u201cremont\u00e9e\u201d par une candidature aux l\u00e9gislatives.<\/p>\n<p>&nbsp;<\/p>\n<p>Je perds ! Pour autant, avec mon association politique, Rassemblement Citoyen (association qui place le citoyen au coeur de tous les processus de r\u00e9novation de la vie politique, elle r\u00e9unit des femmes et des hommes issus d&rsquo;horizons divers, appartenant ou non \u00e0 un parti politique, et respecte leurs pluralit\u00e9s) le combat \u00e0 gauche continue.<\/p>\n<p>&nbsp;<\/p>\n<p>J\u2019y prends toute ma part.<\/p>\n<p>&nbsp;<\/p>\n<p>Tandis que mon fils Sylvian \u00e0 36 ans, vient de \u201cme faire grand-p\u00e8re\u201d, Myl\u00e8ne \u00e0 aujourd\u2019hui 10 ans et elle a fait son entr\u00e9e en 6\u00e8me\u00a0au coll\u00e8ge Rimbaud. Lucie en \u00e0 7. Elle est en CE1 \u00e0 Pierre et Marie Curie.<\/p>\n<p>&nbsp;<\/p>\n<p>Toutes deux \u201cperforment\u201d en musique, en danse et en plusieurs sports : ce sont deux purs produits de la diff\u00e9rence Villeneuvoise et donc des politiques mises en place depuis 1977.<\/p>\n","protected":false},"excerpt":{"rendered":"<p>Un an avant, en 1994, j\u2019ai \u00e9t\u00e9 r\u00e9\u00e9lu de justesse au Parlement europ\u00e9en, la liste de Michel Rocard s\u2019effondrant avec 15 \u00e9lus au lieu de 22 en 1989. &nbsp; Un mois apr\u00e8s, je me mariais. &nbsp; Cette ann\u00e9e, en 1995,\u00a0je suis r\u00e9\u00e9lu maire pour la quatri\u00e8me fois avec plus de 67% des voix, et deux &hellip; <\/p>\n<p><a class=\"more-link btn\" href=\"http:\/\/www.gcaudron.com\/?page_id=5869\">Continue reading<\/a><\/p>\n","protected":false},"author":3,"featured_media":0,"parent":1021,"menu_order":103,"comment_status":"closed","ping_status":"closed","template":"","meta":{"footnotes":""},"class_list":["post-5869","page","type-page","status-publish","hentry","nodate","item-wrap"],"_links":{"self":[{"href":"http:\/\/www.gcaudron.com\/index.php?rest_route=\/wp\/v2\/pages\/5869","targetHints":{"allow":["GET"]}}],"collection":[{"href":"http:\/\/www.gcaudron.com\/index.php?rest_route=\/wp\/v2\/pages"}],"about":[{"href":"http:\/\/www.gcaudron.com\/index.php?rest_route=\/wp\/v2\/types\/page"}],"author":[{"embeddable":true,"href":"http:\/\/www.gcaudron.com\/index.php?rest_route=\/wp\/v2\/users\/3"}],"replies":[{"embeddable":true,"href":"http:\/\/www.gcaudron.com\/index.php?rest_route=%2Fwp%2Fv2%2Fcomments&post=5869"}],"version-history":[{"count":1,"href":"http:\/\/www.gcaudron.com\/index.php?rest_route=\/wp\/v2\/pages\/5869\/revisions"}],"predecessor-version":[{"id":5870,"href":"http:\/\/www.gcaudron.com\/index.php?rest_route=\/wp\/v2\/pages\/5869\/revisions\/5870"}],"up":[{"embeddable":true,"href":"http:\/\/www.gcaudron.com\/index.php?rest_route=\/wp\/v2\/pages\/1021"}],"wp:attachment":[{"href":"http:\/\/www.gcaudron.com\/index.php?rest_route=%2Fwp%2Fv2%2Fmedia&parent=5869"}],"curies":[{"name":"wp","href":"https:\/\/api.w.org\/{rel}","templated":true}]}}