{"id":5867,"date":"2017-10-31T10:04:54","date_gmt":"2017-10-31T09:04:54","guid":{"rendered":"http:\/\/www.gcaudron.com\/?page_id=5867"},"modified":"2017-10-31T10:04:54","modified_gmt":"2017-10-31T09:04:54","slug":"quatorze-juillet-1984","status":"publish","type":"page","link":"http:\/\/www.gcaudron.com\/?page_id=5867","title":{"rendered":"QUATORZE JUILLET 1984"},"content":{"rendered":"<p>Plus exactement, 13 juillet en soir\u00e9e puisqu\u2019\u00e0 Villeneuve d\u2019Ascq la f\u00eate a toujours lieu dans la nuit du 13 au 14. Le feu d\u2019artifice tir\u00e9 en Centre Ville est termin\u00e9. Une fus\u00e9 d\u00e9fectueuse n\u2019a pu \u00eatre utilis\u00e9e. Elle a \u00e9t\u00e9 plac\u00e9e dans le garage de l\u2019H\u00f4tel de Ville.<\/p>\n<p>&nbsp;<\/p>\n<p>Le responsable du comit\u00e9 des f\u00eates la manipule pour essayer de comprendre des jeunes sont arriv\u00e9s. L\u2019obus explose\u00a0! Un d\u2019entre eux est tu\u00e9. Il s\u2019appelait Pascal LAHOUSSE. C\u2019\u00e9tait un joueur du Hand-ball club Villeneuvois, le HBCV. Ses copains sont bless\u00e9s.<\/p>\n<p>&nbsp;<\/p>\n<p><strong>C\u2019est le drame\u00a0!<\/strong>\u00a0C\u2019est l\u2019horreur\u00a0!<\/p>\n<p>&nbsp;<\/p>\n<p><strong>Pour juillet 1985, c\u2019est d\u00e9cid\u00e9\u00a0:<\/strong>\u00a0on ne tirera plus de feux d\u2019artifice \u00e0 Villeneuve d\u2019Ascq\u00a0!<\/p>\n<p>&nbsp;<\/p>\n<p><strong>Alors Monsieur Jean Lahousse<\/strong>, le p\u00e8re de Pascal, d\u00e9passant sa douleur d\u00e9cide de cr\u00e9er une Association, l\u2019ANUFA, qui formera les artificiers et qui proposera une r\u00e9glementation fran\u00e7aise puis europ\u00e9enne.<\/p>\n<p>&nbsp;<\/p>\n<p>C\u2019est lui qui nous d\u00e9cidera, en 1986, de reprendre nos feux d\u2019artifice qui \u00e9merveillent tant, chaque ann\u00e9e, les petits comme les grands\u2026 mais en prenant des mesures de s\u00e9curit\u00e9 strictes pour \u00e9viter de nouveaux drames \u00e0 Villeneuve d\u2019Ascq mais aussi ailleurs.<\/p>\n<p>&nbsp;<\/p>\n<p>Depuis, au nom de Pascal, que de vies sans doute \u00e9pargn\u00e9es un peu partout en France \u00e0 l\u2019heure des f\u00eates.<\/p>\n<p>&nbsp;<\/p>\n<p>L\u2019ANUFA vient de f\u00eater ses 20 ans.<\/p>\n","protected":false},"excerpt":{"rendered":"<p>Plus exactement, 13 juillet en soir\u00e9e puisqu\u2019\u00e0 Villeneuve d\u2019Ascq la f\u00eate a toujours lieu dans la nuit du 13 au 14. Le feu d\u2019artifice tir\u00e9 en Centre Ville est termin\u00e9. Une fus\u00e9 d\u00e9fectueuse n\u2019a pu \u00eatre utilis\u00e9e. Elle a \u00e9t\u00e9 plac\u00e9e dans le garage de l\u2019H\u00f4tel de Ville. &nbsp; Le responsable du comit\u00e9 des f\u00eates &hellip; <\/p>\n<p><a class=\"more-link btn\" href=\"http:\/\/www.gcaudron.com\/?page_id=5867\">Continue reading<\/a><\/p>\n","protected":false},"author":3,"featured_media":0,"parent":1021,"menu_order":102,"comment_status":"closed","ping_status":"closed","template":"","meta":{"footnotes":""},"class_list":["post-5867","page","type-page","status-publish","hentry","nodate","item-wrap"],"_links":{"self":[{"href":"http:\/\/www.gcaudron.com\/index.php?rest_route=\/wp\/v2\/pages\/5867","targetHints":{"allow":["GET"]}}],"collection":[{"href":"http:\/\/www.gcaudron.com\/index.php?rest_route=\/wp\/v2\/pages"}],"about":[{"href":"http:\/\/www.gcaudron.com\/index.php?rest_route=\/wp\/v2\/types\/page"}],"author":[{"embeddable":true,"href":"http:\/\/www.gcaudron.com\/index.php?rest_route=\/wp\/v2\/users\/3"}],"replies":[{"embeddable":true,"href":"http:\/\/www.gcaudron.com\/index.php?rest_route=%2Fwp%2Fv2%2Fcomments&post=5867"}],"version-history":[{"count":1,"href":"http:\/\/www.gcaudron.com\/index.php?rest_route=\/wp\/v2\/pages\/5867\/revisions"}],"predecessor-version":[{"id":5868,"href":"http:\/\/www.gcaudron.com\/index.php?rest_route=\/wp\/v2\/pages\/5867\/revisions\/5868"}],"up":[{"embeddable":true,"href":"http:\/\/www.gcaudron.com\/index.php?rest_route=\/wp\/v2\/pages\/1021"}],"wp:attachment":[{"href":"http:\/\/www.gcaudron.com\/index.php?rest_route=%2Fwp%2Fv2%2Fmedia&parent=5867"}],"curies":[{"name":"wp","href":"https:\/\/api.w.org\/{rel}","templated":true}]}}