{"id":5865,"date":"2017-10-31T10:04:24","date_gmt":"2017-10-31T09:04:24","guid":{"rendered":"http:\/\/www.gcaudron.com\/?page_id=5865"},"modified":"2017-10-31T10:04:24","modified_gmt":"2017-10-31T09:04:24","slug":"prodi-romano","status":"publish","type":"page","link":"http:\/\/www.gcaudron.com\/?page_id=5865","title":{"rendered":"PRODI ROMANO"},"content":{"rendered":"<p>Allez donc comprendre pourquoi, moi qui aime tant l\u2019Italie et les italiens, l\u2019Italie, un pays o\u00f9 Romano PRODI a su redonner des couleurs \u00e0 la gauche, un Romano PRODI, Pr\u00e9sident de Commission europ\u00e9enne qui, \u00e0 Bruxelles, a succ\u00e9d\u00e9 \u00e0 un Jaques SANTER un peu p\u00e2le, et un PRODI qui demain a de bonnes chances de battre Silvio BERLUSCONI qui, lui, repr\u00e9sente tout ce que je n\u2019aime pas en politique, malgr\u00e9 tout cela\u2026 oui\u2026, je l\u2019avoue, je n\u2019ai jamais eu de sympathie pour lui.<\/p>\n<p>&nbsp;<\/p>\n<p>Je l\u2019ai toujours trouv\u00e9 timor\u00e9 et peu convainquant.<\/p>\n<p>&nbsp;<\/p>\n<p>Il est aujourd\u2019hui pour moi, \u00e0 son corps d\u00e9fendant sans doute, largement responsable de l\u2019enlisement europ\u00e9en et de l\u2019arriv\u00e9e \u00e0 sa place du s\u00e9millant lib\u00e9ral Jos\u00e9 Manuel BARROSO.<\/p>\n<p>&nbsp;<\/p>\n<p>En 2004, apr\u00e8s la Pr\u00e9sidence DELORS de 1989, les commissaires CRESSON et de SILGY en 1994, les commissaires LAMY et BARNIER en 1999, nous n\u2019avons plus aujourd\u2019hui qu\u2019un commissaire aux transports, Jacques BARROT et la France n\u2019a m\u00eame pas eu de candidat \u00e0 la Pr\u00e9sidence de la Commission europ\u00e9enne.<\/p>\n<p>&nbsp;<\/p>\n<p>Romano PRODI n\u2019y est sans doute pour rien, mais son nom est, pour moi, associ\u00e9 \u00e0 notre d\u00e9clin.<\/p>\n","protected":false},"excerpt":{"rendered":"<p>Allez donc comprendre pourquoi, moi qui aime tant l\u2019Italie et les italiens, l\u2019Italie, un pays o\u00f9 Romano PRODI a su redonner des couleurs \u00e0 la gauche, un Romano PRODI, Pr\u00e9sident de Commission europ\u00e9enne qui, \u00e0 Bruxelles, a succ\u00e9d\u00e9 \u00e0 un Jaques SANTER un peu p\u00e2le, et un PRODI qui demain a de bonnes chances de &hellip; <\/p>\n<p><a class=\"more-link btn\" href=\"http:\/\/www.gcaudron.com\/?page_id=5865\">Continue reading<\/a><\/p>\n","protected":false},"author":3,"featured_media":0,"parent":1021,"menu_order":101,"comment_status":"closed","ping_status":"closed","template":"","meta":{"footnotes":""},"class_list":["post-5865","page","type-page","status-publish","hentry","nodate","item-wrap"],"_links":{"self":[{"href":"http:\/\/www.gcaudron.com\/index.php?rest_route=\/wp\/v2\/pages\/5865","targetHints":{"allow":["GET"]}}],"collection":[{"href":"http:\/\/www.gcaudron.com\/index.php?rest_route=\/wp\/v2\/pages"}],"about":[{"href":"http:\/\/www.gcaudron.com\/index.php?rest_route=\/wp\/v2\/types\/page"}],"author":[{"embeddable":true,"href":"http:\/\/www.gcaudron.com\/index.php?rest_route=\/wp\/v2\/users\/3"}],"replies":[{"embeddable":true,"href":"http:\/\/www.gcaudron.com\/index.php?rest_route=%2Fwp%2Fv2%2Fcomments&post=5865"}],"version-history":[{"count":1,"href":"http:\/\/www.gcaudron.com\/index.php?rest_route=\/wp\/v2\/pages\/5865\/revisions"}],"predecessor-version":[{"id":5866,"href":"http:\/\/www.gcaudron.com\/index.php?rest_route=\/wp\/v2\/pages\/5865\/revisions\/5866"}],"up":[{"embeddable":true,"href":"http:\/\/www.gcaudron.com\/index.php?rest_route=\/wp\/v2\/pages\/1021"}],"wp:attachment":[{"href":"http:\/\/www.gcaudron.com\/index.php?rest_route=%2Fwp%2Fv2%2Fmedia&parent=5865"}],"curies":[{"name":"wp","href":"https:\/\/api.w.org\/{rel}","templated":true}]}}