{"id":5863,"date":"2017-10-31T10:03:39","date_gmt":"2017-10-31T09:03:39","guid":{"rendered":"http:\/\/www.gcaudron.com\/?page_id=5863"},"modified":"2017-10-31T10:03:39","modified_gmt":"2017-10-31T09:03:39","slug":"precarite","status":"publish","type":"page","link":"http:\/\/www.gcaudron.com\/?page_id=5863","title":{"rendered":"PR\u00c9CARIT\u00c9"},"content":{"rendered":"<p>\u00ab\u00a0Tout est pr\u00e9caire dans la vie et donc pourquoi pas le travail ?\u00a0\u00bb nous disent, en choeur, les lib\u00e9raux !<\/p>\n<p>&nbsp;<\/p>\n<p>Certes mais le travail c\u2019est, \u00e0 la fois, ce qui permet de vivre, de se loger, de faire des projets et d\u2019esp\u00e9rer\u2026<\/p>\n<p>&nbsp;<\/p>\n<p>Sa pr\u00e9carisation satisfait sans doute, \u00e0 court terme, les riches et les puissants mais \u00e0 moyen terme, elle leur tue \u201cla poule aux oeufs d\u2019or\u201d.<\/p>\n<p>&nbsp;<\/p>\n<p>La soci\u00e9t\u00e9 se fragilise, les in\u00e9galit\u00e9s s\u2019accroissent et les crises sont au rendez-vous !<\/p>\n<p>&nbsp;<\/p>\n<p>Les jeunes qui se battent contre la pr\u00e9carisation qu\u2019on veut leur imposer comme alternative au ch\u00f4mage (CNE, CPE, etc\u2026) ne s\u2019y trompent pas.<\/p>\n<p>&nbsp;<\/p>\n<p>Ce n\u2019est pas pour eux une affaire d\u2019\u00e9go\u00efsme mais la juste vision d\u2019une soci\u00e9t\u00e9 \u00e9clat\u00e9e et instable qu\u2019ils refusent.<\/p>\n<p>&nbsp;<\/p>\n<p>Par leur analyse et par leurs luttes ils donnent une belle le\u00e7on \u00e0 celles et ceux qui parmi leurs a\u00een\u00e9s se sont satisfaits un peu vite de cette soci\u00e9t\u00e9.<\/p>\n","protected":false},"excerpt":{"rendered":"<p>\u00ab\u00a0Tout est pr\u00e9caire dans la vie et donc pourquoi pas le travail ?\u00a0\u00bb nous disent, en choeur, les lib\u00e9raux ! &nbsp; Certes mais le travail c\u2019est, \u00e0 la fois, ce qui permet de vivre, de se loger, de faire des projets et d\u2019esp\u00e9rer\u2026 &nbsp; Sa pr\u00e9carisation satisfait sans doute, \u00e0 court terme, les riches et &hellip; <\/p>\n<p><a class=\"more-link btn\" href=\"http:\/\/www.gcaudron.com\/?page_id=5863\">Continue reading<\/a><\/p>\n","protected":false},"author":3,"featured_media":0,"parent":1021,"menu_order":100,"comment_status":"closed","ping_status":"closed","template":"","meta":{"footnotes":""},"class_list":["post-5863","page","type-page","status-publish","hentry","nodate","item-wrap"],"_links":{"self":[{"href":"http:\/\/www.gcaudron.com\/index.php?rest_route=\/wp\/v2\/pages\/5863","targetHints":{"allow":["GET"]}}],"collection":[{"href":"http:\/\/www.gcaudron.com\/index.php?rest_route=\/wp\/v2\/pages"}],"about":[{"href":"http:\/\/www.gcaudron.com\/index.php?rest_route=\/wp\/v2\/types\/page"}],"author":[{"embeddable":true,"href":"http:\/\/www.gcaudron.com\/index.php?rest_route=\/wp\/v2\/users\/3"}],"replies":[{"embeddable":true,"href":"http:\/\/www.gcaudron.com\/index.php?rest_route=%2Fwp%2Fv2%2Fcomments&post=5863"}],"version-history":[{"count":1,"href":"http:\/\/www.gcaudron.com\/index.php?rest_route=\/wp\/v2\/pages\/5863\/revisions"}],"predecessor-version":[{"id":5864,"href":"http:\/\/www.gcaudron.com\/index.php?rest_route=\/wp\/v2\/pages\/5863\/revisions\/5864"}],"up":[{"embeddable":true,"href":"http:\/\/www.gcaudron.com\/index.php?rest_route=\/wp\/v2\/pages\/1021"}],"wp:attachment":[{"href":"http:\/\/www.gcaudron.com\/index.php?rest_route=%2Fwp%2Fv2%2Fmedia&parent=5863"}],"curies":[{"name":"wp","href":"https:\/\/api.w.org\/{rel}","templated":true}]}}