{"id":5861,"date":"2017-10-31T10:03:07","date_gmt":"2017-10-31T09:03:07","guid":{"rendered":"http:\/\/www.gcaudron.com\/?page_id=5861"},"modified":"2017-10-31T10:03:07","modified_gmt":"2017-10-31T09:03:07","slug":"poperen-jean","status":"publish","type":"page","link":"http:\/\/www.gcaudron.com\/?page_id=5861","title":{"rendered":"POPEREN JEAN"},"content":{"rendered":"<p>S\u2019il est un homme politique pour lequel je garde une v\u00e9ritable affection, c\u2019est bien Jean Poperen.<\/p>\n<p>&nbsp;<\/p>\n<p>Un homme de conviction, un homme d\u2019action qui aimait la vie dans toutes ses dimensions,\u00a0<strong>un homme enfin d\u2019amiti\u00e9 et de fid\u00e9lit\u00e9<\/strong>\u2026 des dons que bien peu de ceux qui en ont \u00e9t\u00e9 les b\u00e9n\u00e9ficiaires lui ont rendu\u2026 moi y compris.<\/p>\n<p>&nbsp;<\/p>\n<p>Sa contribution \u00e0 l\u2019Histoire du socialisme est importante. Elle aurait pu l\u2019\u00eatre davantage, question de circonstances\u2026 A l\u2019heure o\u00f9 les socialismes fran\u00e7ais et europ\u00e9en se cherchent,\u00a0<strong>sa pens\u00e9e m\u00e9riterait d\u2019\u00eatre revisit\u00e9e.<\/strong><\/p>\n<p><strong>\u00a0<\/strong><\/p>\n<p>Je sais que certains de ses amis y travaillent.<\/p>\n","protected":false},"excerpt":{"rendered":"<p>S\u2019il est un homme politique pour lequel je garde une v\u00e9ritable affection, c\u2019est bien Jean Poperen. &nbsp; Un homme de conviction, un homme d\u2019action qui aimait la vie dans toutes ses dimensions,\u00a0un homme enfin d\u2019amiti\u00e9 et de fid\u00e9lit\u00e9\u2026 des dons que bien peu de ceux qui en ont \u00e9t\u00e9 les b\u00e9n\u00e9ficiaires lui ont rendu\u2026 moi &hellip; <\/p>\n<p><a class=\"more-link btn\" href=\"http:\/\/www.gcaudron.com\/?page_id=5861\">Continue reading<\/a><\/p>\n","protected":false},"author":3,"featured_media":0,"parent":1021,"menu_order":99,"comment_status":"closed","ping_status":"closed","template":"","meta":{"footnotes":""},"class_list":["post-5861","page","type-page","status-publish","hentry","nodate","item-wrap"],"_links":{"self":[{"href":"http:\/\/www.gcaudron.com\/index.php?rest_route=\/wp\/v2\/pages\/5861","targetHints":{"allow":["GET"]}}],"collection":[{"href":"http:\/\/www.gcaudron.com\/index.php?rest_route=\/wp\/v2\/pages"}],"about":[{"href":"http:\/\/www.gcaudron.com\/index.php?rest_route=\/wp\/v2\/types\/page"}],"author":[{"embeddable":true,"href":"http:\/\/www.gcaudron.com\/index.php?rest_route=\/wp\/v2\/users\/3"}],"replies":[{"embeddable":true,"href":"http:\/\/www.gcaudron.com\/index.php?rest_route=%2Fwp%2Fv2%2Fcomments&post=5861"}],"version-history":[{"count":1,"href":"http:\/\/www.gcaudron.com\/index.php?rest_route=\/wp\/v2\/pages\/5861\/revisions"}],"predecessor-version":[{"id":5862,"href":"http:\/\/www.gcaudron.com\/index.php?rest_route=\/wp\/v2\/pages\/5861\/revisions\/5862"}],"up":[{"embeddable":true,"href":"http:\/\/www.gcaudron.com\/index.php?rest_route=\/wp\/v2\/pages\/1021"}],"wp:attachment":[{"href":"http:\/\/www.gcaudron.com\/index.php?rest_route=%2Fwp%2Fv2%2Fmedia&parent=5861"}],"curies":[{"name":"wp","href":"https:\/\/api.w.org\/{rel}","templated":true}]}}