{"id":5859,"date":"2017-10-31T10:02:30","date_gmt":"2017-10-31T09:02:30","guid":{"rendered":"http:\/\/www.gcaudron.com\/?page_id=5859"},"modified":"2017-10-31T10:02:30","modified_gmt":"2017-10-31T09:02:30","slug":"pont-de-bois","status":"publish","type":"page","link":"http:\/\/www.gcaudron.com\/?page_id=5859","title":{"rendered":"PONT DE BOIS"},"content":{"rendered":"<p><strong>C\u2019est un quartier de Villeneuve d\u2019Ascq,\u00a0<\/strong>qui comme son nom de l\u2019indique pas, n\u2019a rien de bucolique\u2026 C\u2019est m\u00eame tout le contraire !&#8230;<\/p>\n<p>&nbsp;<\/p>\n<p>N\u00e9 dans l\u2019esprit de technocrates b\u00e9tonneurs, con\u00e7u par un architecte \u201claur\u00e9at d\u2019un concours international\u201d, il est massif, dense, illisible pour celles et ceux qui n\u2019y habitent pas !<\/p>\n<p>&nbsp;<\/p>\n<p>Si j\u2019avais \u00e9t\u00e9 maire de Villeneuve d\u2019Ascq \u00e0 ce moment l\u00e0, je ne l\u2019aurais jamais laiss\u00e9 construire ainsi !<\/p>\n<p>&nbsp;<\/p>\n<p><strong>Et pourtant c\u2019est un quartier qui \u00e0 toujours v\u00e9cu\u00a0<\/strong>avec ses universit\u00e9s, son coll\u00e8ge, son lyc\u00e9e, ses \u00e9coles, son centre social, sa garderie et ses terrains de jeux, sans oublier une vie associative r\u00e9elle et des habitants pionniers tout \u00e0 fait remarquables dont certains y vivent depuis le d\u00e9but.<\/p>\n<p>&nbsp;<\/p>\n<p><strong>Et si aujourd\u2019hui, malheureusement de plus en plus, le Pont de Bois\u00a0<\/strong>devient synonyme de \u201dquartier en difficult\u00e9\u201d,\u00a0<strong>n\u2019oublions pas sa r\u00e9alit\u00e9\u00a0<\/strong>et son histoire : un grand square que nous avons baptis\u00e9 du nom de Georges Brassens, une place L\u00e9on Blum o\u00f9 Fran\u00e7ois Mitterrand, lui-m\u00eame, est venu planter un arbre aujourd\u2019hui immense avant de d\u00e9voiler une plaque o\u00f9 on peut lire une citation de L\u00e9on Blum :\u00a0\u00ab Quand l\u2019Homme se trouble ou se d\u00e9sesp\u00e8re, il n\u2019a qu\u2019\u00e0 penser \u00e0 l\u2019Humanit\u00e9 \u00bb<\/p>\n<p>&nbsp;<\/p>\n<p><strong>N\u2019oublions pas non plus\u00a0<\/strong>une Maison de quartier imagin\u00e9e et cr\u00e9\u00e9 par la ville en marge du lyc\u00e9e Raymond Queneau et qui porte le nom de Jacques Brel.<\/p>\n<p>&nbsp;<\/p>\n<p>C\u2019est d\u2019ailleurs sa fille France qui nous fit l\u2019honneur et le plaisir, un jour de venir l\u2019inaugurer.<\/p>\n<p>&nbsp;<\/p>\n<p>Blum, Brassens, Brel : sous de tels auspices, le quartier du Pont de Bois ne peut pas ne pas avoir un bel avenir\u2026 et ne doit pas d\u00e9sesp\u00e9rer de lui m\u00eame.<\/p>\n<p>&nbsp;<\/p>\n<p>Encore faut-il qu\u2019on l\u2019y aide\u2026<\/p>\n<p>&nbsp;<\/p>\n<p>Et pas seulement avec des grands projets de restructuration\u2026 mais d\u2019abord dans sa vie quotidienne et celle de ses habitants.<\/p>\n","protected":false},"excerpt":{"rendered":"<p>C\u2019est un quartier de Villeneuve d\u2019Ascq,\u00a0qui comme son nom de l\u2019indique pas, n\u2019a rien de bucolique\u2026 C\u2019est m\u00eame tout le contraire !&#8230; &nbsp; N\u00e9 dans l\u2019esprit de technocrates b\u00e9tonneurs, con\u00e7u par un architecte \u201claur\u00e9at d\u2019un concours international\u201d, il est massif, dense, illisible pour celles et ceux qui n\u2019y habitent pas ! &nbsp; Si j\u2019avais \u00e9t\u00e9 &hellip; <\/p>\n<p><a class=\"more-link btn\" href=\"http:\/\/www.gcaudron.com\/?page_id=5859\">Continue reading<\/a><\/p>\n","protected":false},"author":3,"featured_media":0,"parent":1021,"menu_order":98,"comment_status":"closed","ping_status":"closed","template":"","meta":{"footnotes":""},"class_list":["post-5859","page","type-page","status-publish","hentry","nodate","item-wrap"],"_links":{"self":[{"href":"http:\/\/www.gcaudron.com\/index.php?rest_route=\/wp\/v2\/pages\/5859","targetHints":{"allow":["GET"]}}],"collection":[{"href":"http:\/\/www.gcaudron.com\/index.php?rest_route=\/wp\/v2\/pages"}],"about":[{"href":"http:\/\/www.gcaudron.com\/index.php?rest_route=\/wp\/v2\/types\/page"}],"author":[{"embeddable":true,"href":"http:\/\/www.gcaudron.com\/index.php?rest_route=\/wp\/v2\/users\/3"}],"replies":[{"embeddable":true,"href":"http:\/\/www.gcaudron.com\/index.php?rest_route=%2Fwp%2Fv2%2Fcomments&post=5859"}],"version-history":[{"count":1,"href":"http:\/\/www.gcaudron.com\/index.php?rest_route=\/wp\/v2\/pages\/5859\/revisions"}],"predecessor-version":[{"id":5860,"href":"http:\/\/www.gcaudron.com\/index.php?rest_route=\/wp\/v2\/pages\/5859\/revisions\/5860"}],"up":[{"embeddable":true,"href":"http:\/\/www.gcaudron.com\/index.php?rest_route=\/wp\/v2\/pages\/1021"}],"wp:attachment":[{"href":"http:\/\/www.gcaudron.com\/index.php?rest_route=%2Fwp%2Fv2%2Fmedia&parent=5859"}],"curies":[{"name":"wp","href":"https:\/\/api.w.org\/{rel}","templated":true}]}}