{"id":5857,"date":"2017-10-31T10:01:55","date_gmt":"2017-10-31T09:01:55","guid":{"rendered":"http:\/\/www.gcaudron.com\/?page_id=5857"},"modified":"2017-10-31T10:01:55","modified_gmt":"2017-10-31T09:01:55","slug":"pologne","status":"publish","type":"page","link":"http:\/\/www.gcaudron.com\/?page_id=5857","title":{"rendered":"POLOGNE"},"content":{"rendered":"<p>Ma m\u00e8re \u00e9tait polonaise (je suis donc un immigr\u00e9 polonais de la deuxi\u00e8me g\u00e9n\u00e9ration), pourtant, je n\u2019avais jamais eu l\u2019occasion de me rendre en Pologne jusqu\u2019en 1999, ann\u00e9e au cours de laquelle je pris au Parlement Europ\u00e9en mes fonctions dans la D\u00e9l\u00e9gation Europe &#8211; Pologne qui allait suivre les n\u00e9gociations d\u2019adh\u00e9sion de la Pologne \u00e0 l\u2019Union Europ\u00e9enne.<\/p>\n<p>&nbsp;<\/p>\n<p>Deux questions, alors, m\u2019obs\u00e9daient :<\/p>\n<p>&nbsp;<\/p>\n<p>Allais-je enfin retrouver des parents polonais, cousins ou petits cousins ?<\/p>\n<p>&nbsp;<\/p>\n<p>Et surtout, pourquoi donc ce grand pays, la Pologne, qui avait de tous temps r\u00eav\u00e9 d\u2019ind\u00e9pendance, en en payant souvent ch\u00e8rement le prix, se pr\u00e9parait-il \u00e0 abandonner celle qu\u2019il avait r\u00e9cemment retrouv\u00e9e suite \u00e0 la chute de ce que l\u2019on appelait alors l\u2019empire sovi\u00e9tique ?<\/p>\n<p>&nbsp;<\/p>\n<p>Cinq ans de discussions, de constats, de visites et d\u2019\u00e9changes m\u2019apporteront des r\u00e9ponses \u00e0 ces deux questions :<\/p>\n<p>&nbsp;<\/p>\n<p>&#8211; Pour des raisons que j\u2019ignore, je n\u2019ai plus de parent\u00e9 en Pologne malgr\u00e9, dans les ann\u00e9es 20, deux familles nombreuses du c\u00f4t\u00e9 de mon grand p\u00e8re et du c\u00f4t\u00e9 de ma grand-m\u00e8re.<\/p>\n<p>&#8211; Si la Pologne a d\u00e9cid\u00e9 de rejoindre l\u2019Union Europ\u00e9enne, ce n\u2019est pas pour s\u2019y dissoudre mais au contraire, forte de ses 40 millions d\u2019habitants, pour y cr\u00e9er un nouveau p\u00f4le \u00e0 l\u2019Est, symbole de cette Nouvelle Europe lib\u00e9rale, et pro \u2013 am\u00e9ricaine qui irrite les vieux pays fondateurs.<\/p>\n<p>&nbsp;<\/p>\n<p>C\u2019est d\u2019ailleurs une des raisons pour laquelle je n\u2019ai jamais cess\u00e9 d\u2019expliquer que si le dernier \u00e9largissement de mai 2004 n\u2019avait quantitativement rien d\u2019exceptionnel, ce qui par contre l\u2019\u00e9tait, avec la r\u00e9unification du vieux continent, c\u2019\u00e9tait le d\u00e9placement significatif de son centre de gravit\u00e9.<\/p>\n","protected":false},"excerpt":{"rendered":"<p>Ma m\u00e8re \u00e9tait polonaise (je suis donc un immigr\u00e9 polonais de la deuxi\u00e8me g\u00e9n\u00e9ration), pourtant, je n\u2019avais jamais eu l\u2019occasion de me rendre en Pologne jusqu\u2019en 1999, ann\u00e9e au cours de laquelle je pris au Parlement Europ\u00e9en mes fonctions dans la D\u00e9l\u00e9gation Europe &#8211; Pologne qui allait suivre les n\u00e9gociations d\u2019adh\u00e9sion de la Pologne \u00e0 &hellip; <\/p>\n<p><a class=\"more-link btn\" href=\"http:\/\/www.gcaudron.com\/?page_id=5857\">Continue reading<\/a><\/p>\n","protected":false},"author":3,"featured_media":0,"parent":1021,"menu_order":97,"comment_status":"closed","ping_status":"closed","template":"","meta":{"footnotes":""},"class_list":["post-5857","page","type-page","status-publish","hentry","nodate","item-wrap"],"_links":{"self":[{"href":"http:\/\/www.gcaudron.com\/index.php?rest_route=\/wp\/v2\/pages\/5857","targetHints":{"allow":["GET"]}}],"collection":[{"href":"http:\/\/www.gcaudron.com\/index.php?rest_route=\/wp\/v2\/pages"}],"about":[{"href":"http:\/\/www.gcaudron.com\/index.php?rest_route=\/wp\/v2\/types\/page"}],"author":[{"embeddable":true,"href":"http:\/\/www.gcaudron.com\/index.php?rest_route=\/wp\/v2\/users\/3"}],"replies":[{"embeddable":true,"href":"http:\/\/www.gcaudron.com\/index.php?rest_route=%2Fwp%2Fv2%2Fcomments&post=5857"}],"version-history":[{"count":1,"href":"http:\/\/www.gcaudron.com\/index.php?rest_route=\/wp\/v2\/pages\/5857\/revisions"}],"predecessor-version":[{"id":5858,"href":"http:\/\/www.gcaudron.com\/index.php?rest_route=\/wp\/v2\/pages\/5857\/revisions\/5858"}],"up":[{"embeddable":true,"href":"http:\/\/www.gcaudron.com\/index.php?rest_route=\/wp\/v2\/pages\/1021"}],"wp:attachment":[{"href":"http:\/\/www.gcaudron.com\/index.php?rest_route=%2Fwp%2Fv2%2Fmedia&parent=5857"}],"curies":[{"name":"wp","href":"https:\/\/api.w.org\/{rel}","templated":true}]}}