{"id":5855,"date":"2017-10-31T10:01:09","date_gmt":"2017-10-31T09:01:09","guid":{"rendered":"http:\/\/www.gcaudron.com\/?page_id=5855"},"modified":"2017-10-31T10:01:09","modified_gmt":"2017-10-31T09:01:09","slug":"personnel-communal","status":"publish","type":"page","link":"http:\/\/www.gcaudron.com\/?page_id=5855","title":{"rendered":"PERSONNEL COMMUNAL"},"content":{"rendered":"<p>S\u2019il est quelque chose auquel un homme ou une femme est mal pr\u00e9par\u00e9(e) quand il acc\u00e8de pour la premi\u00e8re fois \u00e0 la fonction de Maire, c\u2019est bien la gestion d\u2019un personnel communal qui, selon les cas, ira de quelques personnes \u00e0 plusieurs milliers.<\/p>\n<p>&nbsp;<\/p>\n<p>Du jour au lendemain, ces fonctionnaires territoriaux vont \u00ab\u00a0changer de patron\u00a0\u00bb. Du jour au lendemain, celui ou celle qui pour certains \u00e9tait un (e) proche, un(e) ami(e), ou un(e) camarade,\u2026devient leur patron.<\/p>\n<p>&nbsp;<\/p>\n<p>Pas facile d\u2019assurer la transition. Pas facile d\u2019imprimer un nouveau style. Pas facile d\u2019\u00eatre juste sans \u00eatre ingrat. Pas facile de r\u00e9pondre aux revendications sans prendre le risque de tout d\u00e9s\u00e9quilibrer. Pas facile d\u2019arbitrer entre les demandes l\u00e9gitimes du personnel et celles non moins l\u00e9gitimes de tous les citoyens de la commune.<\/p>\n<p>&nbsp;<\/p>\n<p>Au nom des m\u00eames principes, d\u00e8s la prise de fonction, il faut r\u00e9solument changer, tout en respectant le pass\u00e9 et les acquis et en traitant de mani\u00e8re \u00e9quitable celles et ceux qui ont souhait\u00e9 votre \u00e9lection et celles et ceux qui auraient pr\u00e9f\u00e9r\u00e9 un autre Maire.<\/p>\n<p>&nbsp;<\/p>\n<p>A cot\u00e9 de cela, le reste se r\u00e9v\u00e9lera finalement, souvent bien simple.<\/p>\n","protected":false},"excerpt":{"rendered":"<p>S\u2019il est quelque chose auquel un homme ou une femme est mal pr\u00e9par\u00e9(e) quand il acc\u00e8de pour la premi\u00e8re fois \u00e0 la fonction de Maire, c\u2019est bien la gestion d\u2019un personnel communal qui, selon les cas, ira de quelques personnes \u00e0 plusieurs milliers. &nbsp; Du jour au lendemain, ces fonctionnaires territoriaux vont \u00ab\u00a0changer de patron\u00a0\u00bb. &hellip; <\/p>\n<p><a class=\"more-link btn\" href=\"http:\/\/www.gcaudron.com\/?page_id=5855\">Continue reading<\/a><\/p>\n","protected":false},"author":3,"featured_media":0,"parent":1021,"menu_order":96,"comment_status":"closed","ping_status":"closed","template":"","meta":{"footnotes":""},"class_list":["post-5855","page","type-page","status-publish","hentry","nodate","item-wrap"],"_links":{"self":[{"href":"http:\/\/www.gcaudron.com\/index.php?rest_route=\/wp\/v2\/pages\/5855","targetHints":{"allow":["GET"]}}],"collection":[{"href":"http:\/\/www.gcaudron.com\/index.php?rest_route=\/wp\/v2\/pages"}],"about":[{"href":"http:\/\/www.gcaudron.com\/index.php?rest_route=\/wp\/v2\/types\/page"}],"author":[{"embeddable":true,"href":"http:\/\/www.gcaudron.com\/index.php?rest_route=\/wp\/v2\/users\/3"}],"replies":[{"embeddable":true,"href":"http:\/\/www.gcaudron.com\/index.php?rest_route=%2Fwp%2Fv2%2Fcomments&post=5855"}],"version-history":[{"count":1,"href":"http:\/\/www.gcaudron.com\/index.php?rest_route=\/wp\/v2\/pages\/5855\/revisions"}],"predecessor-version":[{"id":5856,"href":"http:\/\/www.gcaudron.com\/index.php?rest_route=\/wp\/v2\/pages\/5855\/revisions\/5856"}],"up":[{"embeddable":true,"href":"http:\/\/www.gcaudron.com\/index.php?rest_route=\/wp\/v2\/pages\/1021"}],"wp:attachment":[{"href":"http:\/\/www.gcaudron.com\/index.php?rest_route=%2Fwp%2Fv2%2Fmedia&parent=5855"}],"curies":[{"name":"wp","href":"https:\/\/api.w.org\/{rel}","templated":true}]}}