{"id":5853,"date":"2017-10-31T09:57:58","date_gmt":"2017-10-31T08:57:58","guid":{"rendered":"http:\/\/www.gcaudron.com\/?page_id=5853"},"modified":"2017-10-31T09:57:58","modified_gmt":"2017-10-31T08:57:58","slug":"permanences","status":"publish","type":"page","link":"http:\/\/www.gcaudron.com\/?page_id=5853","title":{"rendered":"PERMANENCES"},"content":{"rendered":"<p><strong>La plupart des \u00e9lus\u00a0<\/strong>tiennent des permanences \u00e0 la population, m\u00eame si certains les font tenir par des collaborateurs ou adjoints.<\/p>\n<p>&nbsp;<\/p>\n<p><strong>Personnellement en 24 ans de mandat de maire\u00a0<\/strong>j\u2019ai \u00e9valu\u00e9 \u00e0 environ 80000 le nombre d\u2019entretiens que j\u2019ai eu \u00e0 ce titre.<\/p>\n<p>&nbsp;<\/p>\n<p>Si on consid\u00e8re que certaines personnes sont venues une seule fois et d\u2019autres plusieurs, il n\u2019est pas absurde de penser que ce sont plus de 20000 citoyens diff\u00e9rents que j\u2019ai personnellement rencontr\u00e9 dans mes permanences, en plus des rendez-vous, des r\u00e9unions et des manifestations.<\/p>\n<p>&nbsp;<\/p>\n<p>Je ne saurai jamais estimer combien d\u2019entre eux ont obtenu ce pour quoi ils \u00e9taient venus.<\/p>\n<p>&nbsp;<\/p>\n<p>Ce que je sais, c\u2019est que j\u2019ai toujours voulu apporter quelque chose, d\u2019abord une \u00e9coute v\u00e9ritable, ensuite des conseils, parfois un coup de pouce et m\u00eame bien s\u00fbr, quand cela d\u00e9pendait de moi, une r\u00e9ponse &#8211; et une r\u00e9ponse positive -.<\/p>\n<p>&nbsp;<\/p>\n<p>Tenir des permanences est un exercice \u00e9prouvant, puisque tr\u00e8s souvent le citoyen attendra plus de 5 ou 10 fois le temps qui lui sera effectivement consacr\u00e9 ce jour l\u00e0.<\/p>\n<p>&nbsp;<\/p>\n<p>Il m\u00e9rite donc un v\u00e9ritable entretien et un effort de l\u2019\u00e9lu pour passer en quelques secondes du probl\u00e8me de la personne pr\u00e9c\u00e9dente \u00e0 celui de celle qui vient d\u2019entrer dans son bureau.<\/p>\n<p>&nbsp;<\/p>\n<p>C\u2019est donc une d\u00e9marche d\u2019abord \u00e0\u00a0<strong>\u201cforte intensit\u00e9 humaine\u201d\u00a0<\/strong>!<\/p>\n<p><strong>\u00a0<\/strong><\/p>\n<p>Dans mon bilan, je suis s\u00fbr que cela p\u00e8se lourd en positif et que cela explique largement l\u2019image que les villeneuvois ont conserv\u00e9 de moi.<\/p>\n","protected":false},"excerpt":{"rendered":"<p>La plupart des \u00e9lus\u00a0tiennent des permanences \u00e0 la population, m\u00eame si certains les font tenir par des collaborateurs ou adjoints. &nbsp; Personnellement en 24 ans de mandat de maire\u00a0j\u2019ai \u00e9valu\u00e9 \u00e0 environ 80000 le nombre d\u2019entretiens que j\u2019ai eu \u00e0 ce titre. &nbsp; Si on consid\u00e8re que certaines personnes sont venues une seule fois et &hellip; <\/p>\n<p><a class=\"more-link btn\" href=\"http:\/\/www.gcaudron.com\/?page_id=5853\">Continue reading<\/a><\/p>\n","protected":false},"author":3,"featured_media":0,"parent":1021,"menu_order":95,"comment_status":"closed","ping_status":"closed","template":"","meta":{"footnotes":""},"class_list":["post-5853","page","type-page","status-publish","hentry","nodate","item-wrap"],"_links":{"self":[{"href":"http:\/\/www.gcaudron.com\/index.php?rest_route=\/wp\/v2\/pages\/5853","targetHints":{"allow":["GET"]}}],"collection":[{"href":"http:\/\/www.gcaudron.com\/index.php?rest_route=\/wp\/v2\/pages"}],"about":[{"href":"http:\/\/www.gcaudron.com\/index.php?rest_route=\/wp\/v2\/types\/page"}],"author":[{"embeddable":true,"href":"http:\/\/www.gcaudron.com\/index.php?rest_route=\/wp\/v2\/users\/3"}],"replies":[{"embeddable":true,"href":"http:\/\/www.gcaudron.com\/index.php?rest_route=%2Fwp%2Fv2%2Fcomments&post=5853"}],"version-history":[{"count":1,"href":"http:\/\/www.gcaudron.com\/index.php?rest_route=\/wp\/v2\/pages\/5853\/revisions"}],"predecessor-version":[{"id":5854,"href":"http:\/\/www.gcaudron.com\/index.php?rest_route=\/wp\/v2\/pages\/5853\/revisions\/5854"}],"up":[{"embeddable":true,"href":"http:\/\/www.gcaudron.com\/index.php?rest_route=\/wp\/v2\/pages\/1021"}],"wp:attachment":[{"href":"http:\/\/www.gcaudron.com\/index.php?rest_route=%2Fwp%2Fv2%2Fmedia&parent=5853"}],"curies":[{"name":"wp","href":"https:\/\/api.w.org\/{rel}","templated":true}]}}