{"id":5851,"date":"2017-10-31T09:57:20","date_gmt":"2017-10-31T08:57:20","guid":{"rendered":"http:\/\/www.gcaudron.com\/?page_id=5851"},"modified":"2017-10-31T09:59:29","modified_gmt":"2017-10-31T08:59:29","slug":"peres-shimon","status":"publish","type":"page","link":"http:\/\/www.gcaudron.com\/?page_id=5851","title":{"rendered":"P\u00c9R\u00c8S SHIMON"},"content":{"rendered":"<p>Il a largement pass\u00e9 les 80 ans.<\/p>\n<p>&nbsp;<\/p>\n<p>Il a perdu la plupart des combats politiques de ces derni\u00e8res ann\u00e9es et pourtant, sur la sc\u00e8ne isra\u00e9lienne, il est toujours l\u00e0 et il n\u2019entend pas se retirer.<\/p>\n<p>&nbsp;<\/p>\n<p><strong>C\u2019est un des derniers grands \u201cb\u00e2tisseurs\u201d\u00a0<\/strong>de l\u2019\u00c9tat Juif et on ne peut pas le comprendre si on le juge \u00e0 travers les crit\u00e8res d\u2019aujourd\u2019hui.<\/p>\n<p>&nbsp;<\/p>\n<p>Nul doute que \u201csi Dieu lui pr\u00eate vie\u201d, on entendra encore parler de lui dans la difficile marche vers la Paix dans la r\u00e9gion.<\/p>\n","protected":false},"excerpt":{"rendered":"<p>Il a largement pass\u00e9 les 80 ans. &nbsp; Il a perdu la plupart des combats politiques de ces derni\u00e8res ann\u00e9es et pourtant, sur la sc\u00e8ne isra\u00e9lienne, il est toujours l\u00e0 et il n\u2019entend pas se retirer. &nbsp; C\u2019est un des derniers grands \u201cb\u00e2tisseurs\u201d\u00a0de l\u2019\u00c9tat Juif et on ne peut pas le comprendre si on le &hellip; <\/p>\n<p><a class=\"more-link btn\" href=\"http:\/\/www.gcaudron.com\/?page_id=5851\">Continue reading<\/a><\/p>\n","protected":false},"author":3,"featured_media":0,"parent":1021,"menu_order":93,"comment_status":"closed","ping_status":"closed","template":"","meta":{"footnotes":""},"class_list":["post-5851","page","type-page","status-publish","hentry","nodate","item-wrap"],"_links":{"self":[{"href":"http:\/\/www.gcaudron.com\/index.php?rest_route=\/wp\/v2\/pages\/5851","targetHints":{"allow":["GET"]}}],"collection":[{"href":"http:\/\/www.gcaudron.com\/index.php?rest_route=\/wp\/v2\/pages"}],"about":[{"href":"http:\/\/www.gcaudron.com\/index.php?rest_route=\/wp\/v2\/types\/page"}],"author":[{"embeddable":true,"href":"http:\/\/www.gcaudron.com\/index.php?rest_route=\/wp\/v2\/users\/3"}],"replies":[{"embeddable":true,"href":"http:\/\/www.gcaudron.com\/index.php?rest_route=%2Fwp%2Fv2%2Fcomments&post=5851"}],"version-history":[{"count":1,"href":"http:\/\/www.gcaudron.com\/index.php?rest_route=\/wp\/v2\/pages\/5851\/revisions"}],"predecessor-version":[{"id":5852,"href":"http:\/\/www.gcaudron.com\/index.php?rest_route=\/wp\/v2\/pages\/5851\/revisions\/5852"}],"up":[{"embeddable":true,"href":"http:\/\/www.gcaudron.com\/index.php?rest_route=\/wp\/v2\/pages\/1021"}],"wp:attachment":[{"href":"http:\/\/www.gcaudron.com\/index.php?rest_route=%2Fwp%2Fv2%2Fmedia&parent=5851"}],"curies":[{"name":"wp","href":"https:\/\/api.w.org\/{rel}","templated":true}]}}