{"id":5849,"date":"2017-10-31T09:56:48","date_gmt":"2017-10-31T08:56:48","guid":{"rendered":"http:\/\/www.gcaudron.com\/?page_id=5849"},"modified":"2017-10-31T09:56:48","modified_gmt":"2017-10-31T08:56:48","slug":"percheron-daniel","status":"publish","type":"page","link":"http:\/\/www.gcaudron.com\/?page_id=5849","title":{"rendered":"PERCHERON DANIEL"},"content":{"rendered":"<p>Venant apr\u00e8s Pierre MAUROY et sa \u201csurface\u201d, No\u00ebl JOSEPH et son allure d\u00e9bonnaire, Marie Christine BLANDIN et sa fausse nature de \u201cpetite nouvelle\u201d, sans oublier la machine parfaitement huil\u00e9e de Michel DELEBARRE, Daniel PERCHERON n\u2019est peut \u00eatre pas le leader le plus charismatique qu\u2019ait connu notre R\u00e9gion Nord Pas de Calais, mais c\u2019est sans aucun doute le plus repr\u00e9sentatif de sa population.<\/p>\n<p>&nbsp;<\/p>\n<p>Il la sent litt\u00e9ralement ! Il la vit ! Il fait corps avec elle !<\/p>\n<p>&nbsp;<\/p>\n<p>Il a des mots inimitables pour la d\u00e9crire dans son histoire, ses drames, ses envies, ses passions, ses r\u00eaves et ses espoirs.<\/p>\n<p>&nbsp;<\/p>\n<p>Il a enfin beaucoup de bon sens et de r\u00e9alisme, ce qui lui permet de conduire un attelage r\u00e9gional pourtant h\u00e9t\u00e9roclite.<\/p>\n<p>&nbsp;<\/p>\n<p>Sous son impulsion l\u2019institution r\u00e9gionale se transforme, les budgets se votent, les grands projets naissent et les innovations sont aux rendez-vous.<\/p>\n<p>&nbsp;<\/p>\n<p>Pour lui, on ne fait de grandes choses que si on est capable d\u2019en faire aussi de petites.<\/p>\n<p>&nbsp;<\/p>\n<p>Alors pour y arriver, il faut souvent faire des choix et ces choix ne plaisent pas \u00e0 tout le monde.<\/p>\n<p>&nbsp;<\/p>\n<p>Mais il est persuasif et en r\u00e9union il sait prendre le temps qu\u2019il faut pour d\u00e9battre, pour r\u00e9pondre, pour convaincre, avec juste ce qu\u2019il faut de dose de mauvaise foi teint\u00e9e d\u2019humour.<\/p>\n","protected":false},"excerpt":{"rendered":"<p>Venant apr\u00e8s Pierre MAUROY et sa \u201csurface\u201d, No\u00ebl JOSEPH et son allure d\u00e9bonnaire, Marie Christine BLANDIN et sa fausse nature de \u201cpetite nouvelle\u201d, sans oublier la machine parfaitement huil\u00e9e de Michel DELEBARRE, Daniel PERCHERON n\u2019est peut \u00eatre pas le leader le plus charismatique qu\u2019ait connu notre R\u00e9gion Nord Pas de Calais, mais c\u2019est sans aucun &hellip; <\/p>\n<p><a class=\"more-link btn\" href=\"http:\/\/www.gcaudron.com\/?page_id=5849\">Continue reading<\/a><\/p>\n","protected":false},"author":3,"featured_media":0,"parent":1021,"menu_order":92,"comment_status":"closed","ping_status":"closed","template":"","meta":{"footnotes":""},"class_list":["post-5849","page","type-page","status-publish","hentry","nodate","item-wrap"],"_links":{"self":[{"href":"http:\/\/www.gcaudron.com\/index.php?rest_route=\/wp\/v2\/pages\/5849","targetHints":{"allow":["GET"]}}],"collection":[{"href":"http:\/\/www.gcaudron.com\/index.php?rest_route=\/wp\/v2\/pages"}],"about":[{"href":"http:\/\/www.gcaudron.com\/index.php?rest_route=\/wp\/v2\/types\/page"}],"author":[{"embeddable":true,"href":"http:\/\/www.gcaudron.com\/index.php?rest_route=\/wp\/v2\/users\/3"}],"replies":[{"embeddable":true,"href":"http:\/\/www.gcaudron.com\/index.php?rest_route=%2Fwp%2Fv2%2Fcomments&post=5849"}],"version-history":[{"count":1,"href":"http:\/\/www.gcaudron.com\/index.php?rest_route=\/wp\/v2\/pages\/5849\/revisions"}],"predecessor-version":[{"id":5850,"href":"http:\/\/www.gcaudron.com\/index.php?rest_route=\/wp\/v2\/pages\/5849\/revisions\/5850"}],"up":[{"embeddable":true,"href":"http:\/\/www.gcaudron.com\/index.php?rest_route=\/wp\/v2\/pages\/1021"}],"wp:attachment":[{"href":"http:\/\/www.gcaudron.com\/index.php?rest_route=%2Fwp%2Fv2%2Fmedia&parent=5849"}],"curies":[{"name":"wp","href":"https:\/\/api.w.org\/{rel}","templated":true}]}}