{"id":5845,"date":"2017-10-31T09:54:11","date_gmt":"2017-10-31T08:54:11","guid":{"rendered":"http:\/\/www.gcaudron.com\/?page_id=5845"},"modified":"2017-10-31T09:54:11","modified_gmt":"2017-10-31T08:54:11","slug":"partis-politiques","status":"publish","type":"page","link":"http:\/\/www.gcaudron.com\/?page_id=5845","title":{"rendered":"PARTIS POLITIQUES"},"content":{"rendered":"<p>Les Partis politiques sont indispensables au bon fonctionnement de toute D\u00e9mocratie.<\/p>\n<p>&nbsp;<\/p>\n<p>Malheureusement, tous les partis politiques, sans exception, connaissent une d\u00e9rive pour le moins pr\u00e9occupante : con\u00e7us pour \u00e9laborer, faire accepter et mettre en oeuvre des projets\u2026, ils sont devenus de plus en plus souvent de simples instruments de r\u00e9partition des postes de pouvoir\u2026<\/p>\n<p>&nbsp;<\/p>\n<p>Il faut donc \u201crefonder la politique\u201d et les partis politiques charg\u00e9s de la mettre en oeuvre, ce qui signifie savoir r\u00e9pondre aux probl\u00e8mes imm\u00e9diats des gens en inscrivant ces r\u00e9ponses dans des projets \u00e0 long terme, mais aussi retrouver en leur sein, des citoyens militants.<\/p>\n<p>&nbsp;<\/p>\n<p>Il faut enfin modifier les Institutions publiques pour que chacun se sente mieux repr\u00e9sent\u00e9 par des \u00e9lus qui, parall\u00e8lement, auront abandonn\u00e9 toute forme de cumul de mandats pour pouvoir, enfin, r\u00e9ussir \u00e0 faire ce pour quoi ils sollicitent les suffrages de leurs concitoyens.<\/p>\n","protected":false},"excerpt":{"rendered":"<p>Les Partis politiques sont indispensables au bon fonctionnement de toute D\u00e9mocratie. &nbsp; Malheureusement, tous les partis politiques, sans exception, connaissent une d\u00e9rive pour le moins pr\u00e9occupante : con\u00e7us pour \u00e9laborer, faire accepter et mettre en oeuvre des projets\u2026, ils sont devenus de plus en plus souvent de simples instruments de r\u00e9partition des postes de pouvoir\u2026 &hellip; <\/p>\n<p><a class=\"more-link btn\" href=\"http:\/\/www.gcaudron.com\/?page_id=5845\">Continue reading<\/a><\/p>\n","protected":false},"author":3,"featured_media":0,"parent":1021,"menu_order":90,"comment_status":"closed","ping_status":"closed","template":"","meta":{"footnotes":""},"class_list":["post-5845","page","type-page","status-publish","hentry","nodate","item-wrap"],"_links":{"self":[{"href":"http:\/\/www.gcaudron.com\/index.php?rest_route=\/wp\/v2\/pages\/5845","targetHints":{"allow":["GET"]}}],"collection":[{"href":"http:\/\/www.gcaudron.com\/index.php?rest_route=\/wp\/v2\/pages"}],"about":[{"href":"http:\/\/www.gcaudron.com\/index.php?rest_route=\/wp\/v2\/types\/page"}],"author":[{"embeddable":true,"href":"http:\/\/www.gcaudron.com\/index.php?rest_route=\/wp\/v2\/users\/3"}],"replies":[{"embeddable":true,"href":"http:\/\/www.gcaudron.com\/index.php?rest_route=%2Fwp%2Fv2%2Fcomments&post=5845"}],"version-history":[{"count":1,"href":"http:\/\/www.gcaudron.com\/index.php?rest_route=\/wp\/v2\/pages\/5845\/revisions"}],"predecessor-version":[{"id":5846,"href":"http:\/\/www.gcaudron.com\/index.php?rest_route=\/wp\/v2\/pages\/5845\/revisions\/5846"}],"up":[{"embeddable":true,"href":"http:\/\/www.gcaudron.com\/index.php?rest_route=\/wp\/v2\/pages\/1021"}],"wp:attachment":[{"href":"http:\/\/www.gcaudron.com\/index.php?rest_route=%2Fwp%2Fv2%2Fmedia&parent=5845"}],"curies":[{"name":"wp","href":"https:\/\/api.w.org\/{rel}","templated":true}]}}