{"id":5841,"date":"2017-10-31T09:51:15","date_gmt":"2017-10-31T08:51:15","guid":{"rendered":"http:\/\/www.gcaudron.com\/?page_id=5841"},"modified":"2017-10-31T09:51:15","modified_gmt":"2017-10-31T08:51:15","slug":"paix","status":"publish","type":"page","link":"http:\/\/www.gcaudron.com\/?page_id=5841","title":{"rendered":"PAIX"},"content":{"rendered":"<p>La paix en Europe fut le premier moteur de l\u2019Union d\u00e8s 1950 avec l\u2019appel de Robert Schuman, la CECA en 1951 et la CCE, march\u00e9 commun en 1957.<\/p>\n<p>&nbsp;<\/p>\n<p>Cet objectif a \u00e9t\u00e9 atteint et si, dans les Balkans, l\u2019ambition a failli se briser, la r\u00e9action a \u00e9t\u00e9 saine et depuis mai 2004 avec les 10 nouveaux et bient\u00f4t 12 nouveaux membres, la r\u00e9unification du continent est faite.<\/p>\n<p>&nbsp;<\/p>\n<p>Reste \u00e0 la parfaire et \u00e0 la compl\u00e9ter, \u00e0 consolider nos liens avec la Russie et surtout \u00e0\u00a0<strong>d\u00e9velopper notre politique euro m\u00e9diterran\u00e9e.<\/strong><\/p>\n<p><strong>\u00a0<\/strong><\/p>\n<p>Si depuis 1945 le risque de guerre \u00e9tait \u00e0 l\u2019est, il est aujourd\u2019hui au sud si l\u2019Europe n\u2019aide pas le sud \u00e0 se d\u00e9velopper, \u00e0 s\u2019organiser et donc \u00e0 se d\u00e9mocratiser.<\/p>\n<p>&nbsp;<\/p>\n<p>On mesure le chemin, les difficult\u00e9s et les risques\u2026<\/p>\n<p>&nbsp;<\/p>\n<p>Mais rappelons-le nous : Dans les ann\u00e9es 50, on se r\u00e9veillait chaque matin avec la peur d\u2019une 3\u00e8me\u00a0guerre mondiale nucl\u00e9aire.<\/p>\n<p>&nbsp;<\/p>\n<p>On le sait aujourd\u2019hui : nous sommes pass\u00e9s plusieurs fois \u00e0 une distance de cette guerre de l\u2019ordre de l\u2019\u00e9paisseur d\u2019une feuille de papier.<\/p>\n<p>&nbsp;<\/p>\n<p>Cela prouve qu\u2019avec de la volont\u00e9, des moyens et un peu de chance rien n\u2019est impossible.<\/p>\n<p>&nbsp;<\/p>\n<p>Alors croyons le et faisons en sorte que ce soit un jour une r\u00e9alit\u00e9 et construisons un grand ensemble euro-m\u00e9diterran\u00e9en \u00e9quilibr\u00e9, pacifi\u00e9, d\u00e9velopp\u00e9 et d\u00e9mocratique.<\/p>\n","protected":false},"excerpt":{"rendered":"<p>La paix en Europe fut le premier moteur de l\u2019Union d\u00e8s 1950 avec l\u2019appel de Robert Schuman, la CECA en 1951 et la CCE, march\u00e9 commun en 1957. &nbsp; Cet objectif a \u00e9t\u00e9 atteint et si, dans les Balkans, l\u2019ambition a failli se briser, la r\u00e9action a \u00e9t\u00e9 saine et depuis mai 2004 avec les &hellip; <\/p>\n<p><a class=\"more-link btn\" href=\"http:\/\/www.gcaudron.com\/?page_id=5841\">Continue reading<\/a><\/p>\n","protected":false},"author":3,"featured_media":0,"parent":1021,"menu_order":88,"comment_status":"closed","ping_status":"closed","template":"","meta":{"footnotes":""},"class_list":["post-5841","page","type-page","status-publish","hentry","nodate","item-wrap"],"_links":{"self":[{"href":"http:\/\/www.gcaudron.com\/index.php?rest_route=\/wp\/v2\/pages\/5841","targetHints":{"allow":["GET"]}}],"collection":[{"href":"http:\/\/www.gcaudron.com\/index.php?rest_route=\/wp\/v2\/pages"}],"about":[{"href":"http:\/\/www.gcaudron.com\/index.php?rest_route=\/wp\/v2\/types\/page"}],"author":[{"embeddable":true,"href":"http:\/\/www.gcaudron.com\/index.php?rest_route=\/wp\/v2\/users\/3"}],"replies":[{"embeddable":true,"href":"http:\/\/www.gcaudron.com\/index.php?rest_route=%2Fwp%2Fv2%2Fcomments&post=5841"}],"version-history":[{"count":1,"href":"http:\/\/www.gcaudron.com\/index.php?rest_route=\/wp\/v2\/pages\/5841\/revisions"}],"predecessor-version":[{"id":5842,"href":"http:\/\/www.gcaudron.com\/index.php?rest_route=\/wp\/v2\/pages\/5841\/revisions\/5842"}],"up":[{"embeddable":true,"href":"http:\/\/www.gcaudron.com\/index.php?rest_route=\/wp\/v2\/pages\/1021"}],"wp:attachment":[{"href":"http:\/\/www.gcaudron.com\/index.php?rest_route=%2Fwp%2Fv2%2Fmedia&parent=5841"}],"curies":[{"name":"wp","href":"https:\/\/api.w.org\/{rel}","templated":true}]}}