{"id":5839,"date":"2017-10-31T09:49:22","date_gmt":"2017-10-31T08:49:22","guid":{"rendered":"http:\/\/www.gcaudron.com\/?page_id=5839"},"modified":"2017-10-31T09:49:22","modified_gmt":"2017-10-31T08:49:22","slug":"dornano-michel","status":"publish","type":"page","link":"http:\/\/www.gcaudron.com\/?page_id=5839","title":{"rendered":"(D\u2019)ORNANO MICHEL"},"content":{"rendered":"<p><strong>Ministre de l\u2019\u00c9quipement<\/strong><\/p>\n<p><strong>\u00a0<\/strong><\/p>\n<p>C\u2019\u00e9tait en 1977. Je venais d\u2019\u00eatre \u00e9lu Maire d\u2019une ville qui \u00e9tait alors en quasi faillite.<\/p>\n<p>&nbsp;<\/p>\n<p>Monsieur D\u2019ORNANO \u00e9tait le Ministre de l\u2019\u00c9quipement et il avait la tutelle des 9 Villes<\/p>\n<p>Nouvelles fran\u00e7aises dont bien sur Lille-Est (Villeneuve d\u2019Ascq)<\/p>\n<p>&nbsp;<\/p>\n<p>Il nous a re\u00e7u, \u00e0 notre demande, en son Minist\u00e8re du Boulevard Saint Germain.<\/p>\n<p>L\u2019exigence du Gouvernement \u00e9tait claire : \u00ab Nous construirons sur Villeneuve d\u2019Ascq<\/p>\n<p>2000 logements par an \u00bb.<\/p>\n<p>&nbsp;<\/p>\n<p>Ma r\u00e9ponse fut tout aussi claire : c\u2019\u00e9tait NON.<\/p>\n<p>&nbsp;<\/p>\n<p>A partir de l\u00e0, avec mon adjoint aux finances Bernard FRIMAT et mon premier adjoint de l\u2019\u00e9poque, Jean Michel STIEVENARD, le bras de fer a commenc\u00e9.<\/p>\n<p>&nbsp;<\/p>\n<p>Nous avons bloqu\u00e9 les permis de construire.<\/p>\n<p>&nbsp;<\/p>\n<p>Nous avons mobilis\u00e9 la population et finalement, plusieurs mois plus tard, le Ministre viendra \u00e0 Villeneuve d\u2019Ascq signer un protocole d\u2019accord pr\u00e9voyant la finition all\u00e9g\u00e9e des quartiers lanc\u00e9s, une subvention d\u2019\u00e9quilibre et une date d\u2019arr\u00eat de la Ville nouvelle.<\/p>\n<p>&nbsp;<\/p>\n<p>Ce sera en 1983 que Villeneuve d\u2019Ascq deviendra une Ville \u00e0 part enti\u00e8re. La gauche \u00e9tait alors au pouvoir.<\/p>\n<p>&nbsp;<\/p>\n<p>L\u2019\u00e9quipe de l\u2019EPALE (\u00e9tablissement public d\u2019am\u00e9nagement de Lille-Est) sera dissoute\u2026 j\u2019aurais pr\u00e9f\u00e9r\u00e9 qu\u2019elle reste au service de la m\u00e9tropole Lilloise.<\/p>\n<p>&nbsp;<\/p>\n<p>LA CUDL (Communaut\u00e9 Urbaine) h\u00e9ritera de l\u2019actif et du passif faisant ainsi une \u201cbonne affaire\u201d qu\u2019il faudra peut-\u00eatre un jour \u00e9valuer.<\/p>\n<p>&nbsp;<\/p>\n<p>Monsieur D\u2019ORNANO n\u2019\u00e9tait plus Ministre.<\/p>\n<p>&nbsp;<\/p>\n<p>J\u2019apprendrai beaucoup plus tard, presque par hasard, qu\u2019il \u00e9tait mort en sortant de son domicile, renvers\u00e9 par un autobus\u2026<\/p>\n","protected":false},"excerpt":{"rendered":"<p>Ministre de l\u2019\u00c9quipement \u00a0 C\u2019\u00e9tait en 1977. Je venais d\u2019\u00eatre \u00e9lu Maire d\u2019une ville qui \u00e9tait alors en quasi faillite. &nbsp; Monsieur D\u2019ORNANO \u00e9tait le Ministre de l\u2019\u00c9quipement et il avait la tutelle des 9 Villes Nouvelles fran\u00e7aises dont bien sur Lille-Est (Villeneuve d\u2019Ascq) &nbsp; Il nous a re\u00e7u, \u00e0 notre demande, en son Minist\u00e8re &hellip; <\/p>\n<p><a class=\"more-link btn\" href=\"http:\/\/www.gcaudron.com\/?page_id=5839\">Continue reading<\/a><\/p>\n","protected":false},"author":3,"featured_media":0,"parent":1021,"menu_order":87,"comment_status":"closed","ping_status":"closed","template":"","meta":{"footnotes":""},"class_list":["post-5839","page","type-page","status-publish","hentry","nodate","item-wrap"],"_links":{"self":[{"href":"http:\/\/www.gcaudron.com\/index.php?rest_route=\/wp\/v2\/pages\/5839","targetHints":{"allow":["GET"]}}],"collection":[{"href":"http:\/\/www.gcaudron.com\/index.php?rest_route=\/wp\/v2\/pages"}],"about":[{"href":"http:\/\/www.gcaudron.com\/index.php?rest_route=\/wp\/v2\/types\/page"}],"author":[{"embeddable":true,"href":"http:\/\/www.gcaudron.com\/index.php?rest_route=\/wp\/v2\/users\/3"}],"replies":[{"embeddable":true,"href":"http:\/\/www.gcaudron.com\/index.php?rest_route=%2Fwp%2Fv2%2Fcomments&post=5839"}],"version-history":[{"count":1,"href":"http:\/\/www.gcaudron.com\/index.php?rest_route=\/wp\/v2\/pages\/5839\/revisions"}],"predecessor-version":[{"id":5840,"href":"http:\/\/www.gcaudron.com\/index.php?rest_route=\/wp\/v2\/pages\/5839\/revisions\/5840"}],"up":[{"embeddable":true,"href":"http:\/\/www.gcaudron.com\/index.php?rest_route=\/wp\/v2\/pages\/1021"}],"wp:attachment":[{"href":"http:\/\/www.gcaudron.com\/index.php?rest_route=%2Fwp%2Fv2%2Fmedia&parent=5839"}],"curies":[{"name":"wp","href":"https:\/\/api.w.org\/{rel}","templated":true}]}}