{"id":5835,"date":"2017-10-31T09:47:54","date_gmt":"2017-10-31T08:47:54","guid":{"rendered":"http:\/\/www.gcaudron.com\/?page_id=5835"},"modified":"2017-10-31T09:47:54","modified_gmt":"2017-10-31T08:47:54","slug":"netanyahu-benjamin","status":"publish","type":"page","link":"http:\/\/www.gcaudron.com\/?page_id=5835","title":{"rendered":"NETANYAHU BENJAMIN"},"content":{"rendered":"<p>En politique, j\u2019ai souvent connu de \u201cfieff\u00e9s menteurs\u201d mais, j\u2019avoue que celui-l\u00e0 a r\u00e9ussi \u00e0 me surprendre.<\/p>\n<p>&nbsp;<\/p>\n<p>J\u2019\u00e9tais alors Pr\u00e9sident de la d\u00e9l\u00e9gation EUROPE &#8211; ISRAEL. Il \u00e9tait Premier Ministre d\u2019Isra\u00ebl apr\u00e8s la victoire de la droite isra\u00e9lienne.<\/p>\n<p>&nbsp;<\/p>\n<p>Pendant une heure \u00e0 J\u00c9RUSALEM il avait plaid\u00e9 pour la PAIX devant notre d\u00e9l\u00e9gation de d\u00e9put\u00e9s europ\u00e9ens.<\/p>\n<p>&nbsp;<\/p>\n<p>Presque convaincus de sa bonne foi quand nous sortons de son bureau \u00e0 la Knesset, nous apprenons qu\u2019il a, moins d\u2019une heure avant, autoris\u00e9 une nouvelle colonie \u00e0 J\u00c9RUSALEM-EST, une d\u00e9cision qui allait porter un premier coup fatal aux accords d\u2019Oslo, des accords que, par parenth\u00e8se, il n\u2019avait jamais accept\u00e9.<\/p>\n<p>&nbsp;<\/p>\n<p>Apr\u00e8s lui, m\u00eame Ariel Sharon a fait figure de colombe. C\u2019est sans doute une des raisons pour lesquelles ce dernier a quitt\u00e9 le Likoud et cr\u00e9\u00e9 un nouveau parti avec le soutien inattendu du vieux leader travailliste Shimon P\u00e9r\u00e8s.<\/p>\n","protected":false},"excerpt":{"rendered":"<p>En politique, j\u2019ai souvent connu de \u201cfieff\u00e9s menteurs\u201d mais, j\u2019avoue que celui-l\u00e0 a r\u00e9ussi \u00e0 me surprendre. &nbsp; J\u2019\u00e9tais alors Pr\u00e9sident de la d\u00e9l\u00e9gation EUROPE &#8211; ISRAEL. Il \u00e9tait Premier Ministre d\u2019Isra\u00ebl apr\u00e8s la victoire de la droite isra\u00e9lienne. &nbsp; Pendant une heure \u00e0 J\u00c9RUSALEM il avait plaid\u00e9 pour la PAIX devant notre d\u00e9l\u00e9gation de &hellip; <\/p>\n<p><a class=\"more-link btn\" href=\"http:\/\/www.gcaudron.com\/?page_id=5835\">Continue reading<\/a><\/p>\n","protected":false},"author":3,"featured_media":0,"parent":1021,"menu_order":85,"comment_status":"closed","ping_status":"closed","template":"","meta":{"footnotes":""},"class_list":["post-5835","page","type-page","status-publish","hentry","nodate","item-wrap"],"_links":{"self":[{"href":"http:\/\/www.gcaudron.com\/index.php?rest_route=\/wp\/v2\/pages\/5835","targetHints":{"allow":["GET"]}}],"collection":[{"href":"http:\/\/www.gcaudron.com\/index.php?rest_route=\/wp\/v2\/pages"}],"about":[{"href":"http:\/\/www.gcaudron.com\/index.php?rest_route=\/wp\/v2\/types\/page"}],"author":[{"embeddable":true,"href":"http:\/\/www.gcaudron.com\/index.php?rest_route=\/wp\/v2\/users\/3"}],"replies":[{"embeddable":true,"href":"http:\/\/www.gcaudron.com\/index.php?rest_route=%2Fwp%2Fv2%2Fcomments&post=5835"}],"version-history":[{"count":1,"href":"http:\/\/www.gcaudron.com\/index.php?rest_route=\/wp\/v2\/pages\/5835\/revisions"}],"predecessor-version":[{"id":5836,"href":"http:\/\/www.gcaudron.com\/index.php?rest_route=\/wp\/v2\/pages\/5835\/revisions\/5836"}],"up":[{"embeddable":true,"href":"http:\/\/www.gcaudron.com\/index.php?rest_route=\/wp\/v2\/pages\/1021"}],"wp:attachment":[{"href":"http:\/\/www.gcaudron.com\/index.php?rest_route=%2Fwp%2Fv2%2Fmedia&parent=5835"}],"curies":[{"name":"wp","href":"https:\/\/api.w.org\/{rel}","templated":true}]}}