{"id":5833,"date":"2017-10-31T09:47:19","date_gmt":"2017-10-31T08:47:19","guid":{"rendered":"http:\/\/www.gcaudron.com\/?page_id=5833"},"modified":"2017-10-31T09:47:19","modified_gmt":"2017-10-31T08:47:19","slug":"moyen-orient","status":"publish","type":"page","link":"http:\/\/www.gcaudron.com\/?page_id=5833","title":{"rendered":"MOYEN-ORIENT"},"content":{"rendered":"<p>C\u2019\u00e9tait fin 1998, le Pr\u00e9sident du Parlement europ\u00e9en, Klaus HANSCH, m\u2019avait convi\u00e9 \u00e0 l\u2019accompagner pour une visite officielle en Isra\u00ebl et dans les Territoires palestiniens.<\/p>\n<p>&nbsp;<\/p>\n<p>En Isra\u00ebl, \u201ctous les honneurs\u201d m\u2019\u00e9taient r\u00e9serv\u00e9s, de la chambre au King David H\u00f4tel aux diverses manifestations o\u00f9 j\u2019\u00e9tais pr\u00e8s du Premier Ministre.<\/p>\n<p>&nbsp;<\/p>\n<p>Arrive le jour de la rencontre avec le Conseil l\u00e9gislatif palestinien \u00e0 Ramallah, une ville alors encore \u201cpimpante\u201d, avec des gardes palestiniens en grand uniforme, tr\u00e8s style \u201carm\u00e9e britannique\u201d du temps du protectorat d\u2019antan.<\/p>\n<p>&nbsp;<\/p>\n<p>Premier incident<strong>,\u00a0<\/strong>le service d\u2019ordre essaie de m\u2019emp\u00eacher de rentrer dans le bureau du<\/p>\n<p>Pr\u00e9sident du Conseil. Je dois passer en force.<\/p>\n<p>&nbsp;<\/p>\n<p>Deuxi\u00e8me \u00e9v\u00e9nement, alors que le Pr\u00e9sident du Parlement europ\u00e9en est \u00e0 la tribune du Conseil, on m\u2019a plac\u00e9 au fond de la salle\u2026 \u201cj\u2019ai fait avec\u2026\u201d.<\/p>\n<p>&nbsp;<\/p>\n<p>Troisi\u00e8me \u00e9tape, lors du Banquet officiel, non seulement je ne suis pas \u00e0 la table officielle, mais je ne suis pas non plus \u00e0 aucune des tables proches.<\/p>\n<p>&nbsp;<\/p>\n<p>Finalement je trouverai une place dans l\u2019entr\u00e9e ou presque, avec les chauffeurs et quelques collaborateurs d\u2019intendances.<\/p>\n<p>&nbsp;<\/p>\n<p><strong>Cela m\u2019a rappel\u00e9 ma premi\u00e8re r\u00e9union en Turquie en 1990 :\u00a0<\/strong>A l\u2019arriv\u00e9e, on \u00e9tait venu me chercher dans l\u2019avion avec une voiture officielle au pied de la passerelle.<\/p>\n<p>&nbsp;<\/p>\n<p>Durant la r\u00e9union, j\u2019avais eu, sans doute, le tord de m\u2019\u00eatre montr\u00e9 critique\u2026<\/p>\n<p>&nbsp;<\/p>\n<p>R\u00e9sultat : au moment du d\u00e9part, on m\u2019a command\u00e9 un taxi qui m\u2019a laiss\u00e9 devant l\u2019A\u00e9rogare d\u2019Istanbul.<\/p>\n<p>&nbsp;<\/p>\n<p><strong>Derni\u00e8re image parmi beaucoup d\u2019autres : C\u2019est en 1992\u00a0<\/strong>\u00e0 Hamman lors de mon voyage officiel avec Laurent Fabius.<\/p>\n<p>&nbsp;<\/p>\n<p>Nous sommes re\u00e7u par un ministre islamiste \u00ab charg\u00e9 des relations avec le Parlement \u00bb.<\/p>\n<p>Il va nous garder pr\u00e8s d\u2019une heure et demie, bousculant ainsi tout notre planning, une heure et demie de litanie anti-occidentale virulente, les yeux fix\u00e9s sur le Coran comme si nous n\u2019\u00e9tions pas l\u00e0.<\/p>\n<p>&nbsp;<\/p>\n<p><strong>Le Moyen Orient, c\u2019est aussi cet esprit.<\/strong><\/p>\n<p><strong>\u00a0<\/strong><\/p>\n<p>Il faut le conna\u00eetre si on veut comprendre.<\/p>\n","protected":false},"excerpt":{"rendered":"<p>C\u2019\u00e9tait fin 1998, le Pr\u00e9sident du Parlement europ\u00e9en, Klaus HANSCH, m\u2019avait convi\u00e9 \u00e0 l\u2019accompagner pour une visite officielle en Isra\u00ebl et dans les Territoires palestiniens. &nbsp; En Isra\u00ebl, \u201ctous les honneurs\u201d m\u2019\u00e9taient r\u00e9serv\u00e9s, de la chambre au King David H\u00f4tel aux diverses manifestations o\u00f9 j\u2019\u00e9tais pr\u00e8s du Premier Ministre. &nbsp; Arrive le jour de la &hellip; <\/p>\n<p><a class=\"more-link btn\" href=\"http:\/\/www.gcaudron.com\/?page_id=5833\">Continue reading<\/a><\/p>\n","protected":false},"author":3,"featured_media":0,"parent":1021,"menu_order":84,"comment_status":"closed","ping_status":"closed","template":"","meta":{"footnotes":""},"class_list":["post-5833","page","type-page","status-publish","hentry","nodate","item-wrap"],"_links":{"self":[{"href":"http:\/\/www.gcaudron.com\/index.php?rest_route=\/wp\/v2\/pages\/5833","targetHints":{"allow":["GET"]}}],"collection":[{"href":"http:\/\/www.gcaudron.com\/index.php?rest_route=\/wp\/v2\/pages"}],"about":[{"href":"http:\/\/www.gcaudron.com\/index.php?rest_route=\/wp\/v2\/types\/page"}],"author":[{"embeddable":true,"href":"http:\/\/www.gcaudron.com\/index.php?rest_route=\/wp\/v2\/users\/3"}],"replies":[{"embeddable":true,"href":"http:\/\/www.gcaudron.com\/index.php?rest_route=%2Fwp%2Fv2%2Fcomments&post=5833"}],"version-history":[{"count":1,"href":"http:\/\/www.gcaudron.com\/index.php?rest_route=\/wp\/v2\/pages\/5833\/revisions"}],"predecessor-version":[{"id":5834,"href":"http:\/\/www.gcaudron.com\/index.php?rest_route=\/wp\/v2\/pages\/5833\/revisions\/5834"}],"up":[{"embeddable":true,"href":"http:\/\/www.gcaudron.com\/index.php?rest_route=\/wp\/v2\/pages\/1021"}],"wp:attachment":[{"href":"http:\/\/www.gcaudron.com\/index.php?rest_route=%2Fwp%2Fv2%2Fmedia&parent=5833"}],"curies":[{"name":"wp","href":"https:\/\/api.w.org\/{rel}","templated":true}]}}