{"id":5831,"date":"2017-10-31T09:46:42","date_gmt":"2017-10-31T08:46:42","guid":{"rendered":"http:\/\/www.gcaudron.com\/?page_id=5831"},"modified":"2017-10-31T09:46:42","modified_gmt":"2017-10-31T08:46:42","slug":"moscovici-pierre","status":"publish","type":"page","link":"http:\/\/www.gcaudron.com\/?page_id=5831","title":{"rendered":"MOSCOVICI PIERRE"},"content":{"rendered":"<p>\u00c9toile montante dans la galaxie Jospiniste en son temps, on dit qu\u2019il est pass\u00e9 aujourd\u2019hui avec armes et bagages dans le camp de DSK (Dominique Strauss Kahn).<\/p>\n<p>&nbsp;<\/p>\n<p>Rien \u00e0 dire, c\u2019est \u201cle jeu\u201d\u2026<\/p>\n<p>&nbsp;<\/p>\n<p>Ses r\u00e8gles sont immuables.<\/p>\n<p>&nbsp;<\/p>\n<p>Ce que je retiendrai de lui, c\u2019est le d\u00e9put\u00e9 europ\u00e9en \u00e9lu en 1994 qui a battu tous les records d\u2019absent\u00e9isme, en particulier en commission et qui, par voie de cons\u00e9quence, sans doute, s\u2019est vu confier par Lionel Jospin le poste de Ministre d\u00e9l\u00e9gu\u00e9 aux Affaires Europ\u00e9ennes.<\/p>\n<p>&nbsp;<\/p>\n<p>De ce point de vue, il n\u2019a pas d\u00e9not\u00e9 : la plupart des ministres des affaires europ\u00e9ennes ont \u00e9t\u00e9 choisis en fonction de crit\u00e8res qui n\u2019avaient rien d\u2019europ\u00e9ens.<\/p>\n<p>&nbsp;<\/p>\n<p>Une anecdote pour terminer :<\/p>\n<p>&nbsp;<\/p>\n<p>Le Ministre est en visite (la seule sans doute) au Parlement europ\u00e9en \u00e0 Strasbourg.<\/p>\n<p>Il est re\u00e7u par le groupe socialiste o\u00f9 il se fend d\u2019un discours classique sur le th\u00e8me \u00ab\u00a0du groupe auquel il a appartenu et qu\u2019il retrouve avec \u00e9motion\u2026\u00bb<\/p>\n<p>&nbsp;<\/p>\n<p>Cela lui vaudra une r\u00e9plique acide du Pr\u00e9sident espagnol du groupe PSE Enrique Baron Crespo : \u00ab\u00a0Monsieur le Ministre\u2026 je n\u2019ai pas le souvenir de vous y avoir rencontr\u00e9.\u00a0\u00bb<\/p>\n<p>&nbsp;<\/p>\n<p>Silence g\u00ean\u00e9\u2026 et on passe \u201cau verre de l\u2019amiti\u00e9\u201d.<\/p>\n","protected":false},"excerpt":{"rendered":"<p>\u00c9toile montante dans la galaxie Jospiniste en son temps, on dit qu\u2019il est pass\u00e9 aujourd\u2019hui avec armes et bagages dans le camp de DSK (Dominique Strauss Kahn). &nbsp; Rien \u00e0 dire, c\u2019est \u201cle jeu\u201d\u2026 &nbsp; Ses r\u00e8gles sont immuables. &nbsp; Ce que je retiendrai de lui, c\u2019est le d\u00e9put\u00e9 europ\u00e9en \u00e9lu en 1994 qui a &hellip; <\/p>\n<p><a class=\"more-link btn\" href=\"http:\/\/www.gcaudron.com\/?page_id=5831\">Continue reading<\/a><\/p>\n","protected":false},"author":3,"featured_media":0,"parent":1021,"menu_order":83,"comment_status":"closed","ping_status":"closed","template":"","meta":{"footnotes":""},"class_list":["post-5831","page","type-page","status-publish","hentry","nodate","item-wrap"],"_links":{"self":[{"href":"http:\/\/www.gcaudron.com\/index.php?rest_route=\/wp\/v2\/pages\/5831","targetHints":{"allow":["GET"]}}],"collection":[{"href":"http:\/\/www.gcaudron.com\/index.php?rest_route=\/wp\/v2\/pages"}],"about":[{"href":"http:\/\/www.gcaudron.com\/index.php?rest_route=\/wp\/v2\/types\/page"}],"author":[{"embeddable":true,"href":"http:\/\/www.gcaudron.com\/index.php?rest_route=\/wp\/v2\/users\/3"}],"replies":[{"embeddable":true,"href":"http:\/\/www.gcaudron.com\/index.php?rest_route=%2Fwp%2Fv2%2Fcomments&post=5831"}],"version-history":[{"count":1,"href":"http:\/\/www.gcaudron.com\/index.php?rest_route=\/wp\/v2\/pages\/5831\/revisions"}],"predecessor-version":[{"id":5832,"href":"http:\/\/www.gcaudron.com\/index.php?rest_route=\/wp\/v2\/pages\/5831\/revisions\/5832"}],"up":[{"embeddable":true,"href":"http:\/\/www.gcaudron.com\/index.php?rest_route=\/wp\/v2\/pages\/1021"}],"wp:attachment":[{"href":"http:\/\/www.gcaudron.com\/index.php?rest_route=%2Fwp%2Fv2%2Fmedia&parent=5831"}],"curies":[{"name":"wp","href":"https:\/\/api.w.org\/{rel}","templated":true}]}}