{"id":5829,"date":"2017-10-31T09:44:59","date_gmt":"2017-10-31T08:44:59","guid":{"rendered":"http:\/\/www.gcaudron.com\/?page_id=5829"},"modified":"2017-10-31T09:44:59","modified_gmt":"2017-10-31T08:44:59","slug":"montebourg-arnaud","status":"publish","type":"page","link":"http:\/\/www.gcaudron.com\/?page_id=5829","title":{"rendered":"MONTEBOURG ARNAUD"},"content":{"rendered":"<p>Il a des c\u00f4t\u00e9s crispants et des attitudes de \u201cpetit marquis\u201d pas tr\u00e8s agr\u00e9ables, et pourtant, je crois qu\u2019il est sinc\u00e8re et qu\u2019il voudrait vraiment changer les choses, sinon changer la vie.<\/p>\n<p>&nbsp;<\/p>\n<p>Puisse-t-il ne pas se d\u00e9courager \u00e0 force de se heurter telle une mouche dans une cage de verre.<\/p>\n<p>&nbsp;<\/p>\n<p>Le dernier congr\u00e8s du PS au Mans lui a montr\u00e9 son isolement.<\/p>\n<p>&nbsp;<\/p>\n<p>Je lui souhaite d\u2019avoir la force de pers\u00e9v\u00e9rer car son combat pour la 6\u00e8me\u00a0R\u00e9publique, c\u2019est un vrai combat tout comme celui contre l\u2019impunit\u00e9 des \u201cprinces qui nous gouvernent\u201d.<\/p>\n<p>&nbsp;<\/p>\n<p>Il y a du \u201cPoperen\u201d en lui\u2026<\/p>\n","protected":false},"excerpt":{"rendered":"<p>Il a des c\u00f4t\u00e9s crispants et des attitudes de \u201cpetit marquis\u201d pas tr\u00e8s agr\u00e9ables, et pourtant, je crois qu\u2019il est sinc\u00e8re et qu\u2019il voudrait vraiment changer les choses, sinon changer la vie. &nbsp; Puisse-t-il ne pas se d\u00e9courager \u00e0 force de se heurter telle une mouche dans une cage de verre. &nbsp; Le dernier congr\u00e8s &hellip; <\/p>\n<p><a class=\"more-link btn\" href=\"http:\/\/www.gcaudron.com\/?page_id=5829\">Continue reading<\/a><\/p>\n","protected":false},"author":3,"featured_media":0,"parent":1021,"menu_order":82,"comment_status":"closed","ping_status":"closed","template":"","meta":{"footnotes":""},"class_list":["post-5829","page","type-page","status-publish","hentry","nodate","item-wrap"],"_links":{"self":[{"href":"http:\/\/www.gcaudron.com\/index.php?rest_route=\/wp\/v2\/pages\/5829","targetHints":{"allow":["GET"]}}],"collection":[{"href":"http:\/\/www.gcaudron.com\/index.php?rest_route=\/wp\/v2\/pages"}],"about":[{"href":"http:\/\/www.gcaudron.com\/index.php?rest_route=\/wp\/v2\/types\/page"}],"author":[{"embeddable":true,"href":"http:\/\/www.gcaudron.com\/index.php?rest_route=\/wp\/v2\/users\/3"}],"replies":[{"embeddable":true,"href":"http:\/\/www.gcaudron.com\/index.php?rest_route=%2Fwp%2Fv2%2Fcomments&post=5829"}],"version-history":[{"count":1,"href":"http:\/\/www.gcaudron.com\/index.php?rest_route=\/wp\/v2\/pages\/5829\/revisions"}],"predecessor-version":[{"id":5830,"href":"http:\/\/www.gcaudron.com\/index.php?rest_route=\/wp\/v2\/pages\/5829\/revisions\/5830"}],"up":[{"embeddable":true,"href":"http:\/\/www.gcaudron.com\/index.php?rest_route=\/wp\/v2\/pages\/1021"}],"wp:attachment":[{"href":"http:\/\/www.gcaudron.com\/index.php?rest_route=%2Fwp%2Fv2%2Fmedia&parent=5829"}],"curies":[{"name":"wp","href":"https:\/\/api.w.org\/{rel}","templated":true}]}}