{"id":5827,"date":"2017-10-31T01:49:45","date_gmt":"2017-10-31T00:49:45","guid":{"rendered":"http:\/\/www.gcaudron.com\/?page_id=5827"},"modified":"2017-10-31T12:00:52","modified_gmt":"2017-10-31T11:00:52","slug":"mitterrand-francois","status":"publish","type":"page","link":"http:\/\/www.gcaudron.com\/?page_id=5827","title":{"rendered":"MITTERRAND FRANCOIS"},"content":{"rendered":"<p>D\u2019un beau jour de 1965 o\u00f9, au Palais de la Bi\u00e8re \u00e0 Lille, j\u2019ai fait tout simplement parti de son service d\u2019ordre quand il vint y lancer sa premi\u00e8re campagne pr\u00e9sidentielle, au 10 novembre 1995, dans son appartement de la rue Fr\u00e9d\u00e9ric Le Play \u00e0 Paris o\u00f9 je l\u2019ai vu souffrant face \u00e0 sa mort qui se rapprochait, me confiant les pas qu\u2019il venait de compter sur l\u2019esplanade des invalides, mais l\u2019\u0153il encore p\u00e9tillant et l\u2019esprit toujours aussi aff\u00fbt\u00e9 en \u00e9voquant\u00a0 les femmes et les hommes du moment,\u00a0<strong>Fran\u00e7ois Mitterrand a \u00e9t\u00e9 de pr\u00e8s ou de loin pr\u00e9sent, tout au long d\u2019une grande partie de ma vie.<\/strong><\/p>\n<p>&nbsp;<\/p>\n<p><strong>Je suis donc fier de faire partie de ce qu\u2019on a appel\u00e9 \u00ab\u00a0la G\u00e9n\u00e9ration Mitterrand\u00a0\u00bb<\/strong>\u00a0et ce, malgr\u00e9 depuis, quelques r\u00e9v\u00e9lations qui m\u2019ont fait mieux prendre conscience de la complexit\u00e9 de son personnage.<\/p>\n<p>&nbsp;<\/p>\n<p>Pendant 30 ans, je l\u2019ai ainsi rencontr\u00e9 r\u00e9guli\u00e8rement. De Clermont Ferrand au temps de la FGDS, \u00e0 Paris en mai 68 puis plus tard en 1978 dans un restaurant des Halles o\u00f9 il m\u2019avait convi\u00e9, \u00e0 Villeneuve d\u2019Ascq o\u00f9 il est venu, en tant que Premier Secr\u00e9taire du Parti Socialiste, passer une journ\u00e9e enti\u00e8re inaugurer la place L\u00e9on Blum et faire une conf\u00e9rence \u00e0 la Rose des vents,\u2026 (en l\u2019absence de Pierre Mauroy et de ses lieutenants), \u00e0 Metz lors du congr\u00e8s o\u00f9 je fis l\u2019erreur grossi\u00e8re de vouloir m\u00e9nager Michel Rocard, \u00e0 Paris encore o\u00f9 je fus de ceux qui l\u2019invit\u00e8rent \u00e0 \u00eatre candidat en 81 avant de lui pronostiquer un peu plus tard qu\u2019il allait \u00eatre \u00e9lu, \u00e0 Paris toujours le 24 mai 1981, o\u00f9 j\u2019ai fais parti de ses invit\u00e9s personnels lors de son intronisation, \u00e0 Paris, \u00e0 Lille, \u00e0 Villeneuve d\u2019Ascq, \u00e0 Li\u00e9vin et ailleurs\u2026 sous la Manche et au Parlement europ\u00e9en, \u00e0 l\u2019\u00c9lys\u00e9e souvent, dans d\u2019autres lieux parfois, pour une heure ou deux, parfois plus, souvent moins<strong>,\u00a0<\/strong>il m\u2019a r\u00e9guli\u00e8rement interrog\u00e9, souvent \u00e9cout\u00e9\u2026 quelques fois entendu.<\/p>\n<p>&nbsp;<\/p>\n<p>Je ne faisais certes pas parti du \u00ab\u00a0premier cercle\u00a0\u00bb. Pas question pour moi de Week-end \u00e0 Latch\u00e9, ni de Roche de Solutr\u00e9 ni du Vieux Morvan \u00e0 Ch\u00e2teau Chinon\u2026 mais j\u2019\u00e9tais de ceux \u00e0 travers lesquels\u00a0<strong>il prenait en permanence \u00ab\u00a0le pouls\u00a0\u00bb des fran\u00e7ais.<\/strong><\/p>\n<p>&nbsp;<\/p>\n<p>Somme toute, je l\u2019ai vu plus souvent que ce qu\u2019en savent les membres de sa cour de l\u2019\u00e9poque, qui, depuis, ont tout fait pour le faire oublier mais aussi moins souvent que j\u2019aurai voulu le croire.<\/p>\n<p>&nbsp;<\/p>\n<p>Il ne m\u2019a jamais propos\u00e9 le poste de Ministre que je n\u2019ai d\u2019ailleurs jamais souhait\u00e9 obtenir.<\/p>\n<p>&nbsp;<\/p>\n<p>Je lui dois pourtant mon premier mandat de D\u00e9put\u00e9 europ\u00e9en en 1989 alors qu\u2019il me demandait d\u2019entrer dans son \u00e9quipe de collaborateurs \u00e9lys\u00e9ens.<\/p>\n<p>&nbsp;<\/p>\n<p>J\u2019ai \u00e9t\u00e9 plus souvent dans les foules qui le portaient que parmi celles et ceux qui l\u2019encadraient sur les photos.<\/p>\n<p>&nbsp;<\/p>\n<p>Je l\u2019ai toujours soutenu. Je ne l\u2019ai jamais trahi et\u2026 accessoirement\u00a0<strong>je ne l\u2019ai jamais reni\u00e9<\/strong>\u00a0y compris au nom du trop fameux \u00ab\u00a0droit d\u2019inventaire\u00a0\u00bb.<\/p>\n<p>&nbsp;<\/p>\n<p>Oui pour moi, Fran\u00e7ois Mitterrand fait parti de ces personnages rares que l\u2019Histoire conserve et qui donc conserve aussi en ombre port\u00e9e celles et ceux qui l\u2019ont approch\u00e9.<\/p>\n<p>&nbsp;<\/p>\n<p><strong>Pour conclure, si j\u2019avais une seule image \u00e0 retenir de lui<\/strong>\u00a0je d\u00e9crirais le Pr\u00e9sident tr\u00e8s malade mais debout face aux d\u00e9put\u00e9s europ\u00e9ens l\u2019acclamant plus de 20 fois, d\u00e9clarant sa foi europ\u00e9enne pendant une heure. C\u2019\u00e9tait en janvier 1995 \u00e0 Strasbourg o\u00f9 apr\u00e8s l\u2019h\u00e9micycle il avait pass\u00e9 pr\u00e8s de deux heures en Pr\u00e9fecture avec tous les repr\u00e9sentants de la galaxie europ\u00e9enne\u2026<\/p>\n<p>&nbsp;<\/p>\n<p>Ce fut\u00a0<strong>un moment\u00a0unique<\/strong>\u00a0dans la vie du parlement. Cinq mois plus tard, en fin de pr\u00e9sidence fran\u00e7aise, c\u2019\u00e9tait Jaques Chirac qui \u00ab\u00a0s\u2019y collait\u00a0\u00bb sous les hu\u00e9s de parlementaires en col\u00e8re.<\/p>\n<p>&nbsp;<\/p>\n<p>Il faut dire que si le premier avait d\u00e9nonc\u00e9 en janvier le nationalisme fauteur de guerre, le second, entre temps, avait relanc\u00e9 les essais nucl\u00e9aires militaires de le France.<\/p>\n","protected":false},"excerpt":{"rendered":"<p>D\u2019un beau jour de 1965 o\u00f9, au Palais de la Bi\u00e8re \u00e0 Lille, j\u2019ai fait tout simplement parti de son service d\u2019ordre quand il vint y lancer sa premi\u00e8re campagne pr\u00e9sidentielle, au 10 novembre 1995, dans son appartement de la rue Fr\u00e9d\u00e9ric Le Play \u00e0 Paris o\u00f9 je l\u2019ai vu souffrant face \u00e0 sa mort &hellip; <\/p>\n<p><a class=\"more-link btn\" href=\"http:\/\/www.gcaudron.com\/?page_id=5827\">Continue reading<\/a><\/p>\n","protected":false},"author":3,"featured_media":0,"parent":1021,"menu_order":81,"comment_status":"closed","ping_status":"closed","template":"","meta":{"footnotes":""},"class_list":["post-5827","page","type-page","status-publish","hentry","nodate","item-wrap"],"_links":{"self":[{"href":"http:\/\/www.gcaudron.com\/index.php?rest_route=\/wp\/v2\/pages\/5827","targetHints":{"allow":["GET"]}}],"collection":[{"href":"http:\/\/www.gcaudron.com\/index.php?rest_route=\/wp\/v2\/pages"}],"about":[{"href":"http:\/\/www.gcaudron.com\/index.php?rest_route=\/wp\/v2\/types\/page"}],"author":[{"embeddable":true,"href":"http:\/\/www.gcaudron.com\/index.php?rest_route=\/wp\/v2\/users\/3"}],"replies":[{"embeddable":true,"href":"http:\/\/www.gcaudron.com\/index.php?rest_route=%2Fwp%2Fv2%2Fcomments&post=5827"}],"version-history":[{"count":3,"href":"http:\/\/www.gcaudron.com\/index.php?rest_route=\/wp\/v2\/pages\/5827\/revisions"}],"predecessor-version":[{"id":5942,"href":"http:\/\/www.gcaudron.com\/index.php?rest_route=\/wp\/v2\/pages\/5827\/revisions\/5942"}],"up":[{"embeddable":true,"href":"http:\/\/www.gcaudron.com\/index.php?rest_route=\/wp\/v2\/pages\/1021"}],"wp:attachment":[{"href":"http:\/\/www.gcaudron.com\/index.php?rest_route=%2Fwp%2Fv2%2Fmedia&parent=5827"}],"curies":[{"name":"wp","href":"https:\/\/api.w.org\/{rel}","templated":true}]}}