{"id":5825,"date":"2017-10-31T01:49:07","date_gmt":"2017-10-31T00:49:07","guid":{"rendered":"http:\/\/www.gcaudron.com\/?page_id=5825"},"modified":"2017-10-31T01:49:07","modified_gmt":"2017-10-31T00:49:07","slug":"mitterrand-daniele","status":"publish","type":"page","link":"http:\/\/www.gcaudron.com\/?page_id=5825","title":{"rendered":"MITTERRAND DANI\u00c8LE"},"content":{"rendered":"<p>J\u2019ai bien s\u00fbr, eu l\u2019honneur plusieurs fois d\u2019\u00eatre \u00e0 la table de Madame la Pr\u00e9sidente.<\/p>\n<p>&nbsp;<\/p>\n<p>J\u2019ai pu, vers la fin de la vie de son mari, prendre toute la mesure de sa tendresse pour lui quand elle le prenait par la main en l\u2019appelant Fran\u00e7ois.<\/p>\n<p>&nbsp;<\/p>\n<p>Mais \u201cl\u2019exceptionnel\u201d n\u2019est pas l\u00e0\u2026 Il est dans le fait que Dani\u00e8le Mitterrand restera la militante des Droits de l\u2019Homme partout dans le monde et la Pr\u00e9sidente de France \u2013 Libert\u00e9.<\/p>\n<p>&nbsp;<\/p>\n<p>Je l\u2019ai m\u00eame vu \u00e0 un colloque sur l\u2019eau dans le monde organis\u00e9 par le GUE\/NGL au Parlement europ\u00e9en, une des plus grandes in\u00e9galit\u00e9s entre les \u00eatres humains.<\/p>\n<p>&nbsp;<\/p>\n<p>Je ne sais si \u00e0 l\u2019instar de son beau-fr\u00e8re Roger Hanin, elle est all\u00e9e aussi loin que lui dans ses votes apr\u00e8s 1995, mais je sais\u00a0<strong>que l\u2019Histoire devrait garder la m\u00e9moire de son nom \u00e0 elle aussi.<\/strong><\/p>\n<p><strong>\u00a0<\/strong><\/p>\n<p><strong>Elle repr\u00e9sente une race de femmes\u00a0<\/strong>n\u00e9e de la R\u00e9sistance\u2026 une race de militantes qui dispara\u00eet peu \u00e0 peu du fait du temps qui passe, une femme de gauche d\u2019exception.<\/p>\n<p>&nbsp;<\/p>\n<p><strong>Une derni\u00e8re image :<\/strong><\/p>\n<p><strong>\u00a0<\/strong><\/p>\n<p>C\u2019\u00e9tait \u00e0 Villeneuve d\u2019Ascq. Fran\u00e7ois Mitterrand \u00e9tait mort.<\/p>\n<p>&nbsp;<\/p>\n<p>Nous avions d\u00e9cid\u00e9 de donner son nom au \u00abForum des Sciences \u00bb nouvellement construit.<\/p>\n<p>&nbsp;<\/p>\n<p>Nous avions invit\u00e9 Dani\u00e8le. Elle \u00e9tait venue modeste et farouche \u00e0 la fois\u2026 comme certainement aux premiers temps de la carri\u00e8re de son mari.<\/p>\n<p>&nbsp;<\/p>\n<p>Elle \u00e9tait \u00e9mue et \u00e9mouvante.<\/p>\n<p>&nbsp;<\/p>\n<p>J\u2019en veux aujourd\u2019hui \u00e0 tous ceux qui, en parlant du Forum des sciences, s\u2019emploient \u00e0 oublier qu\u2019il porte le nom de celui qui fut leur grand Pr\u00e9sident pendant 14 ans.<\/p>\n","protected":false},"excerpt":{"rendered":"<p>J\u2019ai bien s\u00fbr, eu l\u2019honneur plusieurs fois d\u2019\u00eatre \u00e0 la table de Madame la Pr\u00e9sidente. &nbsp; J\u2019ai pu, vers la fin de la vie de son mari, prendre toute la mesure de sa tendresse pour lui quand elle le prenait par la main en l\u2019appelant Fran\u00e7ois. &nbsp; Mais \u201cl\u2019exceptionnel\u201d n\u2019est pas l\u00e0\u2026 Il est dans &hellip; <\/p>\n<p><a class=\"more-link btn\" href=\"http:\/\/www.gcaudron.com\/?page_id=5825\">Continue reading<\/a><\/p>\n","protected":false},"author":3,"featured_media":0,"parent":1021,"menu_order":80,"comment_status":"closed","ping_status":"closed","template":"","meta":{"footnotes":""},"class_list":["post-5825","page","type-page","status-publish","hentry","nodate","item-wrap"],"_links":{"self":[{"href":"http:\/\/www.gcaudron.com\/index.php?rest_route=\/wp\/v2\/pages\/5825","targetHints":{"allow":["GET"]}}],"collection":[{"href":"http:\/\/www.gcaudron.com\/index.php?rest_route=\/wp\/v2\/pages"}],"about":[{"href":"http:\/\/www.gcaudron.com\/index.php?rest_route=\/wp\/v2\/types\/page"}],"author":[{"embeddable":true,"href":"http:\/\/www.gcaudron.com\/index.php?rest_route=\/wp\/v2\/users\/3"}],"replies":[{"embeddable":true,"href":"http:\/\/www.gcaudron.com\/index.php?rest_route=%2Fwp%2Fv2%2Fcomments&post=5825"}],"version-history":[{"count":1,"href":"http:\/\/www.gcaudron.com\/index.php?rest_route=\/wp\/v2\/pages\/5825\/revisions"}],"predecessor-version":[{"id":5826,"href":"http:\/\/www.gcaudron.com\/index.php?rest_route=\/wp\/v2\/pages\/5825\/revisions\/5826"}],"up":[{"embeddable":true,"href":"http:\/\/www.gcaudron.com\/index.php?rest_route=\/wp\/v2\/pages\/1021"}],"wp:attachment":[{"href":"http:\/\/www.gcaudron.com\/index.php?rest_route=%2Fwp%2Fv2%2Fmedia&parent=5825"}],"curies":[{"name":"wp","href":"https:\/\/api.w.org\/{rel}","templated":true}]}}