{"id":5823,"date":"2017-10-31T01:48:26","date_gmt":"2017-10-31T00:48:26","guid":{"rendered":"http:\/\/www.gcaudron.com\/?page_id=5823"},"modified":"2017-10-31T01:48:26","modified_gmt":"2017-10-31T00:48:26","slug":"mille-neuf-cent-quarante-sept","status":"publish","type":"page","link":"http:\/\/www.gcaudron.com\/?page_id=5823","title":{"rendered":"MILLE NEUF CENT QUARANTE SEPT"},"content":{"rendered":"<p>Cette ann\u00e9e l\u00e0,\u00a0<strong>une nouvelle g\u00e9n\u00e9ration politique\u00a0<\/strong>inscrit son empreinte en s\u2019installant dans les mairies de France.<\/p>\n<p>&nbsp;<\/p>\n<p>Comme \u00e0 chaque changement de g\u00e9n\u00e9ration, tandis que certains nouveaux \u00e9lus retrouveront tr\u00e8s vite l\u2019anonymat dont ils venaient \u00e0 peine de sortir, d\u2019autres vont conna\u00eetre la dur\u00e9e et ce, jusqu\u2019\u00e0 l\u2019arriv\u00e9e de \u201cla g\u00e9n\u00e9ration 77\u201d.<\/p>\n<p>&nbsp;<\/p>\n<p>Trente ans c\u2019est long\u2026 et beaucoup vont conna\u00eetre les affres du cinqui\u00e8me et dernier mandat, le mandat de trop pour certains, le mandat des manoeuvres successorales douloureuses pour tous.<\/p>\n<p>&nbsp;<\/p>\n<p>Maire issu de la g\u00e9n\u00e9ration 77,\u00a0<strong>c\u2019est d\u2019abord ce constat\u00a0<\/strong>fait alors que je n\u2019avais que 31 ans\u00a0<strong>qui m\u2019a fait d\u00e9cider\u00a0<\/strong>le 27 f\u00e9vrier 2000 de ne plus \u00eatre candidat en mars 2001\u2026<\/p>\n<p>&nbsp;<\/p>\n<p>Je n\u2019ai jamais regrett\u00e9 cette d\u00e9cision, sinon dans ses modalit\u00e9s\u2026 et encore, pas au point d\u2019imaginer que j\u2019aurais du faire un autre choix.<\/p>\n","protected":false},"excerpt":{"rendered":"<p>Cette ann\u00e9e l\u00e0,\u00a0une nouvelle g\u00e9n\u00e9ration politique\u00a0inscrit son empreinte en s\u2019installant dans les mairies de France. &nbsp; Comme \u00e0 chaque changement de g\u00e9n\u00e9ration, tandis que certains nouveaux \u00e9lus retrouveront tr\u00e8s vite l\u2019anonymat dont ils venaient \u00e0 peine de sortir, d\u2019autres vont conna\u00eetre la dur\u00e9e et ce, jusqu\u2019\u00e0 l\u2019arriv\u00e9e de \u201cla g\u00e9n\u00e9ration 77\u201d. &nbsp; Trente ans c\u2019est &hellip; <\/p>\n<p><a class=\"more-link btn\" href=\"http:\/\/www.gcaudron.com\/?page_id=5823\">Continue reading<\/a><\/p>\n","protected":false},"author":3,"featured_media":0,"parent":1021,"menu_order":79,"comment_status":"closed","ping_status":"closed","template":"","meta":{"footnotes":""},"class_list":["post-5823","page","type-page","status-publish","hentry","nodate","item-wrap"],"_links":{"self":[{"href":"http:\/\/www.gcaudron.com\/index.php?rest_route=\/wp\/v2\/pages\/5823","targetHints":{"allow":["GET"]}}],"collection":[{"href":"http:\/\/www.gcaudron.com\/index.php?rest_route=\/wp\/v2\/pages"}],"about":[{"href":"http:\/\/www.gcaudron.com\/index.php?rest_route=\/wp\/v2\/types\/page"}],"author":[{"embeddable":true,"href":"http:\/\/www.gcaudron.com\/index.php?rest_route=\/wp\/v2\/users\/3"}],"replies":[{"embeddable":true,"href":"http:\/\/www.gcaudron.com\/index.php?rest_route=%2Fwp%2Fv2%2Fcomments&post=5823"}],"version-history":[{"count":1,"href":"http:\/\/www.gcaudron.com\/index.php?rest_route=\/wp\/v2\/pages\/5823\/revisions"}],"predecessor-version":[{"id":5824,"href":"http:\/\/www.gcaudron.com\/index.php?rest_route=\/wp\/v2\/pages\/5823\/revisions\/5824"}],"up":[{"embeddable":true,"href":"http:\/\/www.gcaudron.com\/index.php?rest_route=\/wp\/v2\/pages\/1021"}],"wp:attachment":[{"href":"http:\/\/www.gcaudron.com\/index.php?rest_route=%2Fwp%2Fv2%2Fmedia&parent=5823"}],"curies":[{"name":"wp","href":"https:\/\/api.w.org\/{rel}","templated":true}]}}