{"id":5821,"date":"2017-10-31T01:47:38","date_gmt":"2017-10-31T00:47:38","guid":{"rendered":"http:\/\/www.gcaudron.com\/?page_id=5821"},"modified":"2017-10-31T01:47:38","modified_gmt":"2017-10-31T00:47:38","slug":"militants","status":"publish","type":"page","link":"http:\/\/www.gcaudron.com\/?page_id=5821","title":{"rendered":"MILITANTS"},"content":{"rendered":"<p><strong>Utilis\u00e9s<\/strong>\u00a0par les candidats de leur parti aux diverses \u00e9lections pour se faire \u00e9lire puis, apr\u00e8s la victoire,\u00a0<strong>r\u00e9utilis\u00e9s<\/strong>\u00a0par les \u00e9lus pour expliquer aux \u00e9lecteurs les raisons pour lesquelles ils ne peuvent tenir leurs promesses,\u00a0<strong>les militants des partis politiques ont bien du m\u00e9rite \u00e0 le rester<\/strong>\u00a0surtout s\u2019il ne travaillent pas pour leurs \u00e9lus et s\u2019ils n\u2019ont pas l\u2019ambition ou la possibilit\u00e9 d\u2019\u00eatre un jour \u00e9lus \u00e0 leur tour.<\/p>\n<p>&nbsp;<\/p>\n<p>Combien en reste-t-il effectivement \u00ab\u00a0tous partis confondus\u00a0\u00bb de ces militants \u00ab\u00a0d\u00e9sint\u00e9ress\u00e9s\u00a0\u00bb\u00a0et uniquement mus par leur foi\u00a0?<\/p>\n<p>&nbsp;<\/p>\n<p>Tr\u00e8s peu, trop peu\u2026 sans doute au regard du nombre d\u2019\u00e9lecteurs.<\/p>\n<p>&nbsp;<\/p>\n<p>Ils n\u2019en n\u2019ont que plus de m\u00e9rite et ils m\u00e9ritent d\u2019autant plus le respect\u00a0!<\/p>\n","protected":false},"excerpt":{"rendered":"<p>Utilis\u00e9s\u00a0par les candidats de leur parti aux diverses \u00e9lections pour se faire \u00e9lire puis, apr\u00e8s la victoire,\u00a0r\u00e9utilis\u00e9s\u00a0par les \u00e9lus pour expliquer aux \u00e9lecteurs les raisons pour lesquelles ils ne peuvent tenir leurs promesses,\u00a0les militants des partis politiques ont bien du m\u00e9rite \u00e0 le rester\u00a0surtout s\u2019il ne travaillent pas pour leurs \u00e9lus et s\u2019ils n\u2019ont pas &hellip; <\/p>\n<p><a class=\"more-link btn\" href=\"http:\/\/www.gcaudron.com\/?page_id=5821\">Continue reading<\/a><\/p>\n","protected":false},"author":3,"featured_media":0,"parent":1021,"menu_order":78,"comment_status":"closed","ping_status":"closed","template":"","meta":{"footnotes":""},"class_list":["post-5821","page","type-page","status-publish","hentry","nodate","item-wrap"],"_links":{"self":[{"href":"http:\/\/www.gcaudron.com\/index.php?rest_route=\/wp\/v2\/pages\/5821","targetHints":{"allow":["GET"]}}],"collection":[{"href":"http:\/\/www.gcaudron.com\/index.php?rest_route=\/wp\/v2\/pages"}],"about":[{"href":"http:\/\/www.gcaudron.com\/index.php?rest_route=\/wp\/v2\/types\/page"}],"author":[{"embeddable":true,"href":"http:\/\/www.gcaudron.com\/index.php?rest_route=\/wp\/v2\/users\/3"}],"replies":[{"embeddable":true,"href":"http:\/\/www.gcaudron.com\/index.php?rest_route=%2Fwp%2Fv2%2Fcomments&post=5821"}],"version-history":[{"count":1,"href":"http:\/\/www.gcaudron.com\/index.php?rest_route=\/wp\/v2\/pages\/5821\/revisions"}],"predecessor-version":[{"id":5822,"href":"http:\/\/www.gcaudron.com\/index.php?rest_route=\/wp\/v2\/pages\/5821\/revisions\/5822"}],"up":[{"embeddable":true,"href":"http:\/\/www.gcaudron.com\/index.php?rest_route=\/wp\/v2\/pages\/1021"}],"wp:attachment":[{"href":"http:\/\/www.gcaudron.com\/index.php?rest_route=%2Fwp%2Fv2%2Fmedia&parent=5821"}],"curies":[{"name":"wp","href":"https:\/\/api.w.org\/{rel}","templated":true}]}}