{"id":5819,"date":"2017-10-31T01:47:05","date_gmt":"2017-10-31T00:47:05","guid":{"rendered":"http:\/\/www.gcaudron.com\/?page_id=5819"},"modified":"2017-10-31T01:47:05","modified_gmt":"2017-10-31T00:47:05","slug":"mauroy-pierre","status":"publish","type":"page","link":"http:\/\/www.gcaudron.com\/?page_id=5819","title":{"rendered":"MAUROY PIERRE"},"content":{"rendered":"<p><strong>C\u2019est un des hommes politiques\u00a0<\/strong>les plus professionnels que j\u2019ai jamais rencontr\u00e9, un homme politique puissant conjuguant \u201cfeeling\u201d, capacit\u00e9 d\u2019analyse, connaissance des dossiers, \u00e9nergie, volont\u00e9 et r\u00e9elle autorit\u00e9 naturelle.<\/p>\n<p>&nbsp;<\/p>\n<p>Lui aussi a tout \u00e9t\u00e9, ou presque et contrairement \u00e0 Valery Giscard d\u2019Estaing, il a tout r\u00e9ussi, ou presque.<\/p>\n<p>&nbsp;<\/p>\n<p>Certes, comme beaucoup de chefs, il m\u00e9prise ceux qui ne savent pas lui r\u00e9sister et il sait \u00e9craser ses adversaires\u2026<\/p>\n<p>&nbsp;<\/p>\n<p>C\u2019est pourquoi ma vie non loin de lui a toujours \u00e9t\u00e9 un combat.<\/p>\n<p>&nbsp;<\/p>\n<p>Il va maintenant bient\u00f4t lui rester une chose \u00e0 r\u00e9ussir : sa sortie et ce ne sera pas si simple vu les complexit\u00e9s des toiles qu\u2019il a tiss\u00e9 autour de lui \u00e0 la Communaut\u00e9 Urbaine de Lille et ailleurs.<\/p>\n","protected":false},"excerpt":{"rendered":"<p>C\u2019est un des hommes politiques\u00a0les plus professionnels que j\u2019ai jamais rencontr\u00e9, un homme politique puissant conjuguant \u201cfeeling\u201d, capacit\u00e9 d\u2019analyse, connaissance des dossiers, \u00e9nergie, volont\u00e9 et r\u00e9elle autorit\u00e9 naturelle. &nbsp; Lui aussi a tout \u00e9t\u00e9, ou presque et contrairement \u00e0 Valery Giscard d\u2019Estaing, il a tout r\u00e9ussi, ou presque. &nbsp; Certes, comme beaucoup de chefs, il &hellip; <\/p>\n<p><a class=\"more-link btn\" href=\"http:\/\/www.gcaudron.com\/?page_id=5819\">Continue reading<\/a><\/p>\n","protected":false},"author":3,"featured_media":0,"parent":1021,"menu_order":77,"comment_status":"closed","ping_status":"closed","template":"","meta":{"footnotes":""},"class_list":["post-5819","page","type-page","status-publish","hentry","nodate","item-wrap"],"_links":{"self":[{"href":"http:\/\/www.gcaudron.com\/index.php?rest_route=\/wp\/v2\/pages\/5819","targetHints":{"allow":["GET"]}}],"collection":[{"href":"http:\/\/www.gcaudron.com\/index.php?rest_route=\/wp\/v2\/pages"}],"about":[{"href":"http:\/\/www.gcaudron.com\/index.php?rest_route=\/wp\/v2\/types\/page"}],"author":[{"embeddable":true,"href":"http:\/\/www.gcaudron.com\/index.php?rest_route=\/wp\/v2\/users\/3"}],"replies":[{"embeddable":true,"href":"http:\/\/www.gcaudron.com\/index.php?rest_route=%2Fwp%2Fv2%2Fcomments&post=5819"}],"version-history":[{"count":1,"href":"http:\/\/www.gcaudron.com\/index.php?rest_route=\/wp\/v2\/pages\/5819\/revisions"}],"predecessor-version":[{"id":5820,"href":"http:\/\/www.gcaudron.com\/index.php?rest_route=\/wp\/v2\/pages\/5819\/revisions\/5820"}],"up":[{"embeddable":true,"href":"http:\/\/www.gcaudron.com\/index.php?rest_route=\/wp\/v2\/pages\/1021"}],"wp:attachment":[{"href":"http:\/\/www.gcaudron.com\/index.php?rest_route=%2Fwp%2Fv2%2Fmedia&parent=5819"}],"curies":[{"name":"wp","href":"https:\/\/api.w.org\/{rel}","templated":true}]}}