{"id":5817,"date":"2017-10-31T01:45:54","date_gmt":"2017-10-31T00:45:54","guid":{"rendered":"http:\/\/www.gcaudron.com\/?page_id=5817"},"modified":"2017-10-31T01:45:54","modified_gmt":"2017-10-31T00:45:54","slug":"manifestations-patriotiques","status":"publish","type":"page","link":"http:\/\/www.gcaudron.com\/?page_id=5817","title":{"rendered":"MANIFESTATIONS PATRIOTIQUES"},"content":{"rendered":"<p><strong>Quand on vient d\u2019\u00eatre \u00e9lu maire \u00e0 32 ans,\u00a0<\/strong>et qu\u2019on a eu la chance de n\u2019avoir pas fait ni subi directement les effets d\u2019une guerre, si en plus on remplace un maire qui lui avait fait la deuxi\u00e8me guerre mondiale au cours de laquelle il avait \u00e9t\u00e9 fait prisonnier,\u00a0<strong>le contact avec le monde bien particulier des Anciens combattants n\u2019est pas des plus faciles.<\/strong><\/p>\n<p><strong>\u00a0<\/strong><\/p>\n<p><strong>En 1977,\u00a0<\/strong>il y avait encore \u00e0 Villeneuve d\u2019Ascq, comme ailleurs, des Anciens Combattants de la Premi\u00e8re Guerre Mondiale, beaucoup de la Seconde avec \u00e0 leur cot\u00e9s les plus jeunes, ceux de la guerre d\u2019Alg\u00e9rie, et cela m\u00eame si cette derni\u00e8re ne portait pas alors le nom de guerre.<\/p>\n<p>&nbsp;<\/p>\n<p>J\u2019ajoute que les jugements port\u00e9s par les uns sur les autres n\u2019\u00e9taient pas toujours des plus tendres.<\/p>\n<p>&nbsp;<\/p>\n<p><strong>La premi\u00e8re fois que l\u2019on se retrouve devant le Monument aux Morts\u00a0<\/strong>pour y faire un discours, on est tr\u00e8s attendu et tr\u00e8s \u00e9mu.<\/p>\n<p>&nbsp;<\/p>\n<p>On ne peut pas \u201cpiocher\u201d dans sa m\u00e9moire, et il serait maladroit de recopier des discours types.<\/p>\n<p>&nbsp;<\/p>\n<p>Alors on laisse parler son coeur, on dit les choses comme on les sent, en faisant simplement attention de ne froisser personne, et surtout de ne pas \u00eatre blessant.<\/p>\n<p>&nbsp;<\/p>\n<p>Au Tertre des Massacr\u00e9s d\u2019Ascq, ce n\u2019est pas trop difficile, le 8 mai non plus, mais le 11 novembre ?<\/p>\n<p>&nbsp;<\/p>\n<p>Alors on s\u2019interroge : doit-on ne parler que de l\u2019h\u00e9ro\u00efsme des poilus ? Aller jusqu\u2019\u00e0 parler de \u201cgrande boucherie\u201d ? A-t-on le droit d\u2019\u00e9voquer les ex\u00e9cutions sommaires ?<\/p>\n<p>&nbsp;<\/p>\n<p><strong>D\u00e8s la 1\u00e8re ann\u00e9e, j\u2019ai os\u00e9\u00a0<\/strong>en reprenant la chanson que je chantais petit devant le monument aux morts plac\u00e9 au mur de l\u2019\u00e9cole de Chailvet.<\/p>\n<p>&nbsp;<\/p>\n<p>\u00ab Ceux qui pieusement sont morts pour la patrie ont droit qu\u2019a leur cercueil la foule vienne et prie\u2026 \u00bb<\/p>\n<p>&nbsp;<\/p>\n<p>Et j\u2019ai alors parl\u00e9 de ceux qui sont mort \u201cbien moins pieusement d\u2019une balle au fond d\u2019une tranch\u00e9e\u2026 et qui n\u2019ont pas eu droit \u00e0 la pri\u00e8re de la foule\u2026\u201d<\/p>\n<p>&nbsp;<\/p>\n<p>J\u2019ai senti un l\u00e9ger malaise mais pas de rejet.<\/p>\n<p>&nbsp;<\/p>\n<p>Et puis le temps passant, j\u2019ai pu discuter avec tous ces combattants de toutes les guerres. Je les ai mieux connus, encore mieux compris et encore plus respect\u00e9s.<\/p>\n<p>C\u2019est une des raisons pour laquelle j\u2019ai \u00e9t\u00e9 fid\u00e8le \u00e0 toutes les manifestations patriotiques de ma Ville.<\/p>\n","protected":false},"excerpt":{"rendered":"<p>Quand on vient d\u2019\u00eatre \u00e9lu maire \u00e0 32 ans,\u00a0et qu\u2019on a eu la chance de n\u2019avoir pas fait ni subi directement les effets d\u2019une guerre, si en plus on remplace un maire qui lui avait fait la deuxi\u00e8me guerre mondiale au cours de laquelle il avait \u00e9t\u00e9 fait prisonnier,\u00a0le contact avec le monde bien particulier &hellip; <\/p>\n<p><a class=\"more-link btn\" href=\"http:\/\/www.gcaudron.com\/?page_id=5817\">Continue reading<\/a><\/p>\n","protected":false},"author":3,"featured_media":0,"parent":1021,"menu_order":76,"comment_status":"closed","ping_status":"closed","template":"","meta":{"footnotes":""},"class_list":["post-5817","page","type-page","status-publish","hentry","nodate","item-wrap"],"_links":{"self":[{"href":"http:\/\/www.gcaudron.com\/index.php?rest_route=\/wp\/v2\/pages\/5817","targetHints":{"allow":["GET"]}}],"collection":[{"href":"http:\/\/www.gcaudron.com\/index.php?rest_route=\/wp\/v2\/pages"}],"about":[{"href":"http:\/\/www.gcaudron.com\/index.php?rest_route=\/wp\/v2\/types\/page"}],"author":[{"embeddable":true,"href":"http:\/\/www.gcaudron.com\/index.php?rest_route=\/wp\/v2\/users\/3"}],"replies":[{"embeddable":true,"href":"http:\/\/www.gcaudron.com\/index.php?rest_route=%2Fwp%2Fv2%2Fcomments&post=5817"}],"version-history":[{"count":1,"href":"http:\/\/www.gcaudron.com\/index.php?rest_route=\/wp\/v2\/pages\/5817\/revisions"}],"predecessor-version":[{"id":5818,"href":"http:\/\/www.gcaudron.com\/index.php?rest_route=\/wp\/v2\/pages\/5817\/revisions\/5818"}],"up":[{"embeddable":true,"href":"http:\/\/www.gcaudron.com\/index.php?rest_route=\/wp\/v2\/pages\/1021"}],"wp:attachment":[{"href":"http:\/\/www.gcaudron.com\/index.php?rest_route=%2Fwp%2Fv2%2Fmedia&parent=5817"}],"curies":[{"name":"wp","href":"https:\/\/api.w.org\/{rel}","templated":true}]}}