{"id":5811,"date":"2017-10-31T01:43:26","date_gmt":"2017-10-31T00:43:26","guid":{"rendered":"http:\/\/www.gcaudron.com\/?page_id=5811"},"modified":"2017-10-31T01:43:26","modified_gmt":"2017-10-31T00:43:26","slug":"lille","status":"publish","type":"page","link":"http:\/\/www.gcaudron.com\/?page_id=5811","title":{"rendered":"LILLE"},"content":{"rendered":"<p>Lille fut ma premi\u00e8re \u201cville d\u2019adoption\u201d lorsque je suis arriv\u00e9 dans le Nord en 1964 \u00e0 l\u2019\u00e2ge de 19 ans.<\/p>\n<p>&nbsp;<\/p>\n<p>Elle m\u2019a vu adh\u00e9rer \u00e0 la SFIO, et j\u2019y ai \u00e9tudi\u00e9 durant deux ans avant de passer 2 ans \u00e0 Clermont-Ferrand.<\/p>\n<p>&nbsp;<\/p>\n<p>J\u2019y ai connu Augustin Laurent le \u201cpape de la SFIO\u201d et j\u2019ai fait campagne pour lui d\u00e8s 1965. J\u2019y ai vu arriver un jour Pierre Mauroy, bien avant qu\u2019il ne r\u00eave de d\u00e9vorer Villeneuve d\u2019Ascq.<\/p>\n<p>&nbsp;<\/p>\n<p>Lille, avec Pierre Mauroy, va prendre toute sa modernit\u00e9, et, aujourd\u2019hui, Martine Aubry l\u2019a fait labelliser \u00ab Grande Ville Europ\u00e9enne \u00bb.<\/p>\n<p>&nbsp;<\/p>\n<p>Lille est finalement une ville que j\u2019aime bien, moi le Maire honoraire de Villeneuve d\u2019Ascq.<\/p>\n","protected":false},"excerpt":{"rendered":"<p>Lille fut ma premi\u00e8re \u201cville d\u2019adoption\u201d lorsque je suis arriv\u00e9 dans le Nord en 1964 \u00e0 l\u2019\u00e2ge de 19 ans. &nbsp; Elle m\u2019a vu adh\u00e9rer \u00e0 la SFIO, et j\u2019y ai \u00e9tudi\u00e9 durant deux ans avant de passer 2 ans \u00e0 Clermont-Ferrand. &nbsp; J\u2019y ai connu Augustin Laurent le \u201cpape de la SFIO\u201d et j\u2019ai &hellip; <\/p>\n<p><a class=\"more-link btn\" href=\"http:\/\/www.gcaudron.com\/?page_id=5811\">Continue reading<\/a><\/p>\n","protected":false},"author":3,"featured_media":0,"parent":1021,"menu_order":73,"comment_status":"closed","ping_status":"closed","template":"","meta":{"footnotes":""},"class_list":["post-5811","page","type-page","status-publish","hentry","nodate","item-wrap"],"_links":{"self":[{"href":"http:\/\/www.gcaudron.com\/index.php?rest_route=\/wp\/v2\/pages\/5811","targetHints":{"allow":["GET"]}}],"collection":[{"href":"http:\/\/www.gcaudron.com\/index.php?rest_route=\/wp\/v2\/pages"}],"about":[{"href":"http:\/\/www.gcaudron.com\/index.php?rest_route=\/wp\/v2\/types\/page"}],"author":[{"embeddable":true,"href":"http:\/\/www.gcaudron.com\/index.php?rest_route=\/wp\/v2\/users\/3"}],"replies":[{"embeddable":true,"href":"http:\/\/www.gcaudron.com\/index.php?rest_route=%2Fwp%2Fv2%2Fcomments&post=5811"}],"version-history":[{"count":1,"href":"http:\/\/www.gcaudron.com\/index.php?rest_route=\/wp\/v2\/pages\/5811\/revisions"}],"predecessor-version":[{"id":5812,"href":"http:\/\/www.gcaudron.com\/index.php?rest_route=\/wp\/v2\/pages\/5811\/revisions\/5812"}],"up":[{"embeddable":true,"href":"http:\/\/www.gcaudron.com\/index.php?rest_route=\/wp\/v2\/pages\/1021"}],"wp:attachment":[{"href":"http:\/\/www.gcaudron.com\/index.php?rest_route=%2Fwp%2Fv2%2Fmedia&parent=5811"}],"curies":[{"name":"wp","href":"https:\/\/api.w.org\/{rel}","templated":true}]}}