{"id":5809,"date":"2017-10-31T01:42:47","date_gmt":"2017-10-31T00:42:47","guid":{"rendered":"http:\/\/www.gcaudron.com\/?page_id=5809"},"modified":"2017-10-31T01:42:47","modified_gmt":"2017-10-31T00:42:47","slug":"leotard-francois","status":"publish","type":"page","link":"http:\/\/www.gcaudron.com\/?page_id=5809","title":{"rendered":"L\u00c9OTARD FRAN\u00c7OIS"},"content":{"rendered":"<p>Il n\u2019a jamais \u00e9t\u00e9 aussi bon et humain dans ses \u00e9crits que depuis qu\u2019il a quitt\u00e9 la vie publique.<\/p>\n<p>&nbsp;<\/p>\n<p>Cela fait r\u00eaver et c\u2019est une sacr\u00e9e le\u00e7on \u00e0 m\u00e9diter pour tous ceux qui voudraient en faire leur vie et ceux qui, enlis\u00e9s, n\u2019arrivent pas \u00e0 s\u2019en sortir.<\/p>\n","protected":false},"excerpt":{"rendered":"<p>Il n\u2019a jamais \u00e9t\u00e9 aussi bon et humain dans ses \u00e9crits que depuis qu\u2019il a quitt\u00e9 la vie publique. &nbsp; Cela fait r\u00eaver et c\u2019est une sacr\u00e9e le\u00e7on \u00e0 m\u00e9diter pour tous ceux qui voudraient en faire leur vie et ceux qui, enlis\u00e9s, n\u2019arrivent pas \u00e0 s\u2019en sortir.<\/p>\n","protected":false},"author":3,"featured_media":0,"parent":1021,"menu_order":72,"comment_status":"closed","ping_status":"closed","template":"","meta":{"footnotes":""},"class_list":["post-5809","page","type-page","status-publish","hentry","nodate","item-wrap"],"_links":{"self":[{"href":"http:\/\/www.gcaudron.com\/index.php?rest_route=\/wp\/v2\/pages\/5809","targetHints":{"allow":["GET"]}}],"collection":[{"href":"http:\/\/www.gcaudron.com\/index.php?rest_route=\/wp\/v2\/pages"}],"about":[{"href":"http:\/\/www.gcaudron.com\/index.php?rest_route=\/wp\/v2\/types\/page"}],"author":[{"embeddable":true,"href":"http:\/\/www.gcaudron.com\/index.php?rest_route=\/wp\/v2\/users\/3"}],"replies":[{"embeddable":true,"href":"http:\/\/www.gcaudron.com\/index.php?rest_route=%2Fwp%2Fv2%2Fcomments&post=5809"}],"version-history":[{"count":1,"href":"http:\/\/www.gcaudron.com\/index.php?rest_route=\/wp\/v2\/pages\/5809\/revisions"}],"predecessor-version":[{"id":5810,"href":"http:\/\/www.gcaudron.com\/index.php?rest_route=\/wp\/v2\/pages\/5809\/revisions\/5810"}],"up":[{"embeddable":true,"href":"http:\/\/www.gcaudron.com\/index.php?rest_route=\/wp\/v2\/pages\/1021"}],"wp:attachment":[{"href":"http:\/\/www.gcaudron.com\/index.php?rest_route=%2Fwp%2Fv2%2Fmedia&parent=5809"}],"curies":[{"name":"wp","href":"https:\/\/api.w.org\/{rel}","templated":true}]}}