{"id":5807,"date":"2017-10-31T01:41:58","date_gmt":"2017-10-31T00:41:58","guid":{"rendered":"http:\/\/www.gcaudron.com\/?page_id=5807"},"modified":"2017-10-31T01:41:58","modified_gmt":"2017-10-31T00:41:58","slug":"legion-dhonneur","status":"publish","type":"page","link":"http:\/\/www.gcaudron.com\/?page_id=5807","title":{"rendered":"L\u00c9GION D\u2019HONNEUR"},"content":{"rendered":"<p>Nous sommes en plein mois d\u2019ao\u00fbt 2004. Je suis en Ard\u00e8che, en vacances, allong\u00e9 au bord d\u2019une piscine avec mon \u00e9pouse et mes enfants.<\/p>\n<p>&nbsp;<\/p>\n<p>Mon portable sonne : \u00ab Allo, ici c\u2019est le Commandant M&#8230; des Renseignements G\u00e9n\u00e9raux de Lille\u2026 Vous avez \u00e9t\u00e9 propos\u00e9 pour \u00eatre promu au grade de Chevalier de la L\u00e9gion d\u2019Honneur. J\u2019ai mon rapport \u00e0 terminer dans de tr\u00e8s brefs d\u00e9lais.<\/p>\n<p>&nbsp;<\/p>\n<p>Je dois donc vous voir\u2026 tr\u00e8s rapidement\u2026 \u00bb<\/p>\n<p>&nbsp;<\/p>\n<p>Ce cher homme n\u2019ira heureusement pas jusqu\u2019\u00e0 me faire \u00e9courter nos vacances, mais rendez-vous est pris pour le tout d\u00e9but du mois de septembre.<\/p>\n<p>&nbsp;<\/p>\n<p>Je confesse que je ne suis pas un \u201cfou des distinctions\u201d mais j\u2019avoue que la perspective d\u2019une l\u00e9gion d\u2019honneur ne me laissa pas, alors, indiff\u00e9rent.<\/p>\n<p>&nbsp;<\/p>\n<p>J\u2019imaginais le plaisir de mes amis et la t\u00eate des autres. Je me voyais d\u00e9j\u00e0 y associer tous les villeneuvois.<\/p>\n<p>&nbsp;<\/p>\n<p>C\u2019est donc ainsi que je passais d\u00e9but septembre 2004, un peu plus d\u2019une heure dans le bureau du Comandant M&#8230; Il n\u2019y avait ensuite plus qu\u2019\u00e0 attendre la fin d\u00e9cembre. J\u2019ai m\u00eame, le 31, consult\u00e9 le site internet de la L\u00e9gion d\u2019Honneur.<\/p>\n<p>&nbsp;<\/p>\n<p>J\u2019y ai lu bien des noms, dont celui du Maire socialiste de Wattrelos, tous plus m\u00e9ritants les uns que les autres&#8230; mais pas le mien !<\/p>\n<p>&nbsp;<\/p>\n<p>Je reste aujourd\u2019hui un des rares hommes politiques, arriv\u00e9 en \u201cfin d\u2019apr\u00e8s midi\u201d de sa carri\u00e8re, qui n\u2019aura jamais fait l\u2019objet d\u2019une distinction officielle de quelque nature que ce soit.<\/p>\n<p>&nbsp;<\/p>\n<p>Je ne m\u2019en porte pas plus mal pour autant.71<\/p>\n","protected":false},"excerpt":{"rendered":"<p>Nous sommes en plein mois d\u2019ao\u00fbt 2004. Je suis en Ard\u00e8che, en vacances, allong\u00e9 au bord d\u2019une piscine avec mon \u00e9pouse et mes enfants. &nbsp; Mon portable sonne : \u00ab Allo, ici c\u2019est le Commandant M&#8230; des Renseignements G\u00e9n\u00e9raux de Lille\u2026 Vous avez \u00e9t\u00e9 propos\u00e9 pour \u00eatre promu au grade de Chevalier de la L\u00e9gion &hellip; <\/p>\n<p><a class=\"more-link btn\" href=\"http:\/\/www.gcaudron.com\/?page_id=5807\">Continue reading<\/a><\/p>\n","protected":false},"author":3,"featured_media":0,"parent":1021,"menu_order":71,"comment_status":"closed","ping_status":"closed","template":"","meta":{"footnotes":""},"class_list":["post-5807","page","type-page","status-publish","hentry","nodate","item-wrap"],"_links":{"self":[{"href":"http:\/\/www.gcaudron.com\/index.php?rest_route=\/wp\/v2\/pages\/5807","targetHints":{"allow":["GET"]}}],"collection":[{"href":"http:\/\/www.gcaudron.com\/index.php?rest_route=\/wp\/v2\/pages"}],"about":[{"href":"http:\/\/www.gcaudron.com\/index.php?rest_route=\/wp\/v2\/types\/page"}],"author":[{"embeddable":true,"href":"http:\/\/www.gcaudron.com\/index.php?rest_route=\/wp\/v2\/users\/3"}],"replies":[{"embeddable":true,"href":"http:\/\/www.gcaudron.com\/index.php?rest_route=%2Fwp%2Fv2%2Fcomments&post=5807"}],"version-history":[{"count":1,"href":"http:\/\/www.gcaudron.com\/index.php?rest_route=\/wp\/v2\/pages\/5807\/revisions"}],"predecessor-version":[{"id":5808,"href":"http:\/\/www.gcaudron.com\/index.php?rest_route=\/wp\/v2\/pages\/5807\/revisions\/5808"}],"up":[{"embeddable":true,"href":"http:\/\/www.gcaudron.com\/index.php?rest_route=\/wp\/v2\/pages\/1021"}],"wp:attachment":[{"href":"http:\/\/www.gcaudron.com\/index.php?rest_route=%2Fwp%2Fv2%2Fmedia&parent=5807"}],"curies":[{"name":"wp","href":"https:\/\/api.w.org\/{rel}","templated":true}]}}