{"id":5805,"date":"2017-10-31T01:41:21","date_gmt":"2017-10-31T00:41:21","guid":{"rendered":"http:\/\/www.gcaudron.com\/?page_id=5805"},"modified":"2017-10-31T01:41:21","modified_gmt":"2017-10-31T00:41:21","slug":"le-pen-jean-marie","status":"publish","type":"page","link":"http:\/\/www.gcaudron.com\/?page_id=5805","title":{"rendered":"LE PEN JEAN MARIE"},"content":{"rendered":"<p>Tout le monde conna\u00eet le \u201cpersonnage\u201d.<\/p>\n<p>&nbsp;<\/p>\n<p>Quelques uns l\u2019admirent,\u2026 la plupart le ha\u00efssent.<\/p>\n<p>&nbsp;<\/p>\n<p>Je me souviens de \u201cma premi\u00e8re fois\u201d !<\/p>\n<p>&nbsp;<\/p>\n<p>Il \u00e9tait sur l\u2019autre aile de l\u2019h\u00e9micycle du Parlement europ\u00e9en, et m\u00eame si je n\u2019ai jamais eu l\u2019occasion de fixer un crotale, j\u2019ai eu, ce jour-l\u00e0, l\u2019impression d\u2019en regarder un.<\/p>\n","protected":false},"excerpt":{"rendered":"<p>Tout le monde conna\u00eet le \u201cpersonnage\u201d. &nbsp; Quelques uns l\u2019admirent,\u2026 la plupart le ha\u00efssent. &nbsp; Je me souviens de \u201cma premi\u00e8re fois\u201d ! &nbsp; Il \u00e9tait sur l\u2019autre aile de l\u2019h\u00e9micycle du Parlement europ\u00e9en, et m\u00eame si je n\u2019ai jamais eu l\u2019occasion de fixer un crotale, j\u2019ai eu, ce jour-l\u00e0, l\u2019impression d\u2019en regarder un.<\/p>\n","protected":false},"author":3,"featured_media":0,"parent":1021,"menu_order":70,"comment_status":"closed","ping_status":"closed","template":"","meta":{"footnotes":""},"class_list":["post-5805","page","type-page","status-publish","hentry","nodate","item-wrap"],"_links":{"self":[{"href":"http:\/\/www.gcaudron.com\/index.php?rest_route=\/wp\/v2\/pages\/5805","targetHints":{"allow":["GET"]}}],"collection":[{"href":"http:\/\/www.gcaudron.com\/index.php?rest_route=\/wp\/v2\/pages"}],"about":[{"href":"http:\/\/www.gcaudron.com\/index.php?rest_route=\/wp\/v2\/types\/page"}],"author":[{"embeddable":true,"href":"http:\/\/www.gcaudron.com\/index.php?rest_route=\/wp\/v2\/users\/3"}],"replies":[{"embeddable":true,"href":"http:\/\/www.gcaudron.com\/index.php?rest_route=%2Fwp%2Fv2%2Fcomments&post=5805"}],"version-history":[{"count":1,"href":"http:\/\/www.gcaudron.com\/index.php?rest_route=\/wp\/v2\/pages\/5805\/revisions"}],"predecessor-version":[{"id":5806,"href":"http:\/\/www.gcaudron.com\/index.php?rest_route=\/wp\/v2\/pages\/5805\/revisions\/5806"}],"up":[{"embeddable":true,"href":"http:\/\/www.gcaudron.com\/index.php?rest_route=\/wp\/v2\/pages\/1021"}],"wp:attachment":[{"href":"http:\/\/www.gcaudron.com\/index.php?rest_route=%2Fwp%2Fv2%2Fmedia&parent=5805"}],"curies":[{"name":"wp","href":"https:\/\/api.w.org\/{rel}","templated":true}]}}