{"id":5803,"date":"2017-10-31T01:40:39","date_gmt":"2017-10-31T00:40:39","guid":{"rendered":"http:\/\/www.gcaudron.com\/?page_id=5803"},"modified":"2017-10-31T01:40:39","modified_gmt":"2017-10-31T00:40:39","slug":"laon-chef-lieu-du-departement-de-laisne","status":"publish","type":"page","link":"http:\/\/www.gcaudron.com\/?page_id=5803","title":{"rendered":"LAON, CHEF LIEU DU D\u00c9PARTEMENT DE L\u2019AISNE"},"content":{"rendered":"<p><strong>LAON\u00a0<\/strong>est une magnifique petite cit\u00e9 f\u00e9odale picarde dont les remparts couronnent une colline baptis\u00e9e montagne.<\/p>\n<p>&nbsp;<\/p>\n<p>Ancien \u00e9v\u00each\u00e9, orn\u00e9e d\u2019une magnifique cath\u00e9drale gothique et parsem\u00e9e d\u2019\u00e9difices religieux, elle fut aussi, \u00e0 port\u00e9e de regard du \u00ab Chemin des Dames \u00bb, une ville de garnison bien connue\u2026<\/p>\n<p>&nbsp;<\/p>\n<p>LAON fut la ville de ma jeunesse : de l\u2019\u00e9cole de gar\u00e7ons \u00e0 la Tr\u00e9sorerie G\u00e9n\u00e9rale, en passant par le lyc\u00e9e de gar\u00e7ons o\u00f9 j\u2019ai eu mon baccalaur\u00e9at math\u00e9matique.<\/p>\n<p>&nbsp;<\/p>\n<p>J\u2019y retourne souvent en allant voir mon p\u00e8re, moments toujours propices \u00e0 se replonger dans le pass\u00e9 par une balade sur ses remparts, une promenade dans ses ruelles et sans oublier une halte dans cette merveilleuse petite Chapelle des Templiers avec un gisant \u201ctransi\u201d (le seul en France) qu\u2019on ne peut pas oublier une fois qu\u2019on l\u2019a contempl\u00e9.<\/p>\n","protected":false},"excerpt":{"rendered":"<p>LAON\u00a0est une magnifique petite cit\u00e9 f\u00e9odale picarde dont les remparts couronnent une colline baptis\u00e9e montagne. &nbsp; Ancien \u00e9v\u00each\u00e9, orn\u00e9e d\u2019une magnifique cath\u00e9drale gothique et parsem\u00e9e d\u2019\u00e9difices religieux, elle fut aussi, \u00e0 port\u00e9e de regard du \u00ab Chemin des Dames \u00bb, une ville de garnison bien connue\u2026 &nbsp; LAON fut la ville de ma jeunesse : &hellip; <\/p>\n<p><a class=\"more-link btn\" href=\"http:\/\/www.gcaudron.com\/?page_id=5803\">Continue reading<\/a><\/p>\n","protected":false},"author":3,"featured_media":0,"parent":1021,"menu_order":69,"comment_status":"closed","ping_status":"closed","template":"","meta":{"footnotes":""},"class_list":["post-5803","page","type-page","status-publish","hentry","nodate","item-wrap"],"_links":{"self":[{"href":"http:\/\/www.gcaudron.com\/index.php?rest_route=\/wp\/v2\/pages\/5803","targetHints":{"allow":["GET"]}}],"collection":[{"href":"http:\/\/www.gcaudron.com\/index.php?rest_route=\/wp\/v2\/pages"}],"about":[{"href":"http:\/\/www.gcaudron.com\/index.php?rest_route=\/wp\/v2\/types\/page"}],"author":[{"embeddable":true,"href":"http:\/\/www.gcaudron.com\/index.php?rest_route=\/wp\/v2\/users\/3"}],"replies":[{"embeddable":true,"href":"http:\/\/www.gcaudron.com\/index.php?rest_route=%2Fwp%2Fv2%2Fcomments&post=5803"}],"version-history":[{"count":1,"href":"http:\/\/www.gcaudron.com\/index.php?rest_route=\/wp\/v2\/pages\/5803\/revisions"}],"predecessor-version":[{"id":5804,"href":"http:\/\/www.gcaudron.com\/index.php?rest_route=\/wp\/v2\/pages\/5803\/revisions\/5804"}],"up":[{"embeddable":true,"href":"http:\/\/www.gcaudron.com\/index.php?rest_route=\/wp\/v2\/pages\/1021"}],"wp:attachment":[{"href":"http:\/\/www.gcaudron.com\/index.php?rest_route=%2Fwp%2Fv2%2Fmedia&parent=5803"}],"curies":[{"name":"wp","href":"https:\/\/api.w.org\/{rel}","templated":true}]}}