{"id":5799,"date":"2017-10-31T01:39:21","date_gmt":"2017-10-31T00:39:21","guid":{"rendered":"http:\/\/www.gcaudron.com\/?page_id=5799"},"modified":"2017-10-31T01:39:21","modified_gmt":"2017-10-31T00:39:21","slug":"lang-jack","status":"publish","type":"page","link":"http:\/\/www.gcaudron.com\/?page_id=5799","title":{"rendered":"LANG JACK"},"content":{"rendered":"<p>\u201cS\u2019il n\u2019existait pas, il faudrait l\u2019inventer\u201d et si la politique \u00e9tait un jeu t\u00e9l\u00e9vis\u00e9, il serait, c\u2019est s\u00fbr, \u00e9lu Pr\u00e9sident de la R\u00e9publique.<\/p>\n<p>&nbsp;<\/p>\n<p>Qui pourrait dire qu\u2019il n\u2019est pas sympathique ?<\/p>\n<p>&nbsp;<\/p>\n<p>J\u2019ajoute qu\u2019en 2007 et quoiqu\u2019on puisse penser de lui par ailleurs, sa candidature n\u2019a rien d\u2019invraisemblable et son \u00e9lection ne ressortirait pas du domaine du fantasme.<\/p>\n<p>&nbsp;<\/p>\n<p>Que faut-il en conclure ? \u00e0 chacun de juger !<\/p>\n","protected":false},"excerpt":{"rendered":"<p>\u201cS\u2019il n\u2019existait pas, il faudrait l\u2019inventer\u201d et si la politique \u00e9tait un jeu t\u00e9l\u00e9vis\u00e9, il serait, c\u2019est s\u00fbr, \u00e9lu Pr\u00e9sident de la R\u00e9publique. &nbsp; Qui pourrait dire qu\u2019il n\u2019est pas sympathique ? &nbsp; J\u2019ajoute qu\u2019en 2007 et quoiqu\u2019on puisse penser de lui par ailleurs, sa candidature n\u2019a rien d\u2019invraisemblable et son \u00e9lection ne ressortirait pas &hellip; <\/p>\n<p><a class=\"more-link btn\" href=\"http:\/\/www.gcaudron.com\/?page_id=5799\">Continue reading<\/a><\/p>\n","protected":false},"author":3,"featured_media":0,"parent":1021,"menu_order":67,"comment_status":"closed","ping_status":"closed","template":"","meta":{"footnotes":""},"class_list":["post-5799","page","type-page","status-publish","hentry","nodate","item-wrap"],"_links":{"self":[{"href":"http:\/\/www.gcaudron.com\/index.php?rest_route=\/wp\/v2\/pages\/5799","targetHints":{"allow":["GET"]}}],"collection":[{"href":"http:\/\/www.gcaudron.com\/index.php?rest_route=\/wp\/v2\/pages"}],"about":[{"href":"http:\/\/www.gcaudron.com\/index.php?rest_route=\/wp\/v2\/types\/page"}],"author":[{"embeddable":true,"href":"http:\/\/www.gcaudron.com\/index.php?rest_route=\/wp\/v2\/users\/3"}],"replies":[{"embeddable":true,"href":"http:\/\/www.gcaudron.com\/index.php?rest_route=%2Fwp%2Fv2%2Fcomments&post=5799"}],"version-history":[{"count":1,"href":"http:\/\/www.gcaudron.com\/index.php?rest_route=\/wp\/v2\/pages\/5799\/revisions"}],"predecessor-version":[{"id":5800,"href":"http:\/\/www.gcaudron.com\/index.php?rest_route=\/wp\/v2\/pages\/5799\/revisions\/5800"}],"up":[{"embeddable":true,"href":"http:\/\/www.gcaudron.com\/index.php?rest_route=\/wp\/v2\/pages\/1021"}],"wp:attachment":[{"href":"http:\/\/www.gcaudron.com\/index.php?rest_route=%2Fwp%2Fv2%2Fmedia&parent=5799"}],"curies":[{"name":"wp","href":"https:\/\/api.w.org\/{rel}","templated":true}]}}