{"id":5797,"date":"2017-10-31T01:38:38","date_gmt":"2017-10-31T00:38:38","guid":{"rendered":"http:\/\/www.gcaudron.com\/?page_id=5797"},"modified":"2017-10-31T01:38:38","modified_gmt":"2017-10-31T00:38:38","slug":"laicite","status":"publish","type":"page","link":"http:\/\/www.gcaudron.com\/?page_id=5797","title":{"rendered":"LA\u00cfCIT\u00c9"},"content":{"rendered":"<p>Contrairement \u00e0 ce que disent ses adversaires, la La\u00efcit\u00e9 n\u2019est pas une philosophie dirig\u00e9e contre le droit de chacun de pratiquer une religion ou de ne pas en pratiquer.<\/p>\n<p>&nbsp;<\/p>\n<p>C\u2019est au contraire un ensemble de principes et de valeurs qui, pour permettre le respect des droits de chacun, s\u2019impose aux institutions et aux r\u00e8gles d\u2019organisation des pouvoirs publics.<\/p>\n<p>&nbsp;<\/p>\n<p>Dans un monde o\u00f9 les cultures se m\u00e9langent et o\u00f9 les religions doivent cohabiter, le seul moyen pour tous les citoyens de pouvoir vivre ensemble c\u2019est la la\u00efcit\u00e9\u00a0!<\/p>\n<p>&nbsp;<\/p>\n<p>La R\u00e9publique fran\u00e7aise s\u2019affirme la\u00efque et nous fran\u00e7ais, en sommes fiers. Mais l\u2019Europe, dans laquelle notre R\u00e9publique se fond, sinon se dissout progressivement ne sera, que si elle est la\u00efque\u00a0! la multiplicit\u00e9 des peuples qui la composent et qui la composeront avec leurs diff\u00e9rences ethniques, culturelles, religieuses et philosophiques impose un fonctionnement de tous les pouvoirs publics sur la base et au nom des valeurs la\u00efques.<\/p>\n<p>&nbsp;<\/p>\n<p>Sinon, et chacun s\u2019en rend d\u00e9j\u00e0 compte aujourd\u2019hui, un jour viendra o\u00f9 \u00ab\u00a0le bel ensemble\u00a0\u00bb explosera apr\u00e8s s\u2019\u00eatre communautaris\u00e9.<\/p>\n<p>&nbsp;<\/p>\n<p><strong>Que Vive donc la la\u00efcit\u00e9\u00a0!<\/strong><\/p>\n","protected":false},"excerpt":{"rendered":"<p>Contrairement \u00e0 ce que disent ses adversaires, la La\u00efcit\u00e9 n\u2019est pas une philosophie dirig\u00e9e contre le droit de chacun de pratiquer une religion ou de ne pas en pratiquer. &nbsp; C\u2019est au contraire un ensemble de principes et de valeurs qui, pour permettre le respect des droits de chacun, s\u2019impose aux institutions et aux r\u00e8gles &hellip; <\/p>\n<p><a class=\"more-link btn\" href=\"http:\/\/www.gcaudron.com\/?page_id=5797\">Continue reading<\/a><\/p>\n","protected":false},"author":3,"featured_media":0,"parent":1021,"menu_order":66,"comment_status":"closed","ping_status":"closed","template":"","meta":{"footnotes":""},"class_list":["post-5797","page","type-page","status-publish","hentry","nodate","item-wrap"],"_links":{"self":[{"href":"http:\/\/www.gcaudron.com\/index.php?rest_route=\/wp\/v2\/pages\/5797","targetHints":{"allow":["GET"]}}],"collection":[{"href":"http:\/\/www.gcaudron.com\/index.php?rest_route=\/wp\/v2\/pages"}],"about":[{"href":"http:\/\/www.gcaudron.com\/index.php?rest_route=\/wp\/v2\/types\/page"}],"author":[{"embeddable":true,"href":"http:\/\/www.gcaudron.com\/index.php?rest_route=\/wp\/v2\/users\/3"}],"replies":[{"embeddable":true,"href":"http:\/\/www.gcaudron.com\/index.php?rest_route=%2Fwp%2Fv2%2Fcomments&post=5797"}],"version-history":[{"count":1,"href":"http:\/\/www.gcaudron.com\/index.php?rest_route=\/wp\/v2\/pages\/5797\/revisions"}],"predecessor-version":[{"id":5798,"href":"http:\/\/www.gcaudron.com\/index.php?rest_route=\/wp\/v2\/pages\/5797\/revisions\/5798"}],"up":[{"embeddable":true,"href":"http:\/\/www.gcaudron.com\/index.php?rest_route=\/wp\/v2\/pages\/1021"}],"wp:attachment":[{"href":"http:\/\/www.gcaudron.com\/index.php?rest_route=%2Fwp%2Fv2%2Fmedia&parent=5797"}],"curies":[{"name":"wp","href":"https:\/\/api.w.org\/{rel}","templated":true}]}}