{"id":5795,"date":"2017-10-31T01:36:39","date_gmt":"2017-10-31T00:36:39","guid":{"rendered":"http:\/\/www.gcaudron.com\/?page_id=5795"},"modified":"2017-10-31T01:36:39","modified_gmt":"2017-10-31T00:36:39","slug":"laguiller-arlette","status":"publish","type":"page","link":"http:\/\/www.gcaudron.com\/?page_id=5795","title":{"rendered":"LAGUILLER ARLETTE"},"content":{"rendered":"<p>J\u2019avais d\u2019elle l\u2019image classique et le souvenir de ses cinq campagnes pr\u00e9sidentielles ponctu\u00e9es de : \u00ab\u00a0travailleuses, travailleurs !\u00a0\u00bb\u2026<\/p>\n<p>&nbsp;<\/p>\n<p>Arlette, l\u2019ouvri\u00e8re, \u00e9grenant une litanie aux accents un peu d\u00e9suets au temps o\u00f9 la croissance et l\u2019emploi \u00e9taient l\u00e0, qui donnaient \u00e0 chacun l\u2019espoir individuel de jours meilleurs.<\/p>\n<p>&nbsp;<\/p>\n<p>Elle s\u2019est, avec la crise, retrouv\u00e9e en symbiose avec la nouvelle mis\u00e8re et ses victimes et elle est entr\u00e9e en duo avec Alain KRIVINE au Parlement europ\u00e9en en 1999.<\/p>\n<p>&nbsp;<\/p>\n<p>D\u2019un c\u00f4t\u00e9 avec Lutte Ouvri\u00e8re, de l\u2019autre avec la Ligue Communiste R\u00e9volutionnaire et de leur part, comme de celle de leurs camarades, on aura pendant 5 ans au Parlement europ\u00e9en des interventions muscl\u00e9es et d\u00e9tonantes par rapport aux autres discours ambiants. Mais au Parlement, pas tr\u00e8s loin d\u2019elle, j\u2019ai surtout d\u00e9couvert une femme souriante, amicale et p\u00e9tillante de malice.<\/p>\n<p>&nbsp;<\/p>\n<p><strong>En 2004<\/strong>, son partenariat avec Olivier BESANCENOT ne suffira pas \u00e0 la faire revenir \u00e0<\/p>\n<p>Strasbourg.\u00a0<strong>Il faut dire que le nouveau scrutin europ\u00e9en\u00a0<\/strong>avait pour premier objectif de permettre \u00e0 l\u2019UMP et au PS de \u201crafler la mise\u201d\u2026 (seul l\u2019UDF de Fran\u00e7ois BAYROU r\u00e9ussira \u00e0 tirer son \u00e9pingle du jeu) C\u2019est d\u2019ailleurs ce qui a permis au Parti socialiste d\u2019\u00eatre la premi\u00e8re d\u00e9l\u00e9gation en nombre au PS Europ\u00e9en et ce, pour la premi\u00e8re fois. Ce qui n\u2019a pas emp\u00each\u00e9, d\u2019ailleurs, son isolement et sa sous repr\u00e9sentation dans les instances dirigeantes parlementaires europ\u00e9ennes.<\/p>\n<p>&nbsp;<\/p>\n<p>La repr\u00e9sentation socialiste fran\u00e7aise au parlement europ\u00e9en est plus importante, mais pas beaucoup plus influente.<\/p>\n<p>&nbsp;<\/p>\n<p>C\u2019est le moins qu\u2019on puisse dire\u2026 Et les campagnes l\u00e9gislatives qui s\u2019annoncent en France en 2007 pour un bon nombre d\u2019entre eux n\u2019arrangeront rien.<\/p>\n","protected":false},"excerpt":{"rendered":"<p>J\u2019avais d\u2019elle l\u2019image classique et le souvenir de ses cinq campagnes pr\u00e9sidentielles ponctu\u00e9es de : \u00ab\u00a0travailleuses, travailleurs !\u00a0\u00bb\u2026 &nbsp; Arlette, l\u2019ouvri\u00e8re, \u00e9grenant une litanie aux accents un peu d\u00e9suets au temps o\u00f9 la croissance et l\u2019emploi \u00e9taient l\u00e0, qui donnaient \u00e0 chacun l\u2019espoir individuel de jours meilleurs. &nbsp; Elle s\u2019est, avec la crise, retrouv\u00e9e en &hellip; <\/p>\n<p><a class=\"more-link btn\" href=\"http:\/\/www.gcaudron.com\/?page_id=5795\">Continue reading<\/a><\/p>\n","protected":false},"author":3,"featured_media":0,"parent":1021,"menu_order":65,"comment_status":"closed","ping_status":"closed","template":"","meta":{"footnotes":""},"class_list":["post-5795","page","type-page","status-publish","hentry","nodate","item-wrap"],"_links":{"self":[{"href":"http:\/\/www.gcaudron.com\/index.php?rest_route=\/wp\/v2\/pages\/5795","targetHints":{"allow":["GET"]}}],"collection":[{"href":"http:\/\/www.gcaudron.com\/index.php?rest_route=\/wp\/v2\/pages"}],"about":[{"href":"http:\/\/www.gcaudron.com\/index.php?rest_route=\/wp\/v2\/types\/page"}],"author":[{"embeddable":true,"href":"http:\/\/www.gcaudron.com\/index.php?rest_route=\/wp\/v2\/users\/3"}],"replies":[{"embeddable":true,"href":"http:\/\/www.gcaudron.com\/index.php?rest_route=%2Fwp%2Fv2%2Fcomments&post=5795"}],"version-history":[{"count":1,"href":"http:\/\/www.gcaudron.com\/index.php?rest_route=\/wp\/v2\/pages\/5795\/revisions"}],"predecessor-version":[{"id":5796,"href":"http:\/\/www.gcaudron.com\/index.php?rest_route=\/wp\/v2\/pages\/5795\/revisions\/5796"}],"up":[{"embeddable":true,"href":"http:\/\/www.gcaudron.com\/index.php?rest_route=\/wp\/v2\/pages\/1021"}],"wp:attachment":[{"href":"http:\/\/www.gcaudron.com\/index.php?rest_route=%2Fwp%2Fv2%2Fmedia&parent=5795"}],"curies":[{"name":"wp","href":"https:\/\/api.w.org\/{rel}","templated":true}]}}