{"id":5793,"date":"2017-10-31T01:36:10","date_gmt":"2017-10-31T00:36:10","guid":{"rendered":"http:\/\/www.gcaudron.com\/?page_id=5793"},"modified":"2017-10-31T01:36:10","modified_gmt":"2017-10-31T00:36:10","slug":"kyoto-le-protocole-de","status":"publish","type":"page","link":"http:\/\/www.gcaudron.com\/?page_id=5793","title":{"rendered":"KYOTO (LE PROTOCOLE DE)"},"content":{"rendered":"<p><strong>A Kyoto le monde avait sembl\u00e9 d\u00e9couvrir les p\u00e9rils\u00a0<\/strong>qui menacent notre plan\u00e8te.<\/p>\n<p><strong>\u00a0<\/strong><\/p>\n<p>On s\u2019est donc fix\u00e9 des objectifs raisonn\u00e9s sinon trop raisonnables pour y faire face et\u00a0<strong>on y a m\u00eame sign\u00e9 un protocole\u00a0<\/strong>qui porte son nom.<\/p>\n<p><strong>\u00a0<\/strong><\/p>\n<p>Ceci \u00e9tant fait, la plus grande puissance du monde, les Etats-Unis, s\u2019est dite \u201cnon concern\u00e9e\u201d, la Chine et l\u2019Inde ont suivi.<\/p>\n<p>&nbsp;<\/p>\n<p>Les autres pays \u00e9mergeants ont grommel\u00e9 : \u00ab\u00a0que les riches et les puissants donnent l\u2019exemple d\u2019abord !\u00a0\u00bb et ils se sont occup\u00e9s de leur croissance sans se pr\u00e9occuper de ses cons\u00e9quences environnementales.<\/p>\n<p>&nbsp;<\/p>\n<p>On a m\u00eame commenc\u00e9 \u00e0 se vendre un peu partout des \u201cdroits \u00e0 polluer\u201d. C\u2019est un commerce tr\u00e8s florissant et ind\u00e9cent !<\/p>\n<p>&nbsp;<\/p>\n<p><strong>Dans les ann\u00e9es 60\u00a0<\/strong>un film avait fait fr\u00e9mir la jeunesse de l\u2019\u00e9poque. Il s\u2019appelait \u00ab Soleil vert \u00bb mais on l\u2019a vite oubli\u00e9 dans l\u2019euphorie du \u201ctoujours plus\u201d et du bonheur \u201cc\u2019est pour demain\u201d.<\/p>\n<p>&nbsp;<\/p>\n<p><strong>Le 21\u00e8me\u00a0si\u00e8cle\u00a0<\/strong>finissant en sera pourtant la triste r\u00e9alisation si rien n\u2019est fait d\u2019ici l\u00e0.<\/p>\n<p>Le commandant Cousteau, et Alain Bombard l\u2019ont dit, Hubert Reeves et Nicolas Hulot le r\u00e9p\u00e8tent\u2026<\/p>\n<p>&nbsp;<\/p>\n<p>On les entend mais on ne les \u00e9coute pas.<\/p>\n","protected":false},"excerpt":{"rendered":"<p>A Kyoto le monde avait sembl\u00e9 d\u00e9couvrir les p\u00e9rils\u00a0qui menacent notre plan\u00e8te. \u00a0 On s\u2019est donc fix\u00e9 des objectifs raisonn\u00e9s sinon trop raisonnables pour y faire face et\u00a0on y a m\u00eame sign\u00e9 un protocole\u00a0qui porte son nom. \u00a0 Ceci \u00e9tant fait, la plus grande puissance du monde, les Etats-Unis, s\u2019est dite \u201cnon concern\u00e9e\u201d, la Chine &hellip; <\/p>\n<p><a class=\"more-link btn\" href=\"http:\/\/www.gcaudron.com\/?page_id=5793\">Continue reading<\/a><\/p>\n","protected":false},"author":3,"featured_media":0,"parent":1021,"menu_order":64,"comment_status":"closed","ping_status":"closed","template":"","meta":{"footnotes":""},"class_list":["post-5793","page","type-page","status-publish","hentry","nodate","item-wrap"],"_links":{"self":[{"href":"http:\/\/www.gcaudron.com\/index.php?rest_route=\/wp\/v2\/pages\/5793","targetHints":{"allow":["GET"]}}],"collection":[{"href":"http:\/\/www.gcaudron.com\/index.php?rest_route=\/wp\/v2\/pages"}],"about":[{"href":"http:\/\/www.gcaudron.com\/index.php?rest_route=\/wp\/v2\/types\/page"}],"author":[{"embeddable":true,"href":"http:\/\/www.gcaudron.com\/index.php?rest_route=\/wp\/v2\/users\/3"}],"replies":[{"embeddable":true,"href":"http:\/\/www.gcaudron.com\/index.php?rest_route=%2Fwp%2Fv2%2Fcomments&post=5793"}],"version-history":[{"count":1,"href":"http:\/\/www.gcaudron.com\/index.php?rest_route=\/wp\/v2\/pages\/5793\/revisions"}],"predecessor-version":[{"id":5794,"href":"http:\/\/www.gcaudron.com\/index.php?rest_route=\/wp\/v2\/pages\/5793\/revisions\/5794"}],"up":[{"embeddable":true,"href":"http:\/\/www.gcaudron.com\/index.php?rest_route=\/wp\/v2\/pages\/1021"}],"wp:attachment":[{"href":"http:\/\/www.gcaudron.com\/index.php?rest_route=%2Fwp%2Fv2%2Fmedia&parent=5793"}],"curies":[{"name":"wp","href":"https:\/\/api.w.org\/{rel}","templated":true}]}}