{"id":5787,"date":"2017-10-31T01:33:47","date_gmt":"2017-10-31T00:33:47","guid":{"rendered":"http:\/\/www.gcaudron.com\/?page_id=5787"},"modified":"2017-10-31T01:33:47","modified_gmt":"2017-10-31T00:33:47","slug":"le-journal-citoyen","status":"publish","type":"page","link":"http:\/\/www.gcaudron.com\/?page_id=5787","title":{"rendered":"(LE) JOURNAL CITOYEN"},"content":{"rendered":"<p>Sur minitel puis sur internet, ce sont plus de sept mille pages qui ont \u00e9t\u00e9 \u00e9crites \u201cde ma main\u201d et plus de 220 000 lecteurs en 16 ans.<\/p>\n<p>&nbsp;<\/p>\n<p>C\u2019est un exemple,\u00a0<strong>sans doute unique<\/strong>, de communication quotidienne de la part d\u2019un \u00e9lu europ\u00e9en doubl\u00e9 d\u2019un citoyen.<\/p>\n<p>&nbsp;<\/p>\n<p>Sur\u00a0<a href=\"http:\/\/www.citoyendeurope.org\">http:\/\/www.citoyendeurope.org<\/a>\u00a0, il y a presque tous les jours quelque chose de nouveau.<\/p>\n","protected":false},"excerpt":{"rendered":"<p>Sur minitel puis sur internet, ce sont plus de sept mille pages qui ont \u00e9t\u00e9 \u00e9crites \u201cde ma main\u201d et plus de 220 000 lecteurs en 16 ans. &nbsp; C\u2019est un exemple,\u00a0sans doute unique, de communication quotidienne de la part d\u2019un \u00e9lu europ\u00e9en doubl\u00e9 d\u2019un citoyen. &nbsp; Sur\u00a0http:\/\/www.citoyendeurope.org\u00a0, il y a presque tous les jours &hellip; <\/p>\n<p><a class=\"more-link btn\" href=\"http:\/\/www.gcaudron.com\/?page_id=5787\">Continue reading<\/a><\/p>\n","protected":false},"author":3,"featured_media":0,"parent":1021,"menu_order":61,"comment_status":"closed","ping_status":"closed","template":"","meta":{"footnotes":""},"class_list":["post-5787","page","type-page","status-publish","hentry","nodate","item-wrap"],"_links":{"self":[{"href":"http:\/\/www.gcaudron.com\/index.php?rest_route=\/wp\/v2\/pages\/5787","targetHints":{"allow":["GET"]}}],"collection":[{"href":"http:\/\/www.gcaudron.com\/index.php?rest_route=\/wp\/v2\/pages"}],"about":[{"href":"http:\/\/www.gcaudron.com\/index.php?rest_route=\/wp\/v2\/types\/page"}],"author":[{"embeddable":true,"href":"http:\/\/www.gcaudron.com\/index.php?rest_route=\/wp\/v2\/users\/3"}],"replies":[{"embeddable":true,"href":"http:\/\/www.gcaudron.com\/index.php?rest_route=%2Fwp%2Fv2%2Fcomments&post=5787"}],"version-history":[{"count":1,"href":"http:\/\/www.gcaudron.com\/index.php?rest_route=\/wp\/v2\/pages\/5787\/revisions"}],"predecessor-version":[{"id":5788,"href":"http:\/\/www.gcaudron.com\/index.php?rest_route=\/wp\/v2\/pages\/5787\/revisions\/5788"}],"up":[{"embeddable":true,"href":"http:\/\/www.gcaudron.com\/index.php?rest_route=\/wp\/v2\/pages\/1021"}],"wp:attachment":[{"href":"http:\/\/www.gcaudron.com\/index.php?rest_route=%2Fwp%2Fv2%2Fmedia&parent=5787"}],"curies":[{"name":"wp","href":"https:\/\/api.w.org\/{rel}","templated":true}]}}