{"id":5785,"date":"2017-10-31T01:33:07","date_gmt":"2017-10-31T00:33:07","guid":{"rendered":"http:\/\/www.gcaudron.com\/?page_id=5785"},"modified":"2017-10-31T01:33:07","modified_gmt":"2017-10-31T00:33:07","slug":"jospin-lionel","status":"publish","type":"page","link":"http:\/\/www.gcaudron.com\/?page_id=5785","title":{"rendered":"JOSPIN LIONEL"},"content":{"rendered":"<p>C\u2019est un bien curieux personnage ce Lionel JOSPIN qui, comme on le dit en langage populaire, \u201cne rit que quand il se br\u00fble\u201d ! Et encore\u2026<\/p>\n<p>&nbsp;<\/p>\n<p>Je passe sur le premier secr\u00e9taire de Fran\u00e7ois Mitterrand plus transparent qu\u2019effac\u00e9, sur le moraliste rigoureux (il y a du Robespierre en lui, un Robespierre qui aurait surv\u00e9cu \u00e0 la R\u00e9volution et \u00e0 l\u2019Empire).<\/p>\n<p>&nbsp;<\/p>\n<p>Je me souviens avoir \u00e9t\u00e9 de ceux, qui, avec Pierre Mauroy, l\u2019ont convaincu de revenir en politique pour les Pr\u00e9sidentielles de 1995 et d\u2019une soir\u00e9e pass\u00e9e avec lui chez Martine Aubry pour en discuter.<\/p>\n<p>&nbsp;<\/p>\n<p>J\u2019ai souffert de voir plus tard, apr\u00e8s 1997, un Premier Ministre distant, p\u00e9tri d\u2019une haute consid\u00e9ration de son action qui ne supportait pas la critique d\u2019o\u00f9 qu\u2019elle vienne..<\/p>\n<p>&nbsp;<\/p>\n<p>Avant de quitter le PS en d\u00e9cembre 2001, j\u2019ai \u201cos\u00e9\u201d un petit mot pour lui demander son conseil.<\/p>\n<p>&nbsp;<\/p>\n<p>Je n\u2019ai pas eu de r\u00e9ponse\u2026<\/p>\n<p>&nbsp;<\/p>\n<p>Et puis il y a eu 2002 et son \u00e9chec dramatique aux Pr\u00e9sidentielles, un \u00e9chec\u00a0<strong>dont il est responsable en tant que chef.\u00a0<\/strong>Mais cette responsabilit\u00e9, il a su \u00e0 la fois la rejeter sur d\u2019autres \u00e0 gauche et la prendre sur lui en d\u00e9douanant ainsi ses amis du PS laissant de ce fait le \u201cpeuple de gauche\u201d seul au coeur de la bataille.<\/p>\n<p>&nbsp;<\/p>\n<p>Il ne restait plus \u00e0 ce peuple \u201cingrat\u201d, qui n\u2019avait pas compris les 35 heures, ni le million de ch\u00f4meurs en moins, que de voter pour Jacques Chirac en mai et r\u00e9\u00e9lire en juin la partie des d\u00e9put\u00e9s de gauche parmi les plus responsables de la catastrophe d\u2019avril\u2026.<\/p>\n<p>&nbsp;<\/p>\n<p>L\u2019auteur de la formule du \u201cdroit d\u2019inventaire\u201d, \u00e0 propos de celui \u00e0 qui il devait tout, aurait pu au moins prendre exemple sur lui : jamais Fran\u00e7ois Mitterrand n\u2019aurait d\u00e9sert\u00e9 les champs de bataille.<\/p>\n","protected":false},"excerpt":{"rendered":"<p>C\u2019est un bien curieux personnage ce Lionel JOSPIN qui, comme on le dit en langage populaire, \u201cne rit que quand il se br\u00fble\u201d ! Et encore\u2026 &nbsp; Je passe sur le premier secr\u00e9taire de Fran\u00e7ois Mitterrand plus transparent qu\u2019effac\u00e9, sur le moraliste rigoureux (il y a du Robespierre en lui, un Robespierre qui aurait surv\u00e9cu &hellip; <\/p>\n<p><a class=\"more-link btn\" href=\"http:\/\/www.gcaudron.com\/?page_id=5785\">Continue reading<\/a><\/p>\n","protected":false},"author":3,"featured_media":0,"parent":1021,"menu_order":60,"comment_status":"closed","ping_status":"closed","template":"","meta":{"footnotes":""},"class_list":["post-5785","page","type-page","status-publish","hentry","nodate","item-wrap"],"_links":{"self":[{"href":"http:\/\/www.gcaudron.com\/index.php?rest_route=\/wp\/v2\/pages\/5785","targetHints":{"allow":["GET"]}}],"collection":[{"href":"http:\/\/www.gcaudron.com\/index.php?rest_route=\/wp\/v2\/pages"}],"about":[{"href":"http:\/\/www.gcaudron.com\/index.php?rest_route=\/wp\/v2\/types\/page"}],"author":[{"embeddable":true,"href":"http:\/\/www.gcaudron.com\/index.php?rest_route=\/wp\/v2\/users\/3"}],"replies":[{"embeddable":true,"href":"http:\/\/www.gcaudron.com\/index.php?rest_route=%2Fwp%2Fv2%2Fcomments&post=5785"}],"version-history":[{"count":1,"href":"http:\/\/www.gcaudron.com\/index.php?rest_route=\/wp\/v2\/pages\/5785\/revisions"}],"predecessor-version":[{"id":5786,"href":"http:\/\/www.gcaudron.com\/index.php?rest_route=\/wp\/v2\/pages\/5785\/revisions\/5786"}],"up":[{"embeddable":true,"href":"http:\/\/www.gcaudron.com\/index.php?rest_route=\/wp\/v2\/pages\/1021"}],"wp:attachment":[{"href":"http:\/\/www.gcaudron.com\/index.php?rest_route=%2Fwp%2Fv2%2Fmedia&parent=5785"}],"curies":[{"name":"wp","href":"https:\/\/api.w.org\/{rel}","templated":true}]}}